{"id":705103,"date":"2025-08-27T15:42:32","date_gmt":"2025-08-27T12:42:32","guid":{"rendered":"https:\/\/roveyayinevi.com.tr\/index.php\/urun\/sanat-sosyolojisi-giris\/"},"modified":"2026-04-16T02:13:59","modified_gmt":"2026-04-15T23:13:59","slug":"sanat-sosyolojisi-giris","status":"publish","type":"product","link":"https:\/\/roveyayinevi.com.tr\/index.php\/urun\/sanat-sosyolojisi-giris\/","title":{"rendered":"Sanat Sosyolojisi Giri\u015f"},"content":{"rendered":"<p>Bu yap\u0131t, sanat sosyolojisi konusuna giri\u015f niteli\u011findedir. Bu konu \u00fclkemizde de sosyologlar taraf\u0131ndan yeterince ele al\u0131nm\u0131\u015f ve ara\u015ft\u0131rmalara konu edinilmi\u015f de\u011fildir. Sanat\u0131n \u00e7e\u015fitli dallar\u0131 \u00fczerine e\u011filinmi\u015f; fakat sanat sosyolojisi nedense ihmal edilmi\u015ftir. Yaln\u0131zca \u00fclkemizde de\u011fil di\u011fer \u00fclkelerde de bu konu yeterince i\u015flenmemi\u015ftir. Bunun yan\u0131nda yeni bir sosyoloji dal\u0131 olmas\u0131n\u0131n da bunda rol\u00fc olabilir. Yap\u0131ttaki bilgilerin anla\u015f\u0131l\u0131r bir dille yaz\u0131lmas\u0131na \u00f6zen g\u00f6sterilmi\u015ftir. Sanat olgusuna toplumsal bak\u0131\u015f\u0131 getiren sanat sosyolojisi, ku\u015fkusuz, g\u00fczel sanatlarla u\u011fra\u015fan herkesi ilgilendirir. <\/p>\n","protected":false},"excerpt":{"rendered":"<p>Bu yap\u0131t, sanat sosyolojisi konusuna giri\u015f niteli\u011findedir. Bu konu \u00fclkemizde de sosyologlar taraf\u0131ndan yeterince ele al\u0131nm\u0131\u015f ve ara\u015ft\u0131rmalara konu edinilmi\u015f de\u011fildir. Sanat\u0131n \u00e7e\u015fitli dallar\u0131 \u00fczerine e\u011filinmi\u015f;<span class=\"excerpt-hellip\"> [\u2026]<\/span><\/p>\n","protected":false},"featured_media":0,"template":"","meta":{"_monsterinsights_skip_tracking":false,"_monsterinsights_sitenote_active":false,"_monsterinsights_sitenote_note":"","_monsterinsights_sitenote_category":0},"product_brand":[],"product_cat":[12324,27533],"product_tag":[],"class_list":{"0":"post-705103","1":"product","2":"type-product","3":"status-publish","5":"product_cat-sosyoloji","6":"product_cat-sosyolojiye-giris","7":"pa_cilt-ciltsiz","8":"pa_tur-kitap","9":"pa_yayinevi-ani-yayincilik","10":"pa_yazar-mahmut-tezcan","12":"first","13":"instock","14":"sale","15":"shipping-taxable","16":"purchasable","17":"product-type-simple"},"_links":{"self":[{"href":"https:\/\/roveyayinevi.com.tr\/index.php\/wp-json\/wp\/v2\/product\/705103","targetHints":{"allow":["GET"]}}],"collection":[{"href":"https:\/\/roveyayinevi.com.tr\/index.php\/wp-json\/wp\/v2\/product"}],"about":[{"href":"https:\/\/roveyayinevi.com.tr\/index.php\/wp-json\/wp\/v2\/types\/product"}],"wp:attachment":[{"href":"https:\/\/roveyayinevi.com.tr\/index.php\/wp-json\/wp\/v2\/media?parent=705103"}],"wp:term":[{"taxonomy":"product_brand","embeddable":true,"href":"https:\/\/roveyayinevi.com.tr\/index.php\/wp-json\/wp\/v2\/product_brand?post=705103"},{"taxonomy":"product_cat","embeddable":true,"href":"https:\/\/roveyayinevi.com.tr\/index.php\/wp-json\/wp\/v2\/product_cat?post=705103"},{"taxonomy":"product_tag","embeddable":true,"href":"https:\/\/roveyayinevi.com.tr\/index.php\/wp-json\/wp\/v2\/product_tag?post=705103"}],"curies":[{"name":"wp","href":"https:\/\/api.w.org\/{rel}","templated":true}]}}