{"id":705102,"date":"2025-08-27T15:42:32","date_gmt":"2025-08-27T12:42:32","guid":{"rendered":"https:\/\/roveyayinevi.com.tr\/index.php\/urun\/asik-yoksul-dervisten-hz-ali-mevludu-duvaz-imamlar-nevruziyeler\/"},"modified":"2026-04-16T02:13:59","modified_gmt":"2026-04-15T23:13:59","slug":"asik-yoksul-dervisten-hz-ali-mevludu-duvaz-imamlar-nevruziyeler","status":"publish","type":"product","link":"https:\/\/roveyayinevi.com.tr\/index.php\/urun\/asik-yoksul-dervisten-hz-ali-mevludu-duvaz-imamlar-nevruziyeler\/","title":{"rendered":"A\u015f\u0131k Yoksul Dervi\u015f&#8217;ten Hz. Ali Mevl\u00fcd\u00fc &#8211; D\u00fcvaz \u0130mamlar Nevruziyeler"},"content":{"rendered":"<p>Bu kitap; \u00c2\u015f\u0131k Yoksul Dervi\u015f&#8217;in (\u015eemsettin Kubat) \u00f6nemli olarak g\u00f6rd\u00fc\u011f\u00fcm\u00fcz, \u00fc\u00e7 konuda ortaya koydu\u011fu eserlerinin bir araya getirilmesinden olu\u015fmu\u015ftur. Bu kitab\u0131n ilk b\u00f6l\u00fcm\u00fcnde Dr. Do\u011fan Kaya&#8217;n\u0131n, Hz. Ali Mevlidi ile \u0130lgili verdi\u011fi bilgiler bulunuyor. \u015eemsettin Kubat&#8217;\u0131n Hz. Ali Mevl\u00fct&#8217;\u00fcyle ilgili de k\u0131sa a\u00e7\u0131klamalar\u0131 bulunmaktad\u0131r. \u0130kinci B\u00f6l\u00fcmde \u00c2\u015f\u0131k Yoksul Dervi\u015f&#8217;in; Hz. Ali Mevl\u00fcd\u00fc, D\u00fcvaz \u0130mamlar ve Nevruziyelerine yer verilmi\u015ftir. Kitab\u0131n \u00fc\u00e7\u00fcnc\u00fc ve son b\u00f6l\u00fcm\u00fcnde ise Yrd. Do\u00e7. Dr. Abdullah \u015eeng\u00fcl&#8217;\u00fcn &#8220;Emirda\u011f Karacalar&#8221;da Nevruz adl\u0131 yaz\u0131s\u0131; \u00c2\u015f\u0131k Yoksul Dervi\u015f&#8217;in Nevruz \u015fiirlerini ve de Karacalar k\u00f6y\u00fcndeki Nevruz gelene\u011fini \u00e7ok g\u00fczel ifade eden bir yaz\u0131s\u0131 bulunmaktad\u0131r.  Bu kitap; \u00c2\u015f\u0131k Yoksul Dervi\u015f&#8217;in Hz. Ali Mevl\u00fcd&#8217;ini, Nevruz ve D\u00fcvazlar\u0131n\u0131 i\u00e7eren bir derlemedir. Bu konuda ilgisi olanlara ve \u00e7al\u0131\u015fma yapacaklara, iyi bir kaynak olacakt\u0131r. <\/p>\n","protected":false},"excerpt":{"rendered":"<p>Bu kitap; \u00c2\u015f\u0131k Yoksul Dervi\u015f&#8217;in (\u015eemsettin Kubat) \u00f6nemli olarak g\u00f6rd\u00fc\u011f\u00fcm\u00fcz, \u00fc\u00e7 konuda ortaya koydu\u011fu eserlerinin bir araya getirilmesinden olu\u015fmu\u015ftur. Bu kitab\u0131n ilk b\u00f6l\u00fcm\u00fcnde Dr. Do\u011fan Kaya&#8217;n\u0131n,<span class=\"excerpt-hellip\"> [\u2026]<\/span><\/p>\n","protected":false},"featured_media":0,"template":"","meta":{"_monsterinsights_skip_tracking":false,"_monsterinsights_sitenote_active":false,"_monsterinsights_sitenote_note":"","_monsterinsights_sitenote_category":0},"product_brand":[],"product_cat":[12718,12858],"product_tag":[],"class_list":{"0":"post-705102","1":"product","2":"type-product","3":"status-publish","5":"product_cat-din","6":"product_cat-mitolojiler","7":"pa_cilt-ciltsiz","8":"pa_tur-kitap","9":"pa_yayinevi-kultur-ajans-yayinlari","10":"pa_yazar-kolektif","12":"first","13":"instock","14":"sale","15":"shipping-taxable","16":"purchasable","17":"product-type-simple"},"_links":{"self":[{"href":"https:\/\/roveyayinevi.com.tr\/index.php\/wp-json\/wp\/v2\/product\/705102","targetHints":{"allow":["GET"]}}],"collection":[{"href":"https:\/\/roveyayinevi.com.tr\/index.php\/wp-json\/wp\/v2\/product"}],"about":[{"href":"https:\/\/roveyayinevi.com.tr\/index.php\/wp-json\/wp\/v2\/types\/product"}],"wp:attachment":[{"href":"https:\/\/roveyayinevi.com.tr\/index.php\/wp-json\/wp\/v2\/media?parent=705102"}],"wp:term":[{"taxonomy":"product_brand","embeddable":true,"href":"https:\/\/roveyayinevi.com.tr\/index.php\/wp-json\/wp\/v2\/product_brand?post=705102"},{"taxonomy":"product_cat","embeddable":true,"href":"https:\/\/roveyayinevi.com.tr\/index.php\/wp-json\/wp\/v2\/product_cat?post=705102"},{"taxonomy":"product_tag","embeddable":true,"href":"https:\/\/roveyayinevi.com.tr\/index.php\/wp-json\/wp\/v2\/product_tag?post=705102"}],"curies":[{"name":"wp","href":"https:\/\/api.w.org\/{rel}","templated":true}]}}