{"id":705101,"date":"2025-08-27T15:42:31","date_gmt":"2025-08-27T12:42:31","guid":{"rendered":"https:\/\/roveyayinevi.com.tr\/index.php\/urun\/ben-ne-zaman-dogdum\/"},"modified":"2026-04-16T02:13:59","modified_gmt":"2026-04-15T23:13:59","slug":"ben-ne-zaman-dogdum","status":"publish","type":"product","link":"https:\/\/roveyayinevi.com.tr\/index.php\/urun\/ben-ne-zaman-dogdum\/","title":{"rendered":"Ben Ne Zaman Do\u011fdum ?"},"content":{"rendered":"<p>\u00dclkemizin \u00e7ok sevilen \u00e7ocuk kitab\u0131 yazarlar\u0131ndan, mizah ustas\u0131 Behi\u00e7 Ak\u2019\u0131n yaratt\u0131\u011f\u0131 \u201cTombi\u015f Kitaplar\u201d dizisi d\u00f6rt kitaba ula\u015ft\u0131. Benim Bir Kar\u0131\u015f\u0131m, Bizim Tombi\u015f Ta\u015ftan Hi\u00e7 Anlam\u0131yor ve Bizim Tombi\u015f Fiyonk Makarnay\u0131 \u00c7ok Seviyor\u2019un ard\u0131ndan, Ben Ne Zaman Do\u011fdum? yepyeni bir sorunun pe\u015fine d\u00fc\u015f\u00fcyor. Her kitapta farkl\u0131 bir sorunun cevab\u0131n\u0131 arayan Memo ile bu cevaplar\u0131 pek de umursamayan arkada\u015f\u0131 Tombi\u015f, bu kez do\u011fum g\u00fcnlerinin sadece rakamdan ibaret olmad\u0131\u011f\u0131n\u0131, her tarihin i\u00e7inde sakl\u0131 \u00f6yk\u00fcleri ke\u015ffediyor. \u00c7ocuklar\u0131 farkl\u0131l\u0131klar \u00fczerine d\u00fc\u015f\u00fcnd\u00fcren \u201cTombi\u015f Kitaplar\u201d, felsefe okumalar\u0131n\u0131n da kap\u0131s\u0131n\u0131 aral\u0131yor. Dizi, hem renkli desenleriyle hem de yarat\u0131c\u0131 okumalara davet eden \u00f6yk\u00fcleriyle k\u00fc\u00e7\u00fck okurlar kadar yeti\u015fkinlerin de ilgisini \u00e7ekiyor. \ufffc<\/p>\n","protected":false},"excerpt":{"rendered":"<p>\u00dclkemizin \u00e7ok sevilen \u00e7ocuk kitab\u0131 yazarlar\u0131ndan, mizah ustas\u0131 Behi\u00e7 Ak\u2019\u0131n yaratt\u0131\u011f\u0131 \u201cTombi\u015f Kitaplar\u201d dizisi d\u00f6rt kitaba ula\u015ft\u0131. Benim Bir Kar\u0131\u015f\u0131m, Bizim Tombi\u015f Ta\u015ftan Hi\u00e7 Anlam\u0131yor ve<span class=\"excerpt-hellip\"> [\u2026]<\/span><\/p>\n","protected":false},"featured_media":0,"template":"","meta":{"_monsterinsights_skip_tracking":false,"_monsterinsights_sitenote_active":false,"_monsterinsights_sitenote_note":"","_monsterinsights_sitenote_category":0},"product_brand":[],"product_cat":[12274,12631],"product_tag":[],"class_list":{"0":"post-705101","1":"product","2":"type-product","3":"status-publish","5":"product_cat-cocuk-ve-genclik-kitaplari","6":"product_cat-diger-cocuk-ve-genclik-kitaplari","7":"pa_cilt-ciltsiz","8":"pa_tur-kitap","9":"pa_yayinevi-gunisigi-kitapligi","10":"pa_yazar-behic-ak","12":"first","13":"instock","14":"sale","15":"shipping-taxable","16":"purchasable","17":"product-type-simple"},"_links":{"self":[{"href":"https:\/\/roveyayinevi.com.tr\/index.php\/wp-json\/wp\/v2\/product\/705101","targetHints":{"allow":["GET"]}}],"collection":[{"href":"https:\/\/roveyayinevi.com.tr\/index.php\/wp-json\/wp\/v2\/product"}],"about":[{"href":"https:\/\/roveyayinevi.com.tr\/index.php\/wp-json\/wp\/v2\/types\/product"}],"wp:attachment":[{"href":"https:\/\/roveyayinevi.com.tr\/index.php\/wp-json\/wp\/v2\/media?parent=705101"}],"wp:term":[{"taxonomy":"product_brand","embeddable":true,"href":"https:\/\/roveyayinevi.com.tr\/index.php\/wp-json\/wp\/v2\/product_brand?post=705101"},{"taxonomy":"product_cat","embeddable":true,"href":"https:\/\/roveyayinevi.com.tr\/index.php\/wp-json\/wp\/v2\/product_cat?post=705101"},{"taxonomy":"product_tag","embeddable":true,"href":"https:\/\/roveyayinevi.com.tr\/index.php\/wp-json\/wp\/v2\/product_tag?post=705101"}],"curies":[{"name":"wp","href":"https:\/\/api.w.org\/{rel}","templated":true}]}}