{"id":705097,"date":"2025-08-27T15:42:30","date_gmt":"2025-08-27T12:42:30","guid":{"rendered":"https:\/\/roveyayinevi.com.tr\/index.php\/urun\/dort-saatlik-uykuyla\/"},"modified":"2026-04-12T02:16:43","modified_gmt":"2026-04-11T23:16:43","slug":"dort-saatlik-uykuyla","status":"publish","type":"product","link":"https:\/\/roveyayinevi.com.tr\/index.php\/urun\/dort-saatlik-uykuyla\/","title":{"rendered":"D\u00f6rt Saatlik Uykuyla"},"content":{"rendered":"<p>\u201cB\u00fct\u00fcn g\u00fcn otomatik pilota ba\u011flanm\u0131\u015f durumday\u0131m, bir hayvan gibi, kendi yavrular\u0131 taraf\u0131ndan s\u0131k\u0131\u015ft\u0131r\u0131l\u0131p avlanan bir hayvan gibi i\u00e7g\u00fcd\u00fclerimle hareket ediyorum. Bir inek gibi bebe\u011fimi emziriyorum, \u00e7ocuklar\u0131m\u0131 bir tavuk gibi yumurtluyorum, onlar\u0131 di\u015fi bir kurt gibi koruyorum, bir kedi gibi ba\u015fparma\u011f\u0131m\u0131 yalayarak temizliyorum ve b\u00fct\u00fcn g\u00fcn kafesindeki \u00e7arkta d\u00f6nen hamster gibi pe\u015flerinden ko\u015fuyorum; sonunu g\u00f6rmeden, ama dur durak bilmeden, d\u00f6rt y\u0131ld\u0131r hi\u00e7 de\u011fi\u015fmemecesine, haftan\u0131n 7 g\u00fcn\u00fcn\u00fcn 7\u2019si, 24 saatin 24\u2019\u00fc, y\u0131l\u0131n 52 haftas\u0131. Tam derin bir uykuya dalacakken a\u011flama sesiyle uyan\u0131yorum. <\/p>\n","protected":false},"excerpt":{"rendered":"<p>\u201cB\u00fct\u00fcn g\u00fcn otomatik pilota ba\u011flanm\u0131\u015f durumday\u0131m, bir hayvan gibi, kendi yavrular\u0131 taraf\u0131ndan s\u0131k\u0131\u015ft\u0131r\u0131l\u0131p avlanan bir hayvan gibi i\u00e7g\u00fcd\u00fclerimle hareket ediyorum. Bir inek gibi bebe\u011fimi emziriyorum, \u00e7ocuklar\u0131m\u0131<span class=\"excerpt-hellip\"> [\u2026]<\/span><\/p>\n","protected":false},"featured_media":0,"template":"","meta":{"_monsterinsights_skip_tracking":false,"_monsterinsights_sitenote_active":false,"_monsterinsights_sitenote_note":"","_monsterinsights_sitenote_category":0},"product_brand":[],"product_cat":[12291,12711],"product_tag":[],"class_list":{"0":"post-705097","1":"product","2":"type-product","3":"status-publish","5":"product_cat-edebiyat","6":"product_cat-roman-oyku","7":"pa_tur-kitap","8":"pa_yayinevi-hitkitap-yayincilik","9":"pa_yazar-marlene-schiappa","11":"first","12":"instock","13":"sale","14":"shipping-taxable","15":"purchasable","16":"product-type-simple"},"_links":{"self":[{"href":"https:\/\/roveyayinevi.com.tr\/index.php\/wp-json\/wp\/v2\/product\/705097","targetHints":{"allow":["GET"]}}],"collection":[{"href":"https:\/\/roveyayinevi.com.tr\/index.php\/wp-json\/wp\/v2\/product"}],"about":[{"href":"https:\/\/roveyayinevi.com.tr\/index.php\/wp-json\/wp\/v2\/types\/product"}],"wp:attachment":[{"href":"https:\/\/roveyayinevi.com.tr\/index.php\/wp-json\/wp\/v2\/media?parent=705097"}],"wp:term":[{"taxonomy":"product_brand","embeddable":true,"href":"https:\/\/roveyayinevi.com.tr\/index.php\/wp-json\/wp\/v2\/product_brand?post=705097"},{"taxonomy":"product_cat","embeddable":true,"href":"https:\/\/roveyayinevi.com.tr\/index.php\/wp-json\/wp\/v2\/product_cat?post=705097"},{"taxonomy":"product_tag","embeddable":true,"href":"https:\/\/roveyayinevi.com.tr\/index.php\/wp-json\/wp\/v2\/product_tag?post=705097"}],"curies":[{"name":"wp","href":"https:\/\/api.w.org\/{rel}","templated":true}]}}