{"id":705096,"date":"2025-08-27T15:42:29","date_gmt":"2025-08-27T12:42:29","guid":{"rendered":"https:\/\/roveyayinevi.com.tr\/index.php\/urun\/ilimiz-kirsehir\/"},"modified":"2026-04-16T02:13:58","modified_gmt":"2026-04-15T23:13:58","slug":"ilimiz-kirsehir","status":"publish","type":"product","link":"https:\/\/roveyayinevi.com.tr\/index.php\/urun\/ilimiz-kirsehir\/","title":{"rendered":"\u0130limiz K\u0131r\u015fehir"},"content":{"rendered":"<p>-K\u0131r\u015fehir\u00b4in \u0130l\u00e7eleri -Atat\u00fcrk K\u0131r\u015fehir&#8217;de -\u0130smet Pa\u015fa K\u0131r\u015fehir&#8217;de -K\u0131r\u015fehir A\u011fz\u0131 -Leh\u00e7e -Y\u00f6resel Kelimeler -Atas\u00f6zleri -K\u0131r\u015fehir Y\u00f6resel Deyimleri -Lakaplar -Evliyalar\u0131 &#8211; Ulemalar\u0131 -K\u0131r\u015fehir&#8217;de Yeti\u015fen \u00c2\u015f\u0131k ve Ozanlar\u0131m\u0131z  -K\u0131r\u015fehirli Di\u011fer \u00c2\u015f\u0131klar -K\u0131r\u015fehirli \u015eair ve Yazarlar -K\u0131r\u015fehirli \u015eairlerden \u00d6rnekler -K\u0131r\u015fehir Efsaneleri -A\u011f\u0131tlar -K\u0131r\u015fehir&#8217;de Ya\u015fanm\u0131\u015f G\u00fcl\u00fcn\u00e7 Olaylar -K\u0131r\u015fehir \/Mucur&#8217;da Ya\u015fam\u0131\u015f Olan Yan Gadir&#8217;in Maceralar\u0131 -\u0130nek T\u00fcrk\u00fcs\u00fc -Bekmez Ak\u0131l -Kurba\u011fa Hik\u00e2yesi  -Y\u00f6resel Yemeklerden \u00d6rnekler <\/p>\n","protected":false},"excerpt":{"rendered":"<p>-K\u0131r\u015fehir\u00b4in \u0130l\u00e7eleri -Atat\u00fcrk K\u0131r\u015fehir&#8217;de -\u0130smet Pa\u015fa K\u0131r\u015fehir&#8217;de -K\u0131r\u015fehir A\u011fz\u0131 -Leh\u00e7e -Y\u00f6resel Kelimeler -Atas\u00f6zleri -K\u0131r\u015fehir Y\u00f6resel Deyimleri -Lakaplar -Evliyalar\u0131 &#8211; Ulemalar\u0131 -K\u0131r\u015fehir&#8217;de Yeti\u015fen \u00c2\u015f\u0131k ve Ozanlar\u0131m\u0131z -K\u0131r\u015fehirli<span class=\"excerpt-hellip\"> [\u2026]<\/span><\/p>\n","protected":false},"featured_media":0,"template":"","meta":{"_monsterinsights_skip_tracking":false,"_monsterinsights_sitenote_active":false,"_monsterinsights_sitenote_note":"","_monsterinsights_sitenote_category":0},"product_brand":[],"product_cat":[13528,13527],"product_tag":[],"class_list":{"0":"post-705096","1":"product","2":"type-product","3":"status-publish","5":"product_cat-gezi","6":"product_cat-sureli-yayinlar","7":"pa_cilt-ciltsiz","8":"pa_tur-kitap","9":"pa_yayinevi-kultur-ajans-yayinlari","10":"pa_yazar-hatice-hantal","12":"first","13":"instock","14":"sale","15":"shipping-taxable","16":"purchasable","17":"product-type-simple"},"_links":{"self":[{"href":"https:\/\/roveyayinevi.com.tr\/index.php\/wp-json\/wp\/v2\/product\/705096","targetHints":{"allow":["GET"]}}],"collection":[{"href":"https:\/\/roveyayinevi.com.tr\/index.php\/wp-json\/wp\/v2\/product"}],"about":[{"href":"https:\/\/roveyayinevi.com.tr\/index.php\/wp-json\/wp\/v2\/types\/product"}],"wp:attachment":[{"href":"https:\/\/roveyayinevi.com.tr\/index.php\/wp-json\/wp\/v2\/media?parent=705096"}],"wp:term":[{"taxonomy":"product_brand","embeddable":true,"href":"https:\/\/roveyayinevi.com.tr\/index.php\/wp-json\/wp\/v2\/product_brand?post=705096"},{"taxonomy":"product_cat","embeddable":true,"href":"https:\/\/roveyayinevi.com.tr\/index.php\/wp-json\/wp\/v2\/product_cat?post=705096"},{"taxonomy":"product_tag","embeddable":true,"href":"https:\/\/roveyayinevi.com.tr\/index.php\/wp-json\/wp\/v2\/product_tag?post=705096"}],"curies":[{"name":"wp","href":"https:\/\/api.w.org\/{rel}","templated":true}]}}