{"id":705091,"date":"2025-08-27T15:42:27","date_gmt":"2025-08-27T12:42:27","guid":{"rendered":"https:\/\/roveyayinevi.com.tr\/index.php\/urun\/dusler-sirki\/"},"modified":"2026-04-16T02:13:58","modified_gmt":"2026-04-15T23:13:58","slug":"dusler-sirki","status":"publish","type":"product","link":"https:\/\/roveyayinevi.com.tr\/index.php\/urun\/dusler-sirki\/","title":{"rendered":"D\u00fc\u015fler Sirki"},"content":{"rendered":"<p>\u0130talyan edebiyat\u0131n\u0131n b\u00fcy\u00fcl\u00fc kalemi Angela Nanetti, son \u00e7ocuk roman\u0131yla T\u00fcrk\u00e7e\u2019de! Aile ili\u015fkilerini, dostluklar\u0131 ve hayalleri anlatt\u0131\u011f\u0131 kitaplar\u0131yla tan\u0131nan, Hans Christian Andersen \u00d6d\u00fcl\u00fc sahibi yazar, bu kez \u00e7ocuklar\u0131n g\u00f6z\u00fcnden modern d\u00fcnya ele\u015ftirisi yap\u0131yor. Birileri i\u00e7in yeterince kazan\u00e7l\u0131 de\u011fil diye her \u015feyi y\u0131kan, yutan, ya\u015fam alanlar\u0131n\u0131n d\u0131\u015f\u0131na iten d\u00fczeni mizahi bir dille anlatan roman, \u00f6tekile\u015ftirme, kentle\u015fme, tek adam, rant kavramlar\u0131n\u0131 ustal\u0131kla i\u015fliyor. Yazar, b\u00fcy\u00fcl\u00fc ger\u00e7ek\u00e7i bir d\u00fc\u015f evreninde dola\u015ft\u0131rd\u0131\u011f\u0131 ilgin\u00e7 kahramanlar\u0131yla, okuru g\u00fcn\u00fcm\u00fcz toplumsal ya\u015fam\u0131n\u0131n sert ger\u00e7ekli\u011fini d\u00fc\u015f\u00fcnmeye davet ediyor. Avrupa\u2019n\u0131n en \u00f6nemli yazarlar\u0131ndan say\u0131lan Angela Nanetti\u2019nin \u00f6l\u00fcm gibi zor bir temay\u0131 \u00e7ocuk ger\u00e7ekli\u011fiyle anlatt\u0131\u011f\u0131 roman\u0131 Dedem Bir Kiraz A\u011fac\u0131 da \u00e7ocuk klasikleri aras\u0131nda. <\/p>\n","protected":false},"excerpt":{"rendered":"<p>\u0130talyan edebiyat\u0131n\u0131n b\u00fcy\u00fcl\u00fc kalemi Angela Nanetti, son \u00e7ocuk roman\u0131yla T\u00fcrk\u00e7e\u2019de! Aile ili\u015fkilerini, dostluklar\u0131 ve hayalleri anlatt\u0131\u011f\u0131 kitaplar\u0131yla tan\u0131nan, Hans Christian Andersen \u00d6d\u00fcl\u00fc sahibi yazar, bu kez<span class=\"excerpt-hellip\"> [\u2026]<\/span><\/p>\n","protected":false},"featured_media":0,"template":"","meta":{"_monsterinsights_skip_tracking":false,"_monsterinsights_sitenote_active":false,"_monsterinsights_sitenote_note":"","_monsterinsights_sitenote_category":0},"product_brand":[],"product_cat":[12274,12284],"product_tag":[],"class_list":{"0":"post-705091","1":"product","2":"type-product","3":"status-publish","5":"product_cat-cocuk-ve-genclik-kitaplari","6":"product_cat-hikayeler","7":"pa_cilt-ciltsiz","8":"pa_tur-kitap","9":"pa_yayinevi-gunisigi-kitapligi","10":"pa_yazar-angela-nanetti","12":"first","13":"instock","14":"sale","15":"shipping-taxable","16":"purchasable","17":"product-type-simple"},"_links":{"self":[{"href":"https:\/\/roveyayinevi.com.tr\/index.php\/wp-json\/wp\/v2\/product\/705091","targetHints":{"allow":["GET"]}}],"collection":[{"href":"https:\/\/roveyayinevi.com.tr\/index.php\/wp-json\/wp\/v2\/product"}],"about":[{"href":"https:\/\/roveyayinevi.com.tr\/index.php\/wp-json\/wp\/v2\/types\/product"}],"wp:attachment":[{"href":"https:\/\/roveyayinevi.com.tr\/index.php\/wp-json\/wp\/v2\/media?parent=705091"}],"wp:term":[{"taxonomy":"product_brand","embeddable":true,"href":"https:\/\/roveyayinevi.com.tr\/index.php\/wp-json\/wp\/v2\/product_brand?post=705091"},{"taxonomy":"product_cat","embeddable":true,"href":"https:\/\/roveyayinevi.com.tr\/index.php\/wp-json\/wp\/v2\/product_cat?post=705091"},{"taxonomy":"product_tag","embeddable":true,"href":"https:\/\/roveyayinevi.com.tr\/index.php\/wp-json\/wp\/v2\/product_tag?post=705091"}],"curies":[{"name":"wp","href":"https:\/\/api.w.org\/{rel}","templated":true}]}}