{"id":705089,"date":"2025-08-27T15:42:26","date_gmt":"2025-08-27T12:42:26","guid":{"rendered":"https:\/\/roveyayinevi.com.tr\/index.php\/urun\/muziksel-isitme-okuma-egitimi-ve-kuram-1-kitap\/"},"modified":"2026-04-16T02:13:58","modified_gmt":"2026-04-15T23:13:58","slug":"muziksel-isitme-okuma-egitimi-ve-kuram-1-kitap","status":"publish","type":"product","link":"https:\/\/roveyayinevi.com.tr\/index.php\/urun\/muziksel-isitme-okuma-egitimi-ve-kuram-1-kitap\/","title":{"rendered":"M\u00fcziksel \u0130\u015fitme Okuma E\u011fitimi ve Kuram 1.Kitap"},"content":{"rendered":"<p>M\u00fcziksel \u0130\u015fitme Okuma E\u011fitimi ve Kuram kitab\u0131, soyut \u00f6\u011frenme ortam\u0131n\u0131 bir \u00f6l\u00e7\u00fcde somutla\u015ft\u0131rmay\u0131, dolay\u0131s\u0131yla m\u00fcziksel \u00f6\u011frenme ya\u015fant\u0131lar\u0131n\u0131 kal\u0131c\u0131 k\u0131lmay\u0131 hedeflemektedir. Be\u015f kitapl\u0131k bu dizinin sa\u011flayaca\u011f\u0131 olanaklar \u015f\u00f6yle s\u0131ralanabilir:1. Kitap, salt okumayla s\u0131n\u0131rl\u0131 tutulmam\u0131\u015f, dersin itme, yazma ve yaratma ile birlikte, temel m\u00fczik bilgilerini de kapsayacak bi\u00e7imde, bir b\u00fct\u00fcn olarak ele al\u0131nm\u0131\u015ft\u0131r.2. M\u00fcziksel \u0130\u015fitme Okuma \u00f6\u011fretiminin, asl\u0131nda bir \u201cdil \u00f6\u011fretimi\u201d oldu\u011fu ger\u00e7e\u011finden hareket edilerek, \u201cm\u00fczik\u00e7e\u201dnin dilbilgisi verilmi\u015ftir.3. M\u00fcziksel Okuma par\u00e7alar\u0131 bir\u00e7ok okuma kitab\u0131nda oldu\u011fu gibi salt tonalite ile s\u0131n\u0131rl\u0131 tutulmay\u0131p, pentatonizmden Orta \u00c7a\u011f modlar\u0131na, Geleneksel T\u00fcrk M\u00fczi\u011fi makamlar\u0131ndan atonal par\u00e7alara hatta Blues\u2019lara kadar uzanan geni\u015f bir yelpazede ele al\u0131nm\u0131\u015ft\u0131r.4. Konular, bir \u00f6ncekini tamamlayacak bir sonrakini haz\u0131rlayacak bi\u00e7imde ele al\u0131nm\u0131\u015ft\u0131r.5. \u201c\u00d6\u011frenmede ba\u015far\u0131n\u0131n s\u0131rr\u0131, \u00f6\u011frencinin ilgisini s\u00fcrekli k\u0131labilmek\u201dtir. Bu anlay\u0131\u015fla, kitab\u0131n haz\u0131rlanmas\u0131nda \u201cyarat\u0131c\u0131l\u0131k\u201d ilke edinilmi\u015ftir.- \u00dclk\u00fc \u00d6zg\u00fcr \/ Salih Aydo\u011fan<\/p>\n","protected":false},"excerpt":{"rendered":"<p>M\u00fcziksel \u0130\u015fitme Okuma E\u011fitimi ve Kuram kitab\u0131, soyut \u00f6\u011frenme ortam\u0131n\u0131 bir \u00f6l\u00e7\u00fcde somutla\u015ft\u0131rmay\u0131, dolay\u0131s\u0131yla m\u00fcziksel \u00f6\u011frenme ya\u015fant\u0131lar\u0131n\u0131 kal\u0131c\u0131 k\u0131lmay\u0131 hedeflemektedir. Be\u015f kitapl\u0131k bu dizinin sa\u011flayaca\u011f\u0131 olanaklar<span class=\"excerpt-hellip\"> [\u2026]<\/span><\/p>\n","protected":false},"featured_media":0,"template":"","meta":{"_monsterinsights_skip_tracking":false,"_monsterinsights_sitenote_active":false,"_monsterinsights_sitenote_note":"","_monsterinsights_sitenote_category":0},"product_brand":[],"product_cat":[14591,14556],"product_tag":[],"class_list":{"0":"post-705089","1":"product","2":"type-product","3":"status-publish","5":"product_cat-genel-kavramlar-kuram-ve-tarihce","6":"product_cat-muzik","7":"pa_cilt-ciltsiz","8":"pa_tur-kitap","9":"pa_yayinevi-arkadas-yayinlari-muzik-kitaplari","10":"pa_yazar-salih-aydogan","12":"first","13":"instock","14":"sale","15":"shipping-taxable","16":"purchasable","17":"product-type-simple"},"_links":{"self":[{"href":"https:\/\/roveyayinevi.com.tr\/index.php\/wp-json\/wp\/v2\/product\/705089","targetHints":{"allow":["GET"]}}],"collection":[{"href":"https:\/\/roveyayinevi.com.tr\/index.php\/wp-json\/wp\/v2\/product"}],"about":[{"href":"https:\/\/roveyayinevi.com.tr\/index.php\/wp-json\/wp\/v2\/types\/product"}],"wp:attachment":[{"href":"https:\/\/roveyayinevi.com.tr\/index.php\/wp-json\/wp\/v2\/media?parent=705089"}],"wp:term":[{"taxonomy":"product_brand","embeddable":true,"href":"https:\/\/roveyayinevi.com.tr\/index.php\/wp-json\/wp\/v2\/product_brand?post=705089"},{"taxonomy":"product_cat","embeddable":true,"href":"https:\/\/roveyayinevi.com.tr\/index.php\/wp-json\/wp\/v2\/product_cat?post=705089"},{"taxonomy":"product_tag","embeddable":true,"href":"https:\/\/roveyayinevi.com.tr\/index.php\/wp-json\/wp\/v2\/product_tag?post=705089"}],"curies":[{"name":"wp","href":"https:\/\/api.w.org\/{rel}","templated":true}]}}