{"id":705084,"date":"2025-08-27T15:42:25","date_gmt":"2025-08-27T12:42:25","guid":{"rendered":"https:\/\/roveyayinevi.com.tr\/index.php\/urun\/yeni-etkiler\/"},"modified":"2026-04-16T02:13:58","modified_gmt":"2026-04-15T23:13:58","slug":"yeni-etkiler","status":"publish","type":"product","link":"https:\/\/roveyayinevi.com.tr\/index.php\/urun\/yeni-etkiler\/","title":{"rendered":"Yeni Etkiler"},"content":{"rendered":"<p>Seni yine bu k\u00f6t\u00fcmserlerin, m\u00fcntehirlerin, ak\u0131l hastalar\u0131n\u0131n d\u00fcnyas\u0131na al\u0131p getirdi\u011fim i\u00e7in \u00fczg\u00fcn\u00fcm! Strindberg\u2019i de, bu bitmek bilmez mektupta onu izleyecek di\u011fer \u015fair ve d\u00fc\u015f\u00fcn\u00fcrleri de \u00e7ok iyi tan\u0131d\u0131\u011f\u0131n\u0131 biliyorum.\u201d <\/p>\n","protected":false},"excerpt":{"rendered":"<p>Seni yine bu k\u00f6t\u00fcmserlerin, m\u00fcntehirlerin, ak\u0131l hastalar\u0131n\u0131n d\u00fcnyas\u0131na al\u0131p getirdi\u011fim i\u00e7in \u00fczg\u00fcn\u00fcm! Strindberg\u2019i de, bu bitmek bilmez mektupta onu izleyecek di\u011fer \u015fair ve d\u00fc\u015f\u00fcn\u00fcrleri de \u00e7ok<span class=\"excerpt-hellip\"> [\u2026]<\/span><\/p>\n","protected":false},"featured_media":0,"template":"","meta":{"_monsterinsights_skip_tracking":false,"_monsterinsights_sitenote_active":false,"_monsterinsights_sitenote_note":"","_monsterinsights_sitenote_category":0},"product_brand":[],"product_cat":[12777,12291],"product_tag":[],"class_list":{"0":"post-705084","1":"product","2":"type-product","3":"status-publish","5":"product_cat-deneme","6":"product_cat-edebiyat","7":"pa_tur-kitap","8":"pa_yayinevi-sel-yayincilik","9":"pa_yazar-yuksel-arslan","11":"first","12":"instock","13":"sale","14":"shipping-taxable","15":"purchasable","16":"product-type-simple"},"_links":{"self":[{"href":"https:\/\/roveyayinevi.com.tr\/index.php\/wp-json\/wp\/v2\/product\/705084","targetHints":{"allow":["GET"]}}],"collection":[{"href":"https:\/\/roveyayinevi.com.tr\/index.php\/wp-json\/wp\/v2\/product"}],"about":[{"href":"https:\/\/roveyayinevi.com.tr\/index.php\/wp-json\/wp\/v2\/types\/product"}],"wp:attachment":[{"href":"https:\/\/roveyayinevi.com.tr\/index.php\/wp-json\/wp\/v2\/media?parent=705084"}],"wp:term":[{"taxonomy":"product_brand","embeddable":true,"href":"https:\/\/roveyayinevi.com.tr\/index.php\/wp-json\/wp\/v2\/product_brand?post=705084"},{"taxonomy":"product_cat","embeddable":true,"href":"https:\/\/roveyayinevi.com.tr\/index.php\/wp-json\/wp\/v2\/product_cat?post=705084"},{"taxonomy":"product_tag","embeddable":true,"href":"https:\/\/roveyayinevi.com.tr\/index.php\/wp-json\/wp\/v2\/product_tag?post=705084"}],"curies":[{"name":"wp","href":"https:\/\/api.w.org\/{rel}","templated":true}]}}