{"id":705079,"date":"2025-08-27T15:42:23","date_gmt":"2025-08-27T12:42:23","guid":{"rendered":"https:\/\/roveyayinevi.com.tr\/index.php\/urun\/nazli-kar\/"},"modified":"2026-04-16T02:13:58","modified_gmt":"2026-04-15T23:13:58","slug":"nazli-kar","status":"publish","type":"product","link":"https:\/\/roveyayinevi.com.tr\/index.php\/urun\/nazli-kar\/","title":{"rendered":"Nazl\u0131 Kar"},"content":{"rendered":"<p>Japon \u015fiirinde kiraz \u00e7i\u00e7eklerine dair y\u00fczlerce, binlerce \u015fiir s\u00f6ylenmi\u015fti\u2026 Eskiler \u00e7i\u00e7eklerin a\u00e7mas\u0131n\u0131 sab\u0131rs\u0131zl\u0131kla bekler\u2026 dal\u0131ndan d\u00fc\u015f\u00fcp giden \u00e7i\u00e7eklere h\u00fcz\u00fcnlenirdi\u2026 defalarca, tekrar tekrar ayn\u0131 \u015feyleri dillendiren say\u0131s\u0131z \u015fiir yaz\u0131lm\u0131\u015ft\u0131\u2026 Sachiko k\u00fc\u00e7\u00fck bir k\u0131zken, bu \u015fiirler ona \u00e7ok s\u0131radan gelir, pek duygulanmadan okuyup ge\u00e7erdi. Y\u0131llar ge\u00e7ip ya\u015f\u0131 ilerledik\u00e7e eski zamanlarda ya\u015fam\u0131\u015f bu insanlar\u0131n sadece ho\u015f ve zarif bir s\u00f6z s\u00f6yleme kayg\u0131s\u0131nda olmad\u0131\u011f\u0131n\u0131 fark etmi\u015fti. Kirazlar\u0131n \u00e7i\u00e7ek a\u00e7mas\u0131n\u0131 nas\u0131l \u00f6zlemle beklediklerini\u2026 sonra en g\u00f6rkemli zamanlar\u0131nda d\u00f6k\u00fcl\u00fcp giden \u00e7i\u00e7eklerin yaratt\u0131\u011f\u0131 h\u00fczn\u00fc\u2026 Sachiko da ruhunun derinliklerinde hissetmeye ba\u015flam\u0131\u015ft\u0131. \ufffcTan\u0131t\u0131m Metni<\/p>\n","protected":false},"excerpt":{"rendered":"<p>Japon \u015fiirinde kiraz \u00e7i\u00e7eklerine dair y\u00fczlerce, binlerce \u015fiir s\u00f6ylenmi\u015fti\u2026 Eskiler \u00e7i\u00e7eklerin a\u00e7mas\u0131n\u0131 sab\u0131rs\u0131zl\u0131kla bekler\u2026 dal\u0131ndan d\u00fc\u015f\u00fcp giden \u00e7i\u00e7eklere h\u00fcz\u00fcnlenirdi\u2026 defalarca, tekrar tekrar ayn\u0131 \u015feyleri dillendiren say\u0131s\u0131z<span class=\"excerpt-hellip\"> [\u2026]<\/span><\/p>\n","protected":false},"featured_media":0,"template":"","meta":{"_monsterinsights_skip_tracking":false,"_monsterinsights_sitenote_active":false,"_monsterinsights_sitenote_note":"","_monsterinsights_sitenote_category":0},"product_brand":[],"product_cat":[12291,12711],"product_tag":[],"class_list":{"0":"post-705079","1":"product","2":"type-product","3":"status-publish","5":"product_cat-edebiyat","6":"product_cat-roman-oyku","7":"pa_cilt-ciltsiz","8":"pa_tur-kitap","9":"pa_yayinevi-can-yayinlari","10":"pa_yazar-junichiro-tanizaki","12":"first","13":"instock","14":"sale","15":"shipping-taxable","16":"purchasable","17":"product-type-simple"},"_links":{"self":[{"href":"https:\/\/roveyayinevi.com.tr\/index.php\/wp-json\/wp\/v2\/product\/705079","targetHints":{"allow":["GET"]}}],"collection":[{"href":"https:\/\/roveyayinevi.com.tr\/index.php\/wp-json\/wp\/v2\/product"}],"about":[{"href":"https:\/\/roveyayinevi.com.tr\/index.php\/wp-json\/wp\/v2\/types\/product"}],"wp:attachment":[{"href":"https:\/\/roveyayinevi.com.tr\/index.php\/wp-json\/wp\/v2\/media?parent=705079"}],"wp:term":[{"taxonomy":"product_brand","embeddable":true,"href":"https:\/\/roveyayinevi.com.tr\/index.php\/wp-json\/wp\/v2\/product_brand?post=705079"},{"taxonomy":"product_cat","embeddable":true,"href":"https:\/\/roveyayinevi.com.tr\/index.php\/wp-json\/wp\/v2\/product_cat?post=705079"},{"taxonomy":"product_tag","embeddable":true,"href":"https:\/\/roveyayinevi.com.tr\/index.php\/wp-json\/wp\/v2\/product_tag?post=705079"}],"curies":[{"name":"wp","href":"https:\/\/api.w.org\/{rel}","templated":true}]}}