{"id":705078,"date":"2025-08-27T15:42:23","date_gmt":"2025-08-27T12:42:23","guid":{"rendered":"https:\/\/roveyayinevi.com.tr\/index.php\/urun\/gol-zorlu-mucadele-ciltli\/"},"modified":"2026-04-16T02:13:58","modified_gmt":"2026-04-15T23:13:58","slug":"gol-zorlu-mucadele-ciltli","status":"publish","type":"product","link":"https:\/\/roveyayinevi.com.tr\/index.php\/urun\/gol-zorlu-mucadele-ciltli\/","title":{"rendered":"Gol! &#8211; Zorlu M\u00fccadele (Ciltli)"},"content":{"rendered":"<p>\u015eampiyonan\u0131n ikinci b\u00f6lu\u0308mu\u0308 de geride kald\u0131 ve Bay Champignon\u2019un tak\u0131m\u0131 gruptan \u00e7\u0131kmay\u0131 ba\u015fard\u0131! K\u0131rm\u0131z\u0131 \u015eeytanlar\u2019\u0131 alt edip arkalar\u0131nda b\u0131rakt\u0131lar ve art\u0131k \u00f6nlerinde yaln\u0131zca final ma\u00e7\u0131 var: So\u011fanc\u0131klar Mavi Akademi\u2019ye kar\u015f\u0131. Tommi, Dante, Topa\u00e7 ve di\u011ferleri \u00e7ok s\u0131k\u0131 \u00e7al\u0131\u015f\u0131yorlar, ama hepsi \u00e7ok heyecanl\u0131. Bir y\u0131ld\u0131r bekledikleri an geldi, Loris ve babas\u0131na bir ders vermek i\u00e7in arad\u0131klar\u0131 f\u0131rsat ellerine ge\u00e7ti. Ama her \u015feyden \u00f6nce So\u011fanc\u0131klar\u2019\u0131n bir tak\u0131m ve ger\u00e7ek arkada\u015flardan olu\u015fan bir ekip oldu\u011funu ispatlayacaklar! \ufffcTan\u0131t\u0131m Metni<\/p>\n","protected":false},"excerpt":{"rendered":"<p>\u015eampiyonan\u0131n ikinci b\u00f6lu\u0308mu\u0308 de geride kald\u0131 ve Bay Champignon\u2019un tak\u0131m\u0131 gruptan \u00e7\u0131kmay\u0131 ba\u015fard\u0131! K\u0131rm\u0131z\u0131 \u015eeytanlar\u2019\u0131 alt edip arkalar\u0131nda b\u0131rakt\u0131lar ve art\u0131k \u00f6nlerinde yaln\u0131zca final ma\u00e7\u0131 var:<span class=\"excerpt-hellip\"> [\u2026]<\/span><\/p>\n","protected":false},"featured_media":0,"template":"","meta":{"_monsterinsights_skip_tracking":false,"_monsterinsights_sitenote_active":false,"_monsterinsights_sitenote_note":"","_monsterinsights_sitenote_category":0},"product_brand":[],"product_cat":[12275,12274],"product_tag":[],"class_list":{"0":"post-705078","1":"product","2":"type-product","3":"status-publish","5":"product_cat-6-12-yas-kitaplari","6":"product_cat-cocuk-ve-genclik-kitaplari","7":"pa_cilt-ciltli","8":"pa_tur-kitap","9":"pa_yayinevi-epsilon-yayinlari","10":"pa_yazar-luigi-garlando","12":"first","13":"instock","14":"sale","15":"shipping-taxable","16":"purchasable","17":"product-type-simple"},"_links":{"self":[{"href":"https:\/\/roveyayinevi.com.tr\/index.php\/wp-json\/wp\/v2\/product\/705078","targetHints":{"allow":["GET"]}}],"collection":[{"href":"https:\/\/roveyayinevi.com.tr\/index.php\/wp-json\/wp\/v2\/product"}],"about":[{"href":"https:\/\/roveyayinevi.com.tr\/index.php\/wp-json\/wp\/v2\/types\/product"}],"wp:attachment":[{"href":"https:\/\/roveyayinevi.com.tr\/index.php\/wp-json\/wp\/v2\/media?parent=705078"}],"wp:term":[{"taxonomy":"product_brand","embeddable":true,"href":"https:\/\/roveyayinevi.com.tr\/index.php\/wp-json\/wp\/v2\/product_brand?post=705078"},{"taxonomy":"product_cat","embeddable":true,"href":"https:\/\/roveyayinevi.com.tr\/index.php\/wp-json\/wp\/v2\/product_cat?post=705078"},{"taxonomy":"product_tag","embeddable":true,"href":"https:\/\/roveyayinevi.com.tr\/index.php\/wp-json\/wp\/v2\/product_tag?post=705078"}],"curies":[{"name":"wp","href":"https:\/\/api.w.org\/{rel}","templated":true}]}}