{"id":705077,"date":"2025-08-27T15:42:22","date_gmt":"2025-08-27T12:42:22","guid":{"rendered":"https:\/\/roveyayinevi.com.tr\/index.php\/urun\/oznellik-nedir\/"},"modified":"2026-04-16T02:13:58","modified_gmt":"2026-04-15T23:13:58","slug":"oznellik-nedir","status":"publish","type":"product","link":"https:\/\/roveyayinevi.com.tr\/index.php\/urun\/oznellik-nedir\/","title":{"rendered":"\u00d6znellik Nedir?"},"content":{"rendered":"<p>1961 y\u0131l\u0131n\u0131n Aral\u0131k ay\u0131nda yirminci y\u00fczy\u0131l d\u00fc\u015f\u00fcncesinin en \u00f6nemli isimlerinden Jean-Paul Sartre bir konferans vermek \u00fczere Gramsci Enstit\u00fcs\u00fc taraf\u0131ndan Roma\u2019ya davet edilir. Konferans\u0131n konusu Marksizmin, diyalektik materyalizmin en netameli temalar\u0131ndan biri olan \u00f6znelliktir. \ufffcTan\u0131t\u0131m Metni<\/p>\n","protected":false},"excerpt":{"rendered":"<p>1961 y\u0131l\u0131n\u0131n Aral\u0131k ay\u0131nda yirminci y\u00fczy\u0131l d\u00fc\u015f\u00fcncesinin en \u00f6nemli isimlerinden Jean-Paul Sartre bir konferans vermek \u00fczere Gramsci Enstit\u00fcs\u00fc taraf\u0131ndan Roma\u2019ya davet edilir. Konferans\u0131n konusu Marksizmin, diyalektik<span class=\"excerpt-hellip\"> [\u2026]<\/span><\/p>\n","protected":false},"featured_media":0,"template":"","meta":{"_monsterinsights_skip_tracking":false,"_monsterinsights_sitenote_active":false,"_monsterinsights_sitenote_note":"","_monsterinsights_sitenote_category":0},"product_brand":[],"product_cat":[12777,12291],"product_tag":[],"class_list":{"0":"post-705077","1":"product","2":"type-product","3":"status-publish","5":"product_cat-deneme","6":"product_cat-edebiyat","7":"pa_cilt-ciltsiz","8":"pa_tur-kitap","9":"pa_yayinevi-can-yayinlari","10":"pa_yazar-jean-paul-sartre","12":"first","13":"instock","14":"sale","15":"shipping-taxable","16":"purchasable","17":"product-type-simple"},"_links":{"self":[{"href":"https:\/\/roveyayinevi.com.tr\/index.php\/wp-json\/wp\/v2\/product\/705077","targetHints":{"allow":["GET"]}}],"collection":[{"href":"https:\/\/roveyayinevi.com.tr\/index.php\/wp-json\/wp\/v2\/product"}],"about":[{"href":"https:\/\/roveyayinevi.com.tr\/index.php\/wp-json\/wp\/v2\/types\/product"}],"wp:attachment":[{"href":"https:\/\/roveyayinevi.com.tr\/index.php\/wp-json\/wp\/v2\/media?parent=705077"}],"wp:term":[{"taxonomy":"product_brand","embeddable":true,"href":"https:\/\/roveyayinevi.com.tr\/index.php\/wp-json\/wp\/v2\/product_brand?post=705077"},{"taxonomy":"product_cat","embeddable":true,"href":"https:\/\/roveyayinevi.com.tr\/index.php\/wp-json\/wp\/v2\/product_cat?post=705077"},{"taxonomy":"product_tag","embeddable":true,"href":"https:\/\/roveyayinevi.com.tr\/index.php\/wp-json\/wp\/v2\/product_tag?post=705077"}],"curies":[{"name":"wp","href":"https:\/\/api.w.org\/{rel}","templated":true}]}}