{"id":705075,"date":"2025-08-27T15:42:21","date_gmt":"2025-08-27T12:42:21","guid":{"rendered":"https:\/\/roveyayinevi.com.tr\/index.php\/urun\/gol-sampiyona-basliyor\/"},"modified":"2026-04-16T02:13:58","modified_gmt":"2026-04-15T23:13:58","slug":"gol-sampiyona-basliyor","status":"publish","type":"product","link":"https:\/\/roveyayinevi.com.tr\/index.php\/urun\/gol-sampiyona-basliyor\/","title":{"rendered":"Gol! &#8211; \u015eampiyona Ba\u015fl\u0131yor!"},"content":{"rendered":"<p>Heyecan ve macera devam ediyor. Tak\u0131m\u0131m\u0131z\u0131n b\u00fcy\u00fck bir hevesle bekledi\u011fi \u015fampiyona nihayet ba\u015fl\u0131yor! Bakal\u0131m Arpac\u0131k So\u011fanlar\u0131 aralar\u0131ndaki k\u00fc\u00e7\u00fck \u00e7at\u0131\u015fmalara, ya\u015fad\u0131klar\u0131 aksiliklere kar\u015f\u0131n en b\u00fcy\u00fck rakiplerini yenebilecekler mi? Daha \u00f6nemlisi  ta\u00e7 yapraklar\u0131  de\u011fil  \u00e7i\u00e7ek  olduklar\u0131n\u0131 bir kez daha kan\u0131tlayabilecekler mi? Ne dersiniz? <\/p>\n","protected":false},"excerpt":{"rendered":"<p>Heyecan ve macera devam ediyor. Tak\u0131m\u0131m\u0131z\u0131n b\u00fcy\u00fck bir hevesle bekledi\u011fi \u015fampiyona nihayet ba\u015fl\u0131yor! Bakal\u0131m Arpac\u0131k So\u011fanlar\u0131 aralar\u0131ndaki k\u00fc\u00e7\u00fck \u00e7at\u0131\u015fmalara, ya\u015fad\u0131klar\u0131 aksiliklere kar\u015f\u0131n en b\u00fcy\u00fck rakiplerini yenebilecekler<span class=\"excerpt-hellip\"> [\u2026]<\/span><\/p>\n","protected":false},"featured_media":0,"template":"","meta":{"_monsterinsights_skip_tracking":false,"_monsterinsights_sitenote_active":false,"_monsterinsights_sitenote_note":"","_monsterinsights_sitenote_category":0},"product_brand":[],"product_cat":[12274,12284],"product_tag":[],"class_list":{"0":"post-705075","1":"product","2":"type-product","3":"status-publish","5":"product_cat-cocuk-ve-genclik-kitaplari","6":"product_cat-hikayeler","7":"pa_cilt-ciltli","8":"pa_tur-kitap","9":"pa_yayinevi-epsilon-yayinlari","10":"pa_yazar-luigi-garlando","12":"first","13":"instock","14":"sale","15":"shipping-taxable","16":"purchasable","17":"product-type-simple"},"_links":{"self":[{"href":"https:\/\/roveyayinevi.com.tr\/index.php\/wp-json\/wp\/v2\/product\/705075","targetHints":{"allow":["GET"]}}],"collection":[{"href":"https:\/\/roveyayinevi.com.tr\/index.php\/wp-json\/wp\/v2\/product"}],"about":[{"href":"https:\/\/roveyayinevi.com.tr\/index.php\/wp-json\/wp\/v2\/types\/product"}],"wp:attachment":[{"href":"https:\/\/roveyayinevi.com.tr\/index.php\/wp-json\/wp\/v2\/media?parent=705075"}],"wp:term":[{"taxonomy":"product_brand","embeddable":true,"href":"https:\/\/roveyayinevi.com.tr\/index.php\/wp-json\/wp\/v2\/product_brand?post=705075"},{"taxonomy":"product_cat","embeddable":true,"href":"https:\/\/roveyayinevi.com.tr\/index.php\/wp-json\/wp\/v2\/product_cat?post=705075"},{"taxonomy":"product_tag","embeddable":true,"href":"https:\/\/roveyayinevi.com.tr\/index.php\/wp-json\/wp\/v2\/product_tag?post=705075"}],"curies":[{"name":"wp","href":"https:\/\/api.w.org\/{rel}","templated":true}]}}