{"id":705067,"date":"2025-08-27T15:42:19","date_gmt":"2025-08-27T12:42:19","guid":{"rendered":"https:\/\/roveyayinevi.com.tr\/index.php\/urun\/kasgarli-mahmut-2\/"},"modified":"2026-04-16T02:13:58","modified_gmt":"2026-04-15T23:13:58","slug":"kasgarli-mahmut-2","status":"publish","type":"product","link":"https:\/\/roveyayinevi.com.tr\/index.php\/urun\/kasgarli-mahmut-2\/","title":{"rendered":"Ka\u015fgarl\u0131 Mahmut"},"content":{"rendered":"<p>Ka\u015fgarl\u0131 Mahmut onbirinci as\u0131rda ya\u015fam\u0131\u015f b\u00fcy\u00fck bir T\u00fcrk alimidir. Devrin T\u00fcrk\u00e7esinin b\u00fcy\u00fck ve harikulade bir l\u00fcgatini yazm\u0131\u015ft\u0131r. Divan\u00fc L\u00fcgat-it-T\u00fcrk ad\u0131n\u0131 ta\u015f\u0131yan bu eserin bug\u00fcn yer y\u00fcz\u00fcnde bir tek yazma n\u00fcshas\u0131 vard\u0131r. O da \u0130stanbulda Fatih Millet K\u00fct\u00fcphanesinde Ali Emir-i kitaplar\u0131 aras\u0131ndad\u0131r. Ka\u015fgarl\u0131 Mahmudun di\u011fer eserleri maalesef ele ge\u00e7memi\u015ftir. \u0130lk devlet kuruculu\u011fu tarihinden bu yana, s\u0131k\u0131 s\u0131k\u0131 ya milli diline ba\u011fl\u0131 kalan T\u00fcrk d\u00fcnyas\u0131, 5. as\u0131rdaki yaz\u0131l\u0131 abideleriyle ortaya \u00e7\u0131km\u0131\u015f, T\u00fcrk diline milli bir devler dili hakimiyeti temin etmi\u015ftir. Daha mil\u00e2ttan \u00f6nce ikinci as\u0131rda, milli bir \u015fairi ile tan\u0131nan Orta Asya T\u00fcrkleri, kom\u015fular\u0131 bulunan kuvvetli \u00c7in medeniyetinin bask\u0131s\u0131na ve durmadan devam edegelen sava\u015flara ra\u011fmen ana dillerini i\u015fleyerek onu yaz\u0131 dili, edeb\u00ee dil haline getirme\u011fi ba\u015farm\u0131\u015flard\u0131r. 5. as\u0131r Yenisey ve civar\u0131n\u0131n K\u0131rg\u0131z T\u00fcrklerine ait kitabeleri ile, daha sonraki Orhun kitabeleri, bu \u00e7a\u011f Orta Asya T\u00fcrkl\u00fc \u011f\u00fcn\u00fcn, tarihi vesikalar diliyle konu\u015ftuklar\u0131n\u0131 ortaya koymu\u015ftur. Hatta matbaa kurarak T\u00fcrk dilli, Orhun hurufatl\u0131 kitaplar\u0131n bask\u0131s\u0131n\u0131 dahi temin etmi\u015flerdir. Bu suretle, Orta Asyan\u0131n g\u00f6be\u011finde yerle\u015fmi\u015f ve di\u011fer milletlerle geni\u015f temasta bulunmu\u015f olan T\u00fcrkler, m\u00fc\u015fterek ana yurt \u00e7evresinde, karma medeniyet kayna\u015fmas\u0131nda dahi dillerini muhafaza etmi\u015f ve kom\u015fular\u0131na bir \u00e7ok yeni \u015feyler a\u015f\u0131lam\u0131\u015flard\u0131r. Orhun kitabelerinin yaln\u0131z T\u00fcrk milletine mahsus bir tarih\u00ee hitabe olmay\u0131p, T\u00fcrk kom\u015fular\u0131na da T\u00fcrk tarihini ve milli T\u00fcrk dilim a\u015f\u0131lamaya yarar bir vesika oldu\u011funa, bug\u00fcn art\u0131k \u015f\u00fcphe kalmam\u0131\u015ft\u0131r. Tarih yazmay\u0131 ve devlet s\u0131rr\u0131n\u0131 \u00f6z vatanda\u015f\u0131na devretme gelene\u011fini kuran bu \u00e2bideler e\u011fer elimize ge\u00e7memi\u015f olsayd\u0131, belki bug\u00fcn Ka\u015fgarl\u0131 Mahmudun Divan\u00fc L\u00fcgat-it-T\u00fcrk adl\u0131 eserine de ihtiya\u00e7 duyulmam\u0131\u015f olurdu. Bunlarla T\u00fcrk\u00fcn h\u00fck\u00fcmran bulundu\u011fu \u00fclkelerde, 1500 y\u0131l \u00f6nce, milli bir dilde yaz\u0131 yazma zarureti mevcut olmu\u015f oldu\u011fu meydana \u00e7\u0131kmaktad\u0131r. Zamanla bu milli bir gelenek haline getirilerek, T\u00fcrklerin yerle\u015ftikleri, devlet kurduklar\u0131, hatta konup g\u00f6\u00e7t\u00fckleri b\u00fct\u00fcn sahalarda devam ettirilmi\u015f, T\u00fcrk dilli meden\u00ee abidelerin t\u00fcreyi\u015fini sa\u011flam\u0131\u015ft\u0131r<\/p>\n","protected":false},"excerpt":{"rendered":"<p>Ka\u015fgarl\u0131 Mahmut onbirinci as\u0131rda ya\u015fam\u0131\u015f b\u00fcy\u00fck bir T\u00fcrk alimidir. Devrin T\u00fcrk\u00e7esinin b\u00fcy\u00fck ve harikulade bir l\u00fcgatini yazm\u0131\u015ft\u0131r. Divan\u00fc L\u00fcgat-it-T\u00fcrk ad\u0131n\u0131 ta\u015f\u0131yan bu eserin bug\u00fcn yer y\u00fcz\u00fcnde<span class=\"excerpt-hellip\"> [\u2026]<\/span><\/p>\n","protected":false},"featured_media":0,"template":"","meta":{"_monsterinsights_skip_tracking":false,"_monsterinsights_sitenote_active":false,"_monsterinsights_sitenote_note":"","_monsterinsights_sitenote_category":0},"product_brand":[],"product_cat":[12312,12304],"product_tag":[],"class_list":{"0":"post-705067","1":"product","2":"type-product","3":"status-publish","5":"product_cat-diger","6":"product_cat-tarih","7":"pa_cilt-ciltsiz","8":"pa_tur-kitap","9":"pa_yayinevi-altinordu-yayinlari","10":"pa_yazar-ahmet-caferoglu","12":"first","13":"instock","14":"sale","15":"shipping-taxable","16":"purchasable","17":"product-type-simple"},"_links":{"self":[{"href":"https:\/\/roveyayinevi.com.tr\/index.php\/wp-json\/wp\/v2\/product\/705067","targetHints":{"allow":["GET"]}}],"collection":[{"href":"https:\/\/roveyayinevi.com.tr\/index.php\/wp-json\/wp\/v2\/product"}],"about":[{"href":"https:\/\/roveyayinevi.com.tr\/index.php\/wp-json\/wp\/v2\/types\/product"}],"wp:attachment":[{"href":"https:\/\/roveyayinevi.com.tr\/index.php\/wp-json\/wp\/v2\/media?parent=705067"}],"wp:term":[{"taxonomy":"product_brand","embeddable":true,"href":"https:\/\/roveyayinevi.com.tr\/index.php\/wp-json\/wp\/v2\/product_brand?post=705067"},{"taxonomy":"product_cat","embeddable":true,"href":"https:\/\/roveyayinevi.com.tr\/index.php\/wp-json\/wp\/v2\/product_cat?post=705067"},{"taxonomy":"product_tag","embeddable":true,"href":"https:\/\/roveyayinevi.com.tr\/index.php\/wp-json\/wp\/v2\/product_tag?post=705067"}],"curies":[{"name":"wp","href":"https:\/\/api.w.org\/{rel}","templated":true}]}}