{"id":705064,"date":"2025-08-27T15:42:18","date_gmt":"2025-08-27T12:42:18","guid":{"rendered":"https:\/\/roveyayinevi.com.tr\/index.php\/urun\/gol-final-ruyasi-ciltli\/"},"modified":"2026-04-16T02:13:57","modified_gmt":"2026-04-15T23:13:57","slug":"gol-final-ruyasi-ciltli","status":"publish","type":"product","link":"https:\/\/roveyayinevi.com.tr\/index.php\/urun\/gol-final-ruyasi-ciltli\/","title":{"rendered":"Gol! &#8211; Final R\u00fcyas\u0131 (Ciltli)"},"content":{"rendered":"<p>Noel geride kald\u0131, bahar geliyor ve \u015fampiyonan\u0131n ikinci b\u00f6lu\u0308mu\u0308 ba\u015flamak u\u0308zere. Efsanevi antren\u00f6rleri Gaston Champignon taraf\u0131ndan y\u00f6netilen So\u011fanc\u0131klar, gruptan \u00e7\u0131k\u0131p bu\u0308yu\u0308k rakipleri Mavi Akademi\u2019yi yenmeye kararl\u0131lar. Ancak her \u015feyden \u00f6nce, Tommi, Dante ve di\u011ferlerinin \u00f6nce Topa\u00e7\u2019\u0131 judo antrenmanlar\u0131n\u0131 b\u0131rak\u0131p tak\u0131ma d\u00f6nmeye ikna etmeleri gerek. \u00c7u\u0308nku\u0308, t\u0131pk\u0131 Champignon\u2019un dedi\u011fi gibi, So\u011fanc\u0131klar alt\u0131 ta\u00e7yaprak de\u011fil, tek bir \u00e7i\u00e7ektir ve \u00f6nemli olan tak\u0131m olmakt\u0131r! \ufffcTan\u0131t\u0131m Metni<\/p>\n","protected":false},"excerpt":{"rendered":"<p>Noel geride kald\u0131, bahar geliyor ve \u015fampiyonan\u0131n ikinci b\u00f6lu\u0308mu\u0308 ba\u015flamak u\u0308zere. Efsanevi antren\u00f6rleri Gaston Champignon taraf\u0131ndan y\u00f6netilen So\u011fanc\u0131klar, gruptan \u00e7\u0131k\u0131p bu\u0308yu\u0308k rakipleri Mavi Akademi\u2019yi yenmeye kararl\u0131lar.<span class=\"excerpt-hellip\"> [\u2026]<\/span><\/p>\n","protected":false},"featured_media":0,"template":"","meta":{"_monsterinsights_skip_tracking":false,"_monsterinsights_sitenote_active":false,"_monsterinsights_sitenote_note":"","_monsterinsights_sitenote_category":0},"product_brand":[],"product_cat":[12275,12274],"product_tag":[],"class_list":{"0":"post-705064","1":"product","2":"type-product","3":"status-publish","5":"product_cat-6-12-yas-kitaplari","6":"product_cat-cocuk-ve-genclik-kitaplari","7":"pa_cilt-ciltli","8":"pa_tur-kitap","9":"pa_yayinevi-epsilon-yayinlari","10":"pa_yazar-luigi-garlando","12":"first","13":"instock","14":"sale","15":"shipping-taxable","16":"purchasable","17":"product-type-simple"},"_links":{"self":[{"href":"https:\/\/roveyayinevi.com.tr\/index.php\/wp-json\/wp\/v2\/product\/705064","targetHints":{"allow":["GET"]}}],"collection":[{"href":"https:\/\/roveyayinevi.com.tr\/index.php\/wp-json\/wp\/v2\/product"}],"about":[{"href":"https:\/\/roveyayinevi.com.tr\/index.php\/wp-json\/wp\/v2\/types\/product"}],"wp:attachment":[{"href":"https:\/\/roveyayinevi.com.tr\/index.php\/wp-json\/wp\/v2\/media?parent=705064"}],"wp:term":[{"taxonomy":"product_brand","embeddable":true,"href":"https:\/\/roveyayinevi.com.tr\/index.php\/wp-json\/wp\/v2\/product_brand?post=705064"},{"taxonomy":"product_cat","embeddable":true,"href":"https:\/\/roveyayinevi.com.tr\/index.php\/wp-json\/wp\/v2\/product_cat?post=705064"},{"taxonomy":"product_tag","embeddable":true,"href":"https:\/\/roveyayinevi.com.tr\/index.php\/wp-json\/wp\/v2\/product_tag?post=705064"}],"curies":[{"name":"wp","href":"https:\/\/api.w.org\/{rel}","templated":true}]}}