{"id":705063,"date":"2025-08-27T15:42:17","date_gmt":"2025-08-27T12:42:17","guid":{"rendered":"https:\/\/roveyayinevi.com.tr\/index.php\/urun\/basladiysa-biter-o-yuzden-guzel-2\/"},"modified":"2026-04-08T02:18:34","modified_gmt":"2026-04-07T23:18:34","slug":"basladiysa-biter-o-yuzden-guzel-2","status":"publish","type":"product","link":"https:\/\/roveyayinevi.com.tr\/index.php\/urun\/basladiysa-biter-o-yuzden-guzel-2\/","title":{"rendered":"Ba\u015flad\u0131ysa Biter, O Y\u00fczden G\u00fczel"},"content":{"rendered":"<p>Belki baz\u0131 sayfalara uzun uzun bak\u0131p g\u00fcnlerce d\u00fc\u015f\u00fcneceksin\u2026 Belki bir \u00e7\u0131rp\u0131da hepsini t\u00fcketeceksin\u2026 Belki birka\u00e7\u0131nda kalacak, hatta payla\u015fmak isteyecek, belki de birka\u00e7\u0131na hi\u00e7 d\u00f6nmek istemeyeceksin\u2026 Ama bil ki bu elindeki sana iyi gelecek\u2026 Yani his olarak iyi gelecek\u2026 <\/p>\n","protected":false},"excerpt":{"rendered":"<p>Belki baz\u0131 sayfalara uzun uzun bak\u0131p g\u00fcnlerce d\u00fc\u015f\u00fcneceksin\u2026 Belki bir \u00e7\u0131rp\u0131da hepsini t\u00fcketeceksin\u2026 Belki birka\u00e7\u0131nda kalacak, hatta payla\u015fmak isteyecek, belki de birka\u00e7\u0131na hi\u00e7 d\u00f6nmek istemeyeceksin\u2026 Ama<span class=\"excerpt-hellip\"> [\u2026]<\/span><\/p>\n","protected":false},"featured_media":0,"template":"","meta":{"_monsterinsights_skip_tracking":false,"_monsterinsights_sitenote_active":false,"_monsterinsights_sitenote_note":"","_monsterinsights_sitenote_category":0},"product_brand":[],"product_cat":[12777,12291],"product_tag":[],"class_list":{"0":"post-705063","1":"product","2":"type-product","3":"status-publish","5":"product_cat-deneme","6":"product_cat-edebiyat","7":"pa_tur-kitap","8":"pa_yayinevi-okuyan-us-yayin","9":"pa_yazar-cem-mumcu","11":"first","12":"instock","13":"sale","14":"shipping-taxable","15":"purchasable","16":"product-type-simple"},"_links":{"self":[{"href":"https:\/\/roveyayinevi.com.tr\/index.php\/wp-json\/wp\/v2\/product\/705063","targetHints":{"allow":["GET"]}}],"collection":[{"href":"https:\/\/roveyayinevi.com.tr\/index.php\/wp-json\/wp\/v2\/product"}],"about":[{"href":"https:\/\/roveyayinevi.com.tr\/index.php\/wp-json\/wp\/v2\/types\/product"}],"wp:attachment":[{"href":"https:\/\/roveyayinevi.com.tr\/index.php\/wp-json\/wp\/v2\/media?parent=705063"}],"wp:term":[{"taxonomy":"product_brand","embeddable":true,"href":"https:\/\/roveyayinevi.com.tr\/index.php\/wp-json\/wp\/v2\/product_brand?post=705063"},{"taxonomy":"product_cat","embeddable":true,"href":"https:\/\/roveyayinevi.com.tr\/index.php\/wp-json\/wp\/v2\/product_cat?post=705063"},{"taxonomy":"product_tag","embeddable":true,"href":"https:\/\/roveyayinevi.com.tr\/index.php\/wp-json\/wp\/v2\/product_tag?post=705063"}],"curies":[{"name":"wp","href":"https:\/\/api.w.org\/{rel}","templated":true}]}}