{"id":705061,"date":"2025-08-27T15:42:17","date_gmt":"2025-08-27T12:42:17","guid":{"rendered":"https:\/\/roveyayinevi.com.tr\/index.php\/urun\/altin-kitabin-sirlari\/"},"modified":"2026-04-16T02:13:57","modified_gmt":"2026-04-15T23:13:57","slug":"altin-kitabin-sirlari","status":"publish","type":"product","link":"https:\/\/roveyayinevi.com.tr\/index.php\/urun\/altin-kitabin-sirlari\/","title":{"rendered":"Alt\u0131n Kitab\u0131n S\u0131rlar\u0131"},"content":{"rendered":"<p>Bu kitapta yer alan bilgiler, y\u00fczy\u0131llard\u0131r ger\u00e7e\u011fe uyanan bilin\u00e7lerin \u00e7o\u011funun s\u00f6ylemeye cesaret edemedi\u011fi, insanl\u0131k tarihinin bilinen bilinmeyen b\u00fct\u00fcn kadim kitaplar\u0131nda yazan ama a\u00e7\u0131klanmayan, saklanan ve \u00e7o\u011fu zihnin alg\u0131layamayaca\u011f\u0131 kadar basit ve hakikidir. \ufffcTan\u0131t\u0131m Metni<\/p>\n","protected":false},"excerpt":{"rendered":"<p>Bu kitapta yer alan bilgiler, y\u00fczy\u0131llard\u0131r ger\u00e7e\u011fe uyanan bilin\u00e7lerin \u00e7o\u011funun s\u00f6ylemeye cesaret edemedi\u011fi, insanl\u0131k tarihinin bilinen bilinmeyen b\u00fct\u00fcn kadim kitaplar\u0131nda yazan ama a\u00e7\u0131klanmayan, saklanan ve \u00e7o\u011fu<span class=\"excerpt-hellip\"> [\u2026]<\/span><\/p>\n","protected":false},"featured_media":0,"template":"","meta":{"_monsterinsights_skip_tracking":false,"_monsterinsights_sitenote_active":false,"_monsterinsights_sitenote_note":"","_monsterinsights_sitenote_category":0},"product_brand":[],"product_cat":[12364,12376],"product_tag":[],"class_list":{"0":"post-705061","1":"product","2":"type-product","3":"status-publish","5":"product_cat-genel-konular","6":"product_cat-kisisel-gelisim","7":"pa_cilt-ciltsiz","8":"pa_tur-kitap","9":"pa_yayinevi-destek-yayinlari","10":"pa_yazar-nevsah-fidan-karamehmet","12":"first","13":"instock","14":"sale","15":"shipping-taxable","16":"purchasable","17":"product-type-simple"},"_links":{"self":[{"href":"https:\/\/roveyayinevi.com.tr\/index.php\/wp-json\/wp\/v2\/product\/705061","targetHints":{"allow":["GET"]}}],"collection":[{"href":"https:\/\/roveyayinevi.com.tr\/index.php\/wp-json\/wp\/v2\/product"}],"about":[{"href":"https:\/\/roveyayinevi.com.tr\/index.php\/wp-json\/wp\/v2\/types\/product"}],"wp:attachment":[{"href":"https:\/\/roveyayinevi.com.tr\/index.php\/wp-json\/wp\/v2\/media?parent=705061"}],"wp:term":[{"taxonomy":"product_brand","embeddable":true,"href":"https:\/\/roveyayinevi.com.tr\/index.php\/wp-json\/wp\/v2\/product_brand?post=705061"},{"taxonomy":"product_cat","embeddable":true,"href":"https:\/\/roveyayinevi.com.tr\/index.php\/wp-json\/wp\/v2\/product_cat?post=705061"},{"taxonomy":"product_tag","embeddable":true,"href":"https:\/\/roveyayinevi.com.tr\/index.php\/wp-json\/wp\/v2\/product_tag?post=705061"}],"curies":[{"name":"wp","href":"https:\/\/api.w.org\/{rel}","templated":true}]}}