{"id":705058,"date":"2025-08-27T15:42:15","date_gmt":"2025-08-27T12:42:15","guid":{"rendered":"https:\/\/roveyayinevi.com.tr\/index.php\/urun\/elma-kokulu-masallar-kokulu-kitap\/"},"modified":"2025-09-11T09:51:15","modified_gmt":"2025-09-11T06:51:15","slug":"elma-kokulu-masallar-kokulu-kitap","status":"publish","type":"product","link":"https:\/\/roveyayinevi.com.tr\/index.php\/urun\/elma-kokulu-masallar-kokulu-kitap\/","title":{"rendered":"Elma Kokulu Masallar (Kokulu Kitap)"},"content":{"rendered":"<p>Masallar kitapla tan\u0131\u015fman\u0131n il ad\u0131m\u0131d\u0131r. Hen\u00fcz Okumay\u0131 bile bilmedikleri \u00e7a\u011flarda \u00e7ocuklar\u0131m\u0131za kudu\u011fumuz yada anlatt\u0131\u011f\u0131m\u0131z masallara onlar\u0131 dil d\u00fcnyam\u0131z\u0131n en zengin renkleriyle tan\u0131\u015ft\u0131r\u0131r, masallar arac\u0131l\u0131\u011f\u0131yla onlara d\u00fcnyadan s\u00f6z eder, ya\u015fam\u0131 sevdirmek isteriz \ufffcTan\u0131t\u0131m Metni<\/p>\n","protected":false},"excerpt":{"rendered":"<p>Masallar kitapla tan\u0131\u015fman\u0131n il ad\u0131m\u0131d\u0131r. Hen\u00fcz Okumay\u0131 bile bilmedikleri \u00e7a\u011flarda \u00e7ocuklar\u0131m\u0131za kudu\u011fumuz yada anlatt\u0131\u011f\u0131m\u0131z masallara onlar\u0131 dil d\u00fcnyam\u0131z\u0131n en zengin renkleriyle tan\u0131\u015ft\u0131r\u0131r, masallar arac\u0131l\u0131\u011f\u0131yla onlara d\u00fcnyadan<span class=\"excerpt-hellip\"> [\u2026]<\/span><\/p>\n","protected":false},"featured_media":0,"template":"","meta":{"_monsterinsights_skip_tracking":false,"_monsterinsights_sitenote_active":false,"_monsterinsights_sitenote_note":"","_monsterinsights_sitenote_category":0},"product_brand":[],"product_cat":[12274,12523],"product_tag":[],"class_list":{"0":"post-705058","1":"product","2":"type-product","3":"status-publish","5":"product_cat-cocuk-ve-genclik-kitaplari","6":"product_cat-masallar","7":"pa_cilt-ciltsiz","8":"pa_tur-kitap","9":"pa_yayinevi-yakamoz-yayinevi","10":"pa_yazar-kolektif","12":"first","13":"instock","14":"sale","15":"shipping-taxable","16":"purchasable","17":"product-type-simple"},"_links":{"self":[{"href":"https:\/\/roveyayinevi.com.tr\/index.php\/wp-json\/wp\/v2\/product\/705058","targetHints":{"allow":["GET"]}}],"collection":[{"href":"https:\/\/roveyayinevi.com.tr\/index.php\/wp-json\/wp\/v2\/product"}],"about":[{"href":"https:\/\/roveyayinevi.com.tr\/index.php\/wp-json\/wp\/v2\/types\/product"}],"wp:attachment":[{"href":"https:\/\/roveyayinevi.com.tr\/index.php\/wp-json\/wp\/v2\/media?parent=705058"}],"wp:term":[{"taxonomy":"product_brand","embeddable":true,"href":"https:\/\/roveyayinevi.com.tr\/index.php\/wp-json\/wp\/v2\/product_brand?post=705058"},{"taxonomy":"product_cat","embeddable":true,"href":"https:\/\/roveyayinevi.com.tr\/index.php\/wp-json\/wp\/v2\/product_cat?post=705058"},{"taxonomy":"product_tag","embeddable":true,"href":"https:\/\/roveyayinevi.com.tr\/index.php\/wp-json\/wp\/v2\/product_tag?post=705058"}],"curies":[{"name":"wp","href":"https:\/\/api.w.org\/{rel}","templated":true}]}}