{"id":705052,"date":"2025-08-27T15:42:13","date_gmt":"2025-08-27T12:42:13","guid":{"rendered":"https:\/\/roveyayinevi.com.tr\/index.php\/urun\/sefiller-9\/"},"modified":"2026-04-16T02:13:57","modified_gmt":"2026-04-15T23:13:57","slug":"sefiller-9","status":"publish","type":"product","link":"https:\/\/roveyayinevi.com.tr\/index.php\/urun\/sefiller-9\/","title":{"rendered":"Sefiller"},"content":{"rendered":"<p>\u0130htiya\u00e7lar\u0131 fazlala\u015fan insanlar, kaynaklar\u0131n s\u0131n\u0131rlar\u0131n\u0131 zorlamaya itilir ve yollar\u0131na \u00e7\u0131kan savunmas\u0131z birinden bile irkilir. \u0130\u015f ve \u00fccretler, yiyecek ve bar\u0131nma, cesaret ve iyi niyet; hepsi sahip olamad\u0131klar\u0131 \u015feylerdir. I\u015f\u0131k g\u00f6lgeye d\u00f6n\u00fc\u015f\u00fcr ve karanl\u0131k y\u00fcreklerini doldurur. Bu karanl\u0131k, insan\u0131n i\u00e7indeki zay\u0131fl\u0131\u011f\u0131 ele ge\u00e7irir ve onu utan\u00e7 verici i\u015flere zorlar. Art\u0131k hi\u00e7bir deh\u015fet veya korku d\u0131\u015flanmaz. \u00dcmitsizlik ve \u00e7aresizlikle hepsi k\u00f6t\u00fcl\u00fck ve su\u00e7a y\u00f6nelir&#8230; Hepsi sefille\u015fmi\u015f, bozulmu\u015f birer pislik gibi g\u00f6z\u00fck\u00fcr. Fakat o denli al\u00e7alm\u0131\u015f ki\u015filerin de daha fazla al\u00e7alamayaca\u011f\u0131 bir \u00e7izgi vard\u0131r ve bu d\u00f6n\u00fcm noktas\u0131nda, d\u0131\u015f d\u00fcnya adeta yutar bu zavall\u0131, talihsiz, kimliksiz insanlar\u0131&#8230; Onlar Sefiller\u2019dir; toplumdan d\u0131\u015flananlar&#8230; \ufffcTan\u0131t\u0131m Metni<\/p>\n","protected":false},"excerpt":{"rendered":"<p>\u0130htiya\u00e7lar\u0131 fazlala\u015fan insanlar, kaynaklar\u0131n s\u0131n\u0131rlar\u0131n\u0131 zorlamaya itilir ve yollar\u0131na \u00e7\u0131kan savunmas\u0131z birinden bile irkilir. \u0130\u015f ve \u00fccretler, yiyecek ve bar\u0131nma, cesaret ve iyi niyet; hepsi sahip<span class=\"excerpt-hellip\"> [\u2026]<\/span><\/p>\n","protected":false},"featured_media":0,"template":"","meta":{"_monsterinsights_skip_tracking":false,"_monsterinsights_sitenote_active":false,"_monsterinsights_sitenote_note":"","_monsterinsights_sitenote_category":0},"product_brand":[],"product_cat":[12291,13376],"product_tag":[],"class_list":{"0":"post-705052","1":"product","2":"type-product","3":"status-publish","5":"product_cat-edebiyat","6":"product_cat-fransiz-edebiyati","7":"pa_cilt-ciltsiz","8":"pa_tur-kitap","9":"pa_yayinevi-antik-kitap","10":"pa_yazar-victor-hugo","12":"first","13":"instock","14":"sale","15":"shipping-taxable","16":"purchasable","17":"product-type-simple"},"_links":{"self":[{"href":"https:\/\/roveyayinevi.com.tr\/index.php\/wp-json\/wp\/v2\/product\/705052","targetHints":{"allow":["GET"]}}],"collection":[{"href":"https:\/\/roveyayinevi.com.tr\/index.php\/wp-json\/wp\/v2\/product"}],"about":[{"href":"https:\/\/roveyayinevi.com.tr\/index.php\/wp-json\/wp\/v2\/types\/product"}],"wp:attachment":[{"href":"https:\/\/roveyayinevi.com.tr\/index.php\/wp-json\/wp\/v2\/media?parent=705052"}],"wp:term":[{"taxonomy":"product_brand","embeddable":true,"href":"https:\/\/roveyayinevi.com.tr\/index.php\/wp-json\/wp\/v2\/product_brand?post=705052"},{"taxonomy":"product_cat","embeddable":true,"href":"https:\/\/roveyayinevi.com.tr\/index.php\/wp-json\/wp\/v2\/product_cat?post=705052"},{"taxonomy":"product_tag","embeddable":true,"href":"https:\/\/roveyayinevi.com.tr\/index.php\/wp-json\/wp\/v2\/product_tag?post=705052"}],"curies":[{"name":"wp","href":"https:\/\/api.w.org\/{rel}","templated":true}]}}