{"id":705049,"date":"2025-08-27T15:42:12","date_gmt":"2025-08-27T12:42:12","guid":{"rendered":"https:\/\/roveyayinevi.com.tr\/index.php\/urun\/aydin-ihaneti\/"},"modified":"2026-04-16T02:13:57","modified_gmt":"2026-04-15T23:13:57","slug":"aydin-ihaneti","status":"publish","type":"product","link":"https:\/\/roveyayinevi.com.tr\/index.php\/urun\/aydin-ihaneti\/","title":{"rendered":"Ayd\u0131n \u0130haneti"},"content":{"rendered":"<p>Sevdi\u011fim ayd\u0131n tan\u0131mlar\u0131ndan biri \u015fudur: \u00dclkesinin gelece\u011fine har\u00e7 ta\u015f\u0131yan ki\u015fiye ayd\u0131n denir. Ayd\u0131n; o harc\u0131 ka\u00e7 kat ta\u015f\u0131yabilirse, \u00fclkesini o kadar y\u00fckse\u011fe \u00e7\u0131kart\u0131r. O harc\u0131 yorulmadan, usanmadan, d\u00f6kmeden y\u00fckseklere ta\u015f\u0131mak, herkesin harc\u0131 de\u011fildir. \ufffcTan\u0131t\u0131m Metni<\/p>\n","protected":false},"excerpt":{"rendered":"<p>Sevdi\u011fim ayd\u0131n tan\u0131mlar\u0131ndan biri \u015fudur: \u00dclkesinin gelece\u011fine har\u00e7 ta\u015f\u0131yan ki\u015fiye ayd\u0131n denir. Ayd\u0131n; o harc\u0131 ka\u00e7 kat ta\u015f\u0131yabilirse, \u00fclkesini o kadar y\u00fckse\u011fe \u00e7\u0131kart\u0131r. O harc\u0131 yorulmadan,<span class=\"excerpt-hellip\"> [\u2026]<\/span><\/p>\n","protected":false},"featured_media":0,"template":"","meta":{"_monsterinsights_skip_tracking":false,"_monsterinsights_sitenote_active":false,"_monsterinsights_sitenote_note":"","_monsterinsights_sitenote_category":0},"product_brand":[],"product_cat":[13590,12337],"product_tag":[],"class_list":{"0":"post-705049","1":"product","2":"type-product","3":"status-publish","5":"product_cat-arastirma-inceleme-politika-siyaset","6":"product_cat-politika-siyaset","7":"pa_tur-kitap","8":"pa_yayinevi-asi-kitap","9":"pa_yazar-umit-zileli","11":"first","12":"instock","13":"sale","14":"shipping-taxable","15":"purchasable","16":"product-type-simple"},"_links":{"self":[{"href":"https:\/\/roveyayinevi.com.tr\/index.php\/wp-json\/wp\/v2\/product\/705049","targetHints":{"allow":["GET"]}}],"collection":[{"href":"https:\/\/roveyayinevi.com.tr\/index.php\/wp-json\/wp\/v2\/product"}],"about":[{"href":"https:\/\/roveyayinevi.com.tr\/index.php\/wp-json\/wp\/v2\/types\/product"}],"wp:attachment":[{"href":"https:\/\/roveyayinevi.com.tr\/index.php\/wp-json\/wp\/v2\/media?parent=705049"}],"wp:term":[{"taxonomy":"product_brand","embeddable":true,"href":"https:\/\/roveyayinevi.com.tr\/index.php\/wp-json\/wp\/v2\/product_brand?post=705049"},{"taxonomy":"product_cat","embeddable":true,"href":"https:\/\/roveyayinevi.com.tr\/index.php\/wp-json\/wp\/v2\/product_cat?post=705049"},{"taxonomy":"product_tag","embeddable":true,"href":"https:\/\/roveyayinevi.com.tr\/index.php\/wp-json\/wp\/v2\/product_tag?post=705049"}],"curies":[{"name":"wp","href":"https:\/\/api.w.org\/{rel}","templated":true}]}}