{"id":705046,"date":"2025-08-27T15:42:10","date_gmt":"2025-08-27T12:42:10","guid":{"rendered":"https:\/\/roveyayinevi.com.tr\/index.php\/urun\/akil-hastaligimin-hatirati\/"},"modified":"2026-04-16T02:13:57","modified_gmt":"2026-04-15T23:13:57","slug":"akil-hastaligimin-hatirati","status":"publish","type":"product","link":"https:\/\/roveyayinevi.com.tr\/index.php\/urun\/akil-hastaligimin-hatirati\/","title":{"rendered":"Ak\u0131l Hastal\u0131\u011f\u0131m\u0131n Hat\u0131rat\u0131"},"content":{"rendered":"<p>Schreber\u2019in Hat\u0131rat\u0131, yay\u0131mland\u0131\u011f\u0131 1903 tarihinden beri ola\u011fan\u00fcst\u00fc bir eser olarak kabul g\u00f6rd\u00fc. Y\u0131llar boyunca hakk\u0131nda \u00e7ok say\u0131da kitap ve makale \u00e7\u0131kt\u0131. Psikiyatri yazarlar\u0131 kitab\u0131 nesiller boyunca pek \u00e7ok teorinin \u00f6z\u00fc olarak kulland\u0131, t\u0131p ele\u015ftirmenleri okumalar\u0131 i\u00e7in meslekta\u015flar\u0131na \u00f6nerdi. 1910 y\u0131l\u0131nda Freud, Jung\u2019a \u015fakayla kar\u0131\u015f\u0131k \u201charikulade Schreber\u201din bir psikiyatri profes\u00f6r\u00fc ve bir ak\u0131l hastanesinin y\u00f6neticisi yap\u0131lmas\u0131 gerekti\u011fini s\u00f6ylemi\u015fti. Kitap hakk\u0131nda Freud\u2019un ara\u015ft\u0131rmas\u0131 (Schreber Vakas\u0131) 1911 y\u0131l\u0131nda yay\u0131mland\u0131\u011f\u0131ndan beri de alandaki herkes Schreber hakk\u0131nda konu\u015fuyor. <\/p>\n","protected":false},"excerpt":{"rendered":"<p>Schreber\u2019in Hat\u0131rat\u0131, yay\u0131mland\u0131\u011f\u0131 1903 tarihinden beri ola\u011fan\u00fcst\u00fc bir eser olarak kabul g\u00f6rd\u00fc. Y\u0131llar boyunca hakk\u0131nda \u00e7ok say\u0131da kitap ve makale \u00e7\u0131kt\u0131. Psikiyatri yazarlar\u0131 kitab\u0131 nesiller boyunca<span class=\"excerpt-hellip\"> [\u2026]<\/span><\/p>\n","protected":false},"featured_media":0,"template":"","meta":{"_monsterinsights_skip_tracking":false,"_monsterinsights_sitenote_active":false,"_monsterinsights_sitenote_note":"","_monsterinsights_sitenote_category":0},"product_brand":[],"product_cat":[12358,12357],"product_tag":[],"class_list":{"0":"post-705046","1":"product","2":"type-product","3":"status-publish","5":"product_cat-genel-psikoloji","6":"product_cat-psikoloji","7":"pa_tur-kitap","8":"pa_yayinevi-pinhan-yayincilik","9":"pa_yazar-daniel-paul-schreber","11":"first","12":"instock","13":"sale","14":"shipping-taxable","15":"purchasable","16":"product-type-simple"},"_links":{"self":[{"href":"https:\/\/roveyayinevi.com.tr\/index.php\/wp-json\/wp\/v2\/product\/705046","targetHints":{"allow":["GET"]}}],"collection":[{"href":"https:\/\/roveyayinevi.com.tr\/index.php\/wp-json\/wp\/v2\/product"}],"about":[{"href":"https:\/\/roveyayinevi.com.tr\/index.php\/wp-json\/wp\/v2\/types\/product"}],"wp:attachment":[{"href":"https:\/\/roveyayinevi.com.tr\/index.php\/wp-json\/wp\/v2\/media?parent=705046"}],"wp:term":[{"taxonomy":"product_brand","embeddable":true,"href":"https:\/\/roveyayinevi.com.tr\/index.php\/wp-json\/wp\/v2\/product_brand?post=705046"},{"taxonomy":"product_cat","embeddable":true,"href":"https:\/\/roveyayinevi.com.tr\/index.php\/wp-json\/wp\/v2\/product_cat?post=705046"},{"taxonomy":"product_tag","embeddable":true,"href":"https:\/\/roveyayinevi.com.tr\/index.php\/wp-json\/wp\/v2\/product_tag?post=705046"}],"curies":[{"name":"wp","href":"https:\/\/api.w.org\/{rel}","templated":true}]}}