{"id":705045,"date":"2025-08-27T15:42:10","date_gmt":"2025-08-27T12:42:10","guid":{"rendered":"https:\/\/roveyayinevi.com.tr\/index.php\/urun\/kalbinin-sesini-dinle\/"},"modified":"2026-04-16T02:13:57","modified_gmt":"2026-04-15T23:13:57","slug":"kalbinin-sesini-dinle","status":"publish","type":"product","link":"https:\/\/roveyayinevi.com.tr\/index.php\/urun\/kalbinin-sesini-dinle\/","title":{"rendered":"Kalbinin Sesini Dinle"},"content":{"rendered":"<p>Serin yaz gecelerinin, beyaz g\u00fcl kokular\u0131n\u0131n, uzaklardan ezan sesleri ta\u015f\u0131yan r\u00fczgarlar\u0131n ve hayat\u0131n \u00f6zlemi vard\u0131 sesinde&#8230; \ufffc<\/p>\n","protected":false},"excerpt":{"rendered":"<p>Serin yaz gecelerinin, beyaz g\u00fcl kokular\u0131n\u0131n, uzaklardan ezan sesleri ta\u015f\u0131yan r\u00fczgarlar\u0131n ve hayat\u0131n \u00f6zlemi vard\u0131 sesinde&#8230; \ufffc<\/p>\n","protected":false},"featured_media":0,"template":"","meta":{"_monsterinsights_skip_tracking":false,"_monsterinsights_sitenote_active":false,"_monsterinsights_sitenote_note":"","_monsterinsights_sitenote_category":0},"product_brand":[],"product_cat":[12291,12711],"product_tag":[],"class_list":{"0":"post-705045","1":"product","2":"type-product","3":"status-publish","5":"product_cat-edebiyat","6":"product_cat-roman-oyku","7":"pa_cilt-ciltsiz","8":"pa_tur-kitap","9":"pa_yayinevi-carpe-diem-kitaplari","10":"pa_yazar-omer-sevincgul","12":"first","13":"instock","14":"sale","15":"shipping-taxable","16":"purchasable","17":"product-type-simple"},"_links":{"self":[{"href":"https:\/\/roveyayinevi.com.tr\/index.php\/wp-json\/wp\/v2\/product\/705045","targetHints":{"allow":["GET"]}}],"collection":[{"href":"https:\/\/roveyayinevi.com.tr\/index.php\/wp-json\/wp\/v2\/product"}],"about":[{"href":"https:\/\/roveyayinevi.com.tr\/index.php\/wp-json\/wp\/v2\/types\/product"}],"wp:attachment":[{"href":"https:\/\/roveyayinevi.com.tr\/index.php\/wp-json\/wp\/v2\/media?parent=705045"}],"wp:term":[{"taxonomy":"product_brand","embeddable":true,"href":"https:\/\/roveyayinevi.com.tr\/index.php\/wp-json\/wp\/v2\/product_brand?post=705045"},{"taxonomy":"product_cat","embeddable":true,"href":"https:\/\/roveyayinevi.com.tr\/index.php\/wp-json\/wp\/v2\/product_cat?post=705045"},{"taxonomy":"product_tag","embeddable":true,"href":"https:\/\/roveyayinevi.com.tr\/index.php\/wp-json\/wp\/v2\/product_tag?post=705045"}],"curies":[{"name":"wp","href":"https:\/\/api.w.org\/{rel}","templated":true}]}}