{"id":705044,"date":"2025-08-27T15:42:10","date_gmt":"2025-08-27T12:42:10","guid":{"rendered":"https:\/\/roveyayinevi.com.tr\/index.php\/urun\/eski-turk-mogol-kisi-adlari-sozlugu\/"},"modified":"2026-04-16T02:13:57","modified_gmt":"2026-04-15T23:13:57","slug":"eski-turk-mogol-kisi-adlari-sozlugu","status":"publish","type":"product","link":"https:\/\/roveyayinevi.com.tr\/index.php\/urun\/eski-turk-mogol-kisi-adlari-sozlugu\/","title":{"rendered":"Eski T\u00fcrk &#8211; Mo\u011fol Ki\u015fi Adlar\u0131 S\u00f6zl\u00fc\u011f\u00fc"},"content":{"rendered":"<p>Bu s\u00f6zl\u00fck tarih\u00e7i ve dilcilere kaynakl\u0131k yapacak, T\u00fcrkolog bilim adamlar\u0131 ile ara\u015ft\u0131r\u0131c\u0131lar\u0131n ki\u015fi adlar\u0131 konusundaki sorunlar\u0131n\u0131 \u00e7\u00f6zebilecek bir el kitab\u0131d\u0131r. Bu eser, rahmetli Rasonyi ve Temir Hocalar\u0131m\u0131n manevi, rahmetli Hami Kartay&#8217;\u0131n maddi-manevi deste\u011fi, \u00e7a\u011fda\u015f\u0131m (Re\u015fat Gen\u00e7, Kaz\u0131m Ya\u015far Kopraman, \u0130smail Aka, Refet Y\u0131nan\u00e7 gibi) tarih\u00e7i meslekta\u015flar\u0131m\u0131n kaynak teminindeki yard\u0131mlar\u0131 ile ortaya \u00e7\u0131kt\u0131. B\u00fct\u00fcn eski Mo\u011fol ve T\u00fcrk ki\u015fi adlar\u0131n\u0131n toplam\u0131 bu kitab\u0131n mutlaka 4-5 kat\u0131 daha fazlad\u0131r. Pe\u00e7enek, Kuman-K\u0131p\u00e7ak, Bulgar, Avar ve Sel\u00e7uklu adlar\u0131n\u0131 da eklersek T\u00fcrk-Mo\u011fol adlar\u0131n\u0131n zenginli\u011fi g\u00f6r\u00fclecektir. <\/p>\n","protected":false},"excerpt":{"rendered":"<p>Bu s\u00f6zl\u00fck tarih\u00e7i ve dilcilere kaynakl\u0131k yapacak, T\u00fcrkolog bilim adamlar\u0131 ile ara\u015ft\u0131r\u0131c\u0131lar\u0131n ki\u015fi adlar\u0131 konusundaki sorunlar\u0131n\u0131 \u00e7\u00f6zebilecek bir el kitab\u0131d\u0131r. Bu eser, rahmetli Rasonyi ve Temir<span class=\"excerpt-hellip\"> [\u2026]<\/span><\/p>\n","protected":false},"featured_media":0,"template":"","meta":{"_monsterinsights_skip_tracking":false,"_monsterinsights_sitenote_active":false,"_monsterinsights_sitenote_note":"","_monsterinsights_sitenote_category":0},"product_brand":[],"product_cat":[12566,13611],"product_tag":[],"class_list":{"0":"post-705044","1":"product","2":"type-product","3":"status-publish","5":"product_cat-egitim","6":"product_cat-sozlukler-ve-konusma-kilavuzlari","7":"pa_tur-kitap","8":"pa_yayinevi-bilge-kultur-sanat","9":"pa_yazar-paki-kucuker","11":"first","12":"instock","13":"sale","14":"shipping-taxable","15":"purchasable","16":"product-type-simple"},"_links":{"self":[{"href":"https:\/\/roveyayinevi.com.tr\/index.php\/wp-json\/wp\/v2\/product\/705044","targetHints":{"allow":["GET"]}}],"collection":[{"href":"https:\/\/roveyayinevi.com.tr\/index.php\/wp-json\/wp\/v2\/product"}],"about":[{"href":"https:\/\/roveyayinevi.com.tr\/index.php\/wp-json\/wp\/v2\/types\/product"}],"wp:attachment":[{"href":"https:\/\/roveyayinevi.com.tr\/index.php\/wp-json\/wp\/v2\/media?parent=705044"}],"wp:term":[{"taxonomy":"product_brand","embeddable":true,"href":"https:\/\/roveyayinevi.com.tr\/index.php\/wp-json\/wp\/v2\/product_brand?post=705044"},{"taxonomy":"product_cat","embeddable":true,"href":"https:\/\/roveyayinevi.com.tr\/index.php\/wp-json\/wp\/v2\/product_cat?post=705044"},{"taxonomy":"product_tag","embeddable":true,"href":"https:\/\/roveyayinevi.com.tr\/index.php\/wp-json\/wp\/v2\/product_tag?post=705044"}],"curies":[{"name":"wp","href":"https:\/\/api.w.org\/{rel}","templated":true}]}}