{"id":705043,"date":"2025-08-27T15:42:09","date_gmt":"2025-08-27T12:42:09","guid":{"rendered":"https:\/\/roveyayinevi.com.tr\/index.php\/urun\/insanlarin-dunyasi\/"},"modified":"2026-04-16T02:13:57","modified_gmt":"2026-04-15T23:13:57","slug":"insanlarin-dunyasi","status":"publish","type":"product","link":"https:\/\/roveyayinevi.com.tr\/index.php\/urun\/insanlarin-dunyasi\/","title":{"rendered":"\u0130nsanlar\u0131n D\u00fcnyas\u0131"},"content":{"rendered":"<p>\u201c\u0130nsanlar uzun s\u00fcre birlikte y\u00fcr\u00fcrler hayatta, ama hepsi kendi sessizli\u011fine hapsolmu\u015ftur, birbirlerine s\u00f6yledikleri \u015feyler \u00f6tekine ula\u015fmaz bile. Ama tehlike gelip \u00e7att\u0131\u011f\u0131nda, omuz omuza birbirlerine sokulurlar. O zaman ayn\u0131 toplulu\u011fun insanlar\u0131 olduklar\u0131n\u0131 fark ederler. Ba\u015fkalar\u0131n\u0131n varl\u0131\u011f\u0131ndan duyulan huzur sarar i\u00e7lerini. Birbirine koca bir g\u00fcl\u00fcmsemeyle bakar herkes. Herkes bir par\u00e7a, hapisten sal\u0131verilmi\u015f de b\u00fcy\u00fclenmi\u015f h\u00e2lde engin denize bakan o mahk\u00fbma benzer.\u201d <\/p>\n","protected":false},"excerpt":{"rendered":"<p>\u201c\u0130nsanlar uzun s\u00fcre birlikte y\u00fcr\u00fcrler hayatta, ama hepsi kendi sessizli\u011fine hapsolmu\u015ftur, birbirlerine s\u00f6yledikleri \u015feyler \u00f6tekine ula\u015fmaz bile. Ama tehlike gelip \u00e7att\u0131\u011f\u0131nda, omuz omuza birbirlerine sokulurlar. O<span class=\"excerpt-hellip\"> [\u2026]<\/span><\/p>\n","protected":false},"featured_media":0,"template":"","meta":{"_monsterinsights_skip_tracking":false,"_monsterinsights_sitenote_active":false,"_monsterinsights_sitenote_note":"","_monsterinsights_sitenote_category":0},"product_brand":[],"product_cat":[12291,12711],"product_tag":[],"class_list":{"0":"post-705043","1":"product","2":"type-product","3":"status-publish","5":"product_cat-edebiyat","6":"product_cat-roman-oyku","7":"pa_cilt-ciltsiz","8":"pa_tur-kitap","9":"pa_yayinevi-akil-celen-kitaplar","10":"pa_yazar-antonie-de-saint-exupery","12":"first","13":"instock","14":"sale","15":"shipping-taxable","16":"purchasable","17":"product-type-simple"},"_links":{"self":[{"href":"https:\/\/roveyayinevi.com.tr\/index.php\/wp-json\/wp\/v2\/product\/705043","targetHints":{"allow":["GET"]}}],"collection":[{"href":"https:\/\/roveyayinevi.com.tr\/index.php\/wp-json\/wp\/v2\/product"}],"about":[{"href":"https:\/\/roveyayinevi.com.tr\/index.php\/wp-json\/wp\/v2\/types\/product"}],"wp:attachment":[{"href":"https:\/\/roveyayinevi.com.tr\/index.php\/wp-json\/wp\/v2\/media?parent=705043"}],"wp:term":[{"taxonomy":"product_brand","embeddable":true,"href":"https:\/\/roveyayinevi.com.tr\/index.php\/wp-json\/wp\/v2\/product_brand?post=705043"},{"taxonomy":"product_cat","embeddable":true,"href":"https:\/\/roveyayinevi.com.tr\/index.php\/wp-json\/wp\/v2\/product_cat?post=705043"},{"taxonomy":"product_tag","embeddable":true,"href":"https:\/\/roveyayinevi.com.tr\/index.php\/wp-json\/wp\/v2\/product_tag?post=705043"}],"curies":[{"name":"wp","href":"https:\/\/api.w.org\/{rel}","templated":true}]}}