{"id":705041,"date":"2025-08-27T15:42:08","date_gmt":"2025-08-27T12:42:08","guid":{"rendered":"https:\/\/roveyayinevi.com.tr\/index.php\/urun\/pedagojik-oykuler-20-cok-utaniyorum\/"},"modified":"2026-04-16T02:13:57","modified_gmt":"2026-04-15T23:13:57","slug":"pedagojik-oykuler-20-cok-utaniyorum","status":"publish","type":"product","link":"https:\/\/roveyayinevi.com.tr\/index.php\/urun\/pedagojik-oykuler-20-cok-utaniyorum\/","title":{"rendered":"Pedagojik \u00d6yk\u00fcler: 20 &#8211; \u00c7ok Utan\u0131yorum!"},"content":{"rendered":"<p>Kalabal\u0131k kar\u015f\u0131s\u0131nda konu\u015fmak, \u015fark\u0131 s\u00f6ylemek, \u015fiir okumak, hatta s\u0131n\u0131fta parmak kald\u0131rmak bir\u00e7ok \u00e7ocukta utanma duygusu yarat\u0131r. Yanl\u0131\u015f yapmaktan, olay konusu olmaktan ya da kendilerine g\u00fcl\u00fcnmesinden korkan \u00e7ocuklar, bu durumu i\u00e7 d\u00fcnyalar\u0131nda \u00e7ekingen davran\u0131\u015flar geli\u015ftirerek \u00e7\u00f6zmeye \u00e7al\u0131\u015f\u0131rlar. Ancak \u00f6zg\u00fcven geli\u015fimi konusunda erken ya\u015flarda ya\u015fanan s\u0131k\u0131nt\u0131lar ilerleyen d\u00f6nemlerde de \u00e7ocu\u011funuzun karakteri \u00fczerinde belirleyici niteliktedir. Bu hikaye ile aile, yak\u0131n \u00e7evre ve \u00f6\u011fretmenlerin, bir \u00e7ocu\u011fun \u00f6zg\u00fcvenini kazanmas\u0131nda ne kadar b\u00fcy\u00fck bir rol\u00fc oldu\u011funu g\u00f6receksiniz. \ufffcTan\u0131t\u0131m Metni<\/p>\n","protected":false},"excerpt":{"rendered":"<p>Kalabal\u0131k kar\u015f\u0131s\u0131nda konu\u015fmak, \u015fark\u0131 s\u00f6ylemek, \u015fiir okumak, hatta s\u0131n\u0131fta parmak kald\u0131rmak bir\u00e7ok \u00e7ocukta utanma duygusu yarat\u0131r. Yanl\u0131\u015f yapmaktan, olay konusu olmaktan ya da kendilerine g\u00fcl\u00fcnmesinden korkan<span class=\"excerpt-hellip\"> [\u2026]<\/span><\/p>\n","protected":false},"featured_media":0,"template":"","meta":{"_monsterinsights_skip_tracking":false,"_monsterinsights_sitenote_active":false,"_monsterinsights_sitenote_note":"","_monsterinsights_sitenote_category":0},"product_brand":[],"product_cat":[12312,12304],"product_tag":[],"class_list":{"0":"post-705041","1":"product","2":"type-product","3":"status-publish","5":"product_cat-diger","6":"product_cat-tarih","7":"pa_cilt-ciltsiz","8":"pa_tur-kitap","9":"pa_yayinevi-mandolin-yayinlari","10":"pa_yazar-aysen-oy","12":"first","13":"instock","14":"sale","15":"shipping-taxable","16":"purchasable","17":"product-type-simple"},"_links":{"self":[{"href":"https:\/\/roveyayinevi.com.tr\/index.php\/wp-json\/wp\/v2\/product\/705041","targetHints":{"allow":["GET"]}}],"collection":[{"href":"https:\/\/roveyayinevi.com.tr\/index.php\/wp-json\/wp\/v2\/product"}],"about":[{"href":"https:\/\/roveyayinevi.com.tr\/index.php\/wp-json\/wp\/v2\/types\/product"}],"wp:attachment":[{"href":"https:\/\/roveyayinevi.com.tr\/index.php\/wp-json\/wp\/v2\/media?parent=705041"}],"wp:term":[{"taxonomy":"product_brand","embeddable":true,"href":"https:\/\/roveyayinevi.com.tr\/index.php\/wp-json\/wp\/v2\/product_brand?post=705041"},{"taxonomy":"product_cat","embeddable":true,"href":"https:\/\/roveyayinevi.com.tr\/index.php\/wp-json\/wp\/v2\/product_cat?post=705041"},{"taxonomy":"product_tag","embeddable":true,"href":"https:\/\/roveyayinevi.com.tr\/index.php\/wp-json\/wp\/v2\/product_tag?post=705041"}],"curies":[{"name":"wp","href":"https:\/\/api.w.org\/{rel}","templated":true}]}}