{"id":705040,"date":"2025-08-27T15:42:08","date_gmt":"2025-08-27T12:42:08","guid":{"rendered":"https:\/\/roveyayinevi.com.tr\/index.php\/urun\/bir-fotografi-anlamak\/"},"modified":"2026-04-16T02:13:57","modified_gmt":"2026-04-15T23:13:57","slug":"bir-fotografi-anlamak","status":"publish","type":"product","link":"https:\/\/roveyayinevi.com.tr\/index.php\/urun\/bir-fotografi-anlamak\/","title":{"rendered":"Bir Foto\u011fraf\u0131 Anlamak"},"content":{"rendered":"<p>Berger\u2019in foto\u011fraf \u00fczerine yaz\u0131lar\u0131, onun d\u00fc\u015f\u00fcnmeye verdi\u011fi dikkat ve \u00f6zeni \u00e7ok iyi kan\u0131tl\u0131yor. Yaz\u0131lar\u0131n\u0131 okumaktan bu kadar zevk almam\u0131z\u0131n bir nedeni olmal\u0131: D\u00fc\u015f\u00fcnce onun i\u00e7in asla bir jest, kibir ya da entelektuel bir egzersiz de\u011fil. Ku\u00e7uk bir \u00e7ocukken i\u00e7gudusel bir merakla bakman\u0131n yeti\u015fkin disiplinine kavu\u015fmu\u015f hali sanki. Kendini bakt\u0131\u011f\u0131 nesneyle i\u00e7tenlikle ve \u015fefkatle \u00f6zde\u015fle\u015ftirmesinden gelen, bizleri de i\u00e7ine \u00e7eken bir hakikat. \u0130kincisi, Berger\u2019\u0131n yal\u0131n bir bi\u00e7imde tan\u0131mlad\u0131\u011f\u0131 o estetik \u00f6l\u00e7\u00fct: \u201cBu eser insanlar\u0131n toplumsal haklar\u0131n\u0131 \u00f6\u011frenmelerine ve haklar\u0131n\u0131 talep etmelerine katk\u0131da bulunuyor mu, onlar\u0131 buna te\u015fvik ediyor mu?\u201d Bir \u00f6zelli\u011fi daha var bu yaz\u0131lar\u0131n: \u0130nceleme Berger i\u00e7in hi\u00e7 bir zaman sadece bir ele\u015ftiri ve sorgulama de\u011fil, her zaman foto\u011frafa ait g\u00f6r\u00fcn\u00fcr ya da g\u00f6r\u00fcnmez bir hik\u00e2ye anlat\u0131yor bize. Ayn\u0131 zamanda bir hikaye anlat\u0131c\u0131s\u0131 o.\ufffcTan\u0131t\u0131m Metni<\/p>\n","protected":false},"excerpt":{"rendered":"<p>Berger\u2019in foto\u011fraf \u00fczerine yaz\u0131lar\u0131, onun d\u00fc\u015f\u00fcnmeye verdi\u011fi dikkat ve \u00f6zeni \u00e7ok iyi kan\u0131tl\u0131yor. Yaz\u0131lar\u0131n\u0131 okumaktan bu kadar zevk almam\u0131z\u0131n bir nedeni olmal\u0131: D\u00fc\u015f\u00fcnce onun i\u00e7in asla<span class=\"excerpt-hellip\"> [\u2026]<\/span><\/p>\n","protected":false},"featured_media":0,"template":"","meta":{"_monsterinsights_skip_tracking":false,"_monsterinsights_sitenote_active":false,"_monsterinsights_sitenote_note":"","_monsterinsights_sitenote_category":0},"product_brand":[],"product_cat":[12409,12408],"product_tag":[],"class_list":{"0":"post-705040","1":"product","2":"type-product","3":"status-publish","5":"product_cat-fotograf-sinema-tiyatro","6":"product_cat-sanat","7":"pa_cilt-ciltsiz","8":"pa_tur-kitap","9":"pa_yayinevi-metis-yayinlari","10":"pa_yazar-john-berger-haz","12":"first","13":"instock","14":"sale","15":"shipping-taxable","16":"purchasable","17":"product-type-simple"},"_links":{"self":[{"href":"https:\/\/roveyayinevi.com.tr\/index.php\/wp-json\/wp\/v2\/product\/705040","targetHints":{"allow":["GET"]}}],"collection":[{"href":"https:\/\/roveyayinevi.com.tr\/index.php\/wp-json\/wp\/v2\/product"}],"about":[{"href":"https:\/\/roveyayinevi.com.tr\/index.php\/wp-json\/wp\/v2\/types\/product"}],"wp:attachment":[{"href":"https:\/\/roveyayinevi.com.tr\/index.php\/wp-json\/wp\/v2\/media?parent=705040"}],"wp:term":[{"taxonomy":"product_brand","embeddable":true,"href":"https:\/\/roveyayinevi.com.tr\/index.php\/wp-json\/wp\/v2\/product_brand?post=705040"},{"taxonomy":"product_cat","embeddable":true,"href":"https:\/\/roveyayinevi.com.tr\/index.php\/wp-json\/wp\/v2\/product_cat?post=705040"},{"taxonomy":"product_tag","embeddable":true,"href":"https:\/\/roveyayinevi.com.tr\/index.php\/wp-json\/wp\/v2\/product_tag?post=705040"}],"curies":[{"name":"wp","href":"https:\/\/api.w.org\/{rel}","templated":true}]}}