{"id":705039,"date":"2025-08-27T15:42:07","date_gmt":"2025-08-27T12:42:07","guid":{"rendered":"https:\/\/roveyayinevi.com.tr\/index.php\/urun\/pedagojik-oykuler-23-annem-ile-babamin-yatagi-en-rahati\/"},"modified":"2026-04-16T02:13:57","modified_gmt":"2026-04-15T23:13:57","slug":"pedagojik-oykuler-23-annem-ile-babamin-yatagi-en-rahati","status":"publish","type":"product","link":"https:\/\/roveyayinevi.com.tr\/index.php\/urun\/pedagojik-oykuler-23-annem-ile-babamin-yatagi-en-rahati\/","title":{"rendered":"Pedagojik \u00d6yk\u00fcler: 23 &#8211; Annem ile Babam\u0131n Yata\u011f\u0131 En Rahat\u0131!"},"content":{"rendered":"<p>Uyku sadece \u00e7ocuklar i\u00e7in de\u011fil yeti\u015fkinler i\u00e7in de kaliteli bir ya\u015fam\u0131n en \u00f6nemli unsurudur. Bu do\u011frultuda hem kendimiz hem de \u00e7ocuklar\u0131m\u0131z i\u00e7in yatak ve yast\u0131klar\u0131m\u0131z\u0131 \u00f6zenle se\u00e7er, oda d\u00fczenimizi ona g\u00f6re yap\u0131r\u0131z. Ancak her \u00e7ocuk bir d\u00f6nem anne ve babas\u0131n\u0131n yan\u0131nda, o kocaman yatakta yatmay\u0131 ister. Bu iste\u011fi s\u00fcrekli hale geldi\u011finde ise t\u00fcm aile i\u00e7in uyku kalitesinde bir d\u00fc\u015f\u00fc\u015f ve uyku d\u00fczenlerinde bir aksama ya\u015fan\u0131r. Uyku d\u00fczeninin bozulmas\u0131 g\u00fcndelik hayatlar\u0131m\u0131z\u0131 da olumsuz etkiler. Bu kitap, &#8216;annemle babam\u0131n yata\u011f\u0131 en rahat\u0131&#8217; diyen \u00e7ocuklar asl\u0131nda kendi yataklar\u0131n\u0131n en rahat\u0131 oldu\u011funu anlatmaktad\u0131r.<\/p>\n","protected":false},"excerpt":{"rendered":"<p>Uyku sadece \u00e7ocuklar i\u00e7in de\u011fil yeti\u015fkinler i\u00e7in de kaliteli bir ya\u015fam\u0131n en \u00f6nemli unsurudur. Bu do\u011frultuda hem kendimiz hem de \u00e7ocuklar\u0131m\u0131z i\u00e7in yatak ve yast\u0131klar\u0131m\u0131z\u0131 \u00f6zenle<span class=\"excerpt-hellip\"> [\u2026]<\/span><\/p>\n","protected":false},"featured_media":0,"template":"","meta":{"_monsterinsights_skip_tracking":false,"_monsterinsights_sitenote_active":false,"_monsterinsights_sitenote_note":"","_monsterinsights_sitenote_category":0},"product_brand":[],"product_cat":[13772,12364],"product_tag":[],"class_list":{"0":"post-705039","1":"product","2":"type-product","3":"status-publish","5":"product_cat-basvuru-kitaplari","6":"product_cat-genel-konular","7":"pa_cilt-ciltsiz","8":"pa_tur-kitap","9":"pa_yayinevi-mandolin-yayinlari","10":"pa_yazar-aysen-oy","12":"first","13":"instock","14":"sale","15":"shipping-taxable","16":"purchasable","17":"product-type-simple"},"_links":{"self":[{"href":"https:\/\/roveyayinevi.com.tr\/index.php\/wp-json\/wp\/v2\/product\/705039","targetHints":{"allow":["GET"]}}],"collection":[{"href":"https:\/\/roveyayinevi.com.tr\/index.php\/wp-json\/wp\/v2\/product"}],"about":[{"href":"https:\/\/roveyayinevi.com.tr\/index.php\/wp-json\/wp\/v2\/types\/product"}],"wp:attachment":[{"href":"https:\/\/roveyayinevi.com.tr\/index.php\/wp-json\/wp\/v2\/media?parent=705039"}],"wp:term":[{"taxonomy":"product_brand","embeddable":true,"href":"https:\/\/roveyayinevi.com.tr\/index.php\/wp-json\/wp\/v2\/product_brand?post=705039"},{"taxonomy":"product_cat","embeddable":true,"href":"https:\/\/roveyayinevi.com.tr\/index.php\/wp-json\/wp\/v2\/product_cat?post=705039"},{"taxonomy":"product_tag","embeddable":true,"href":"https:\/\/roveyayinevi.com.tr\/index.php\/wp-json\/wp\/v2\/product_tag?post=705039"}],"curies":[{"name":"wp","href":"https:\/\/api.w.org\/{rel}","templated":true}]}}