{"id":705038,"date":"2025-08-27T15:42:07","date_gmt":"2025-08-27T12:42:07","guid":{"rendered":"https:\/\/roveyayinevi.com.tr\/index.php\/urun\/turk-tarihinden-izler-4\/"},"modified":"2026-04-16T02:13:57","modified_gmt":"2026-04-15T23:13:57","slug":"turk-tarihinden-izler-4","status":"publish","type":"product","link":"https:\/\/roveyayinevi.com.tr\/index.php\/urun\/turk-tarihinden-izler-4\/","title":{"rendered":"T\u00fcrk Tarihinden \u0130zler 4"},"content":{"rendered":"<p>T\u00fcrk tarihi ve k\u00fclt\u00fcr\u00fcne dair, bu g\u00fcne kadar y\u00fczlerce \u00e7al\u0131\u015fmaya imza att\u0131k. Bunlar\u0131n b\u00fcy\u00fck bir k\u0131sm\u0131 yaz\u0131 hayat\u0131m\u0131za ba\u015flad\u0131\u011f\u0131m\u0131z vakitten itibaren \u00e7e\u015fitli dergi ve gazetelerde bas\u0131ld\u0131. Ancak bu yay\u0131n organlar\u0131n\u0131n \u00e7o\u011fu kapand\u0131\u011f\u0131ndan, onlar\u0131 sadece k\u00fct\u00fcphanelerde bulmak m\u00fcmk\u00fcn. Dolay\u0131s\u0131yla bu yaz\u0131lara ula\u015fmak ve \u00f6zellikle de ara\u015ft\u0131rmac\u0131lar\u0131n bunlardan yararlanmalar\u0131 zor oldu\u011fundan, son zamanlarda pek \u00e7ok ki\u015finin yapt\u0131\u011f\u0131 gibi, biz de \u00e7al\u0131\u015fmalar\u0131m\u0131z\u0131 bir araya getirip, toplu halde okuyuculara ula\u015ft\u0131rmay\u0131 d\u00fc\u015f\u00fcnd\u00fck ve b\u00f6yle bir denemeye kalk\u0131\u015ft\u0131k. <\/p>\n","protected":false},"excerpt":{"rendered":"<p>T\u00fcrk tarihi ve k\u00fclt\u00fcr\u00fcne dair, bu g\u00fcne kadar y\u00fczlerce \u00e7al\u0131\u015fmaya imza att\u0131k. Bunlar\u0131n b\u00fcy\u00fck bir k\u0131sm\u0131 yaz\u0131 hayat\u0131m\u0131za ba\u015flad\u0131\u011f\u0131m\u0131z vakitten itibaren \u00e7e\u015fitli dergi ve gazetelerde bas\u0131ld\u0131.<span class=\"excerpt-hellip\"> [\u2026]<\/span><\/p>\n","protected":false},"featured_media":0,"template":"","meta":{"_monsterinsights_skip_tracking":false,"_monsterinsights_sitenote_active":false,"_monsterinsights_sitenote_note":"","_monsterinsights_sitenote_category":0},"product_brand":[],"product_cat":[12304,13650],"product_tag":[],"class_list":{"0":"post-705038","1":"product","2":"type-product","3":"status-publish","5":"product_cat-tarih","6":"product_cat-turk-tarihi-arastirmalari","7":"pa_tur-kitap","8":"pa_yayinevi-berikan-yayinlari","9":"pa_yazar-saadettin-yagmur-gomec","11":"first","12":"instock","13":"sale","14":"shipping-taxable","15":"purchasable","16":"product-type-simple"},"_links":{"self":[{"href":"https:\/\/roveyayinevi.com.tr\/index.php\/wp-json\/wp\/v2\/product\/705038","targetHints":{"allow":["GET"]}}],"collection":[{"href":"https:\/\/roveyayinevi.com.tr\/index.php\/wp-json\/wp\/v2\/product"}],"about":[{"href":"https:\/\/roveyayinevi.com.tr\/index.php\/wp-json\/wp\/v2\/types\/product"}],"wp:attachment":[{"href":"https:\/\/roveyayinevi.com.tr\/index.php\/wp-json\/wp\/v2\/media?parent=705038"}],"wp:term":[{"taxonomy":"product_brand","embeddable":true,"href":"https:\/\/roveyayinevi.com.tr\/index.php\/wp-json\/wp\/v2\/product_brand?post=705038"},{"taxonomy":"product_cat","embeddable":true,"href":"https:\/\/roveyayinevi.com.tr\/index.php\/wp-json\/wp\/v2\/product_cat?post=705038"},{"taxonomy":"product_tag","embeddable":true,"href":"https:\/\/roveyayinevi.com.tr\/index.php\/wp-json\/wp\/v2\/product_tag?post=705038"}],"curies":[{"name":"wp","href":"https:\/\/api.w.org\/{rel}","templated":true}]}}