{"id":705035,"date":"2025-08-27T15:41:25","date_gmt":"2025-08-27T12:41:25","guid":{"rendered":"https:\/\/roveyayinevi.com.tr\/index.php\/urun\/ayrilik-valsi\/"},"modified":"2026-04-16T02:13:57","modified_gmt":"2026-04-15T23:13:57","slug":"ayrilik-valsi","status":"publish","type":"product","link":"https:\/\/roveyayinevi.com.tr\/index.php\/urun\/ayrilik-valsi\/","title":{"rendered":"Ayr\u0131l\u0131k Valsi"},"content":{"rendered":"<p>\u00dcnl\u00fc caz trompet\u00e7isi Klima, tek gecelik sevgilisi hem\u015fire Ruzena, kad\u0131nlar\u0131n do\u011furganl\u0131\u011f\u0131n\u0131 art\u0131ran \u00f6zel bir y\u00f6ntem geli\u015ftiren jinekolog Skreta, zengin bir Amerikal\u0131 olan Bertlef, Klima\u2019n\u0131n k\u0131skan\u00e7 ve g\u00fczel e\u015fi Kamila, Ruzena\u2019n\u0131n paranoyak hayran\u0131 Frantisek, eski siyasi mahk\u00fbm Jakub, babas\u0131n\u0131 hen\u00fcz k\u00fc\u00e7\u00fck bir \u00e7ocukken kaybeden Olga&#8230; Birbirinden apayr\u0131 d\u00fcnyalara sahip t\u00fcm bu insanlar\u0131n yollar\u0131n\u0131n kesi\u015fti\u011fi ve kendilerini gitgide h\u0131zlanan bir valsin ritmine kapt\u0131rd\u0131\u011f\u0131 izole bir kapl\u0131ca kasabas\u0131&#8230;   Milan Kundera en ciddi sorunlar\u0131, inan\u0131lmaz bir \u201chafiflik\u201dle ortaya koyarak \u00e7a\u011fda\u015f d\u00fcnyan\u0131n, bizi trajedimizi ya\u015fama hakk\u0131ndan bile yoksun k\u0131ld\u0131\u011f\u0131n\u0131 g\u00f6rmemizi sa\u011fl\u0131yor.  Ayr\u0131l\u0131k Valsi, insan ruhunun derin gizlerinde elini kolunu sallayarak dola\u015fan b\u00fcy\u00fck bir ustan\u0131n kaleminden \u00e7\u0131km\u0131\u015f bir kara komedi. <\/p>\n","protected":false},"excerpt":{"rendered":"<p>\u00dcnl\u00fc caz trompet\u00e7isi Klima, tek gecelik sevgilisi hem\u015fire Ruzena, kad\u0131nlar\u0131n do\u011furganl\u0131\u011f\u0131n\u0131 art\u0131ran \u00f6zel bir y\u00f6ntem geli\u015ftiren jinekolog Skreta, zengin bir Amerikal\u0131 olan Bertlef, Klima\u2019n\u0131n k\u0131skan\u00e7 ve<span class=\"excerpt-hellip\"> [\u2026]<\/span><\/p>\n","protected":false},"featured_media":0,"template":"","meta":{"_monsterinsights_skip_tracking":false,"_monsterinsights_sitenote_active":false,"_monsterinsights_sitenote_note":"","_monsterinsights_sitenote_category":0},"product_brand":[],"product_cat":[13661,12291],"product_tag":[],"class_list":{"0":"post-705035","1":"product","2":"type-product","3":"status-publish","5":"product_cat-diger-ulke-edebiyatlari","6":"product_cat-edebiyat","7":"pa_cilt-ciltsiz","8":"pa_tur-kitap","9":"pa_yayinevi-can-yayinlari","10":"pa_yazar-milan-kundera","12":"first","13":"instock","14":"sale","15":"shipping-taxable","16":"purchasable","17":"product-type-simple"},"_links":{"self":[{"href":"https:\/\/roveyayinevi.com.tr\/index.php\/wp-json\/wp\/v2\/product\/705035","targetHints":{"allow":["GET"]}}],"collection":[{"href":"https:\/\/roveyayinevi.com.tr\/index.php\/wp-json\/wp\/v2\/product"}],"about":[{"href":"https:\/\/roveyayinevi.com.tr\/index.php\/wp-json\/wp\/v2\/types\/product"}],"wp:attachment":[{"href":"https:\/\/roveyayinevi.com.tr\/index.php\/wp-json\/wp\/v2\/media?parent=705035"}],"wp:term":[{"taxonomy":"product_brand","embeddable":true,"href":"https:\/\/roveyayinevi.com.tr\/index.php\/wp-json\/wp\/v2\/product_brand?post=705035"},{"taxonomy":"product_cat","embeddable":true,"href":"https:\/\/roveyayinevi.com.tr\/index.php\/wp-json\/wp\/v2\/product_cat?post=705035"},{"taxonomy":"product_tag","embeddable":true,"href":"https:\/\/roveyayinevi.com.tr\/index.php\/wp-json\/wp\/v2\/product_tag?post=705035"}],"curies":[{"name":"wp","href":"https:\/\/api.w.org\/{rel}","templated":true}]}}