{"id":705032,"date":"2025-08-27T15:41:24","date_gmt":"2025-08-27T12:41:24","guid":{"rendered":"https:\/\/roveyayinevi.com.tr\/index.php\/urun\/engellilik-sosyolojisi\/"},"modified":"2026-04-16T02:13:57","modified_gmt":"2026-04-15T23:13:57","slug":"engellilik-sosyolojisi","status":"publish","type":"product","link":"https:\/\/roveyayinevi.com.tr\/index.php\/urun\/engellilik-sosyolojisi\/","title":{"rendered":"Engellilik Sosyolojisi"},"content":{"rendered":"<p>Bu kitap, T\u00fcrkiye&#8217;de uzun y\u0131llard\u0131r ihmal edilen engellilik ve sosyoloji ili\u015fkisini bilimsel bak\u0131\u015f a\u00e7\u0131s\u0131yla g\u00f6stermeyi ama\u00e7lam\u0131\u015ft\u0131r. Bu ba\u011flamda sosyolojinin bir alt uzmanl\u0131k alan\u0131 olarak &#8216;engellilik sosyolojisi&#8217; kendine \u00f6zg\u00fc kavramlar\u0131, kuramlar\u0131 ve metodolojisi ile bu alan\u0131n ilgililerine sunulmu\u015ftur. <\/p>\n","protected":false},"excerpt":{"rendered":"<p>Bu kitap, T\u00fcrkiye&#8217;de uzun y\u0131llard\u0131r ihmal edilen engellilik ve sosyoloji ili\u015fkisini bilimsel bak\u0131\u015f a\u00e7\u0131s\u0131yla g\u00f6stermeyi ama\u00e7lam\u0131\u015ft\u0131r. Bu ba\u011flamda sosyolojinin bir alt uzmanl\u0131k alan\u0131 olarak &#8216;engellilik sosyolojisi&#8217;<span class=\"excerpt-hellip\"> [\u2026]<\/span><\/p>\n","protected":false},"featured_media":0,"template":"","meta":{"_monsterinsights_skip_tracking":false,"_monsterinsights_sitenote_active":false,"_monsterinsights_sitenote_note":"","_monsterinsights_sitenote_category":0},"product_brand":[],"product_cat":[12835,12324],"product_tag":[],"class_list":{"0":"post-705032","1":"product","2":"type-product","3":"status-publish","5":"product_cat-genel-sosyoloji","6":"product_cat-sosyoloji","7":"pa_cilt-ciltsiz","8":"pa_tur-kitap","9":"pa_yayinevi-ani-yayincilik","10":"pa_yazar-esra-burcu","12":"first","13":"instock","14":"sale","15":"shipping-taxable","16":"purchasable","17":"product-type-simple"},"_links":{"self":[{"href":"https:\/\/roveyayinevi.com.tr\/index.php\/wp-json\/wp\/v2\/product\/705032","targetHints":{"allow":["GET"]}}],"collection":[{"href":"https:\/\/roveyayinevi.com.tr\/index.php\/wp-json\/wp\/v2\/product"}],"about":[{"href":"https:\/\/roveyayinevi.com.tr\/index.php\/wp-json\/wp\/v2\/types\/product"}],"wp:attachment":[{"href":"https:\/\/roveyayinevi.com.tr\/index.php\/wp-json\/wp\/v2\/media?parent=705032"}],"wp:term":[{"taxonomy":"product_brand","embeddable":true,"href":"https:\/\/roveyayinevi.com.tr\/index.php\/wp-json\/wp\/v2\/product_brand?post=705032"},{"taxonomy":"product_cat","embeddable":true,"href":"https:\/\/roveyayinevi.com.tr\/index.php\/wp-json\/wp\/v2\/product_cat?post=705032"},{"taxonomy":"product_tag","embeddable":true,"href":"https:\/\/roveyayinevi.com.tr\/index.php\/wp-json\/wp\/v2\/product_tag?post=705032"}],"curies":[{"name":"wp","href":"https:\/\/api.w.org\/{rel}","templated":true}]}}