{"id":705031,"date":"2025-08-27T15:41:23","date_gmt":"2025-08-27T12:41:23","guid":{"rendered":"https:\/\/roveyayinevi.com.tr\/index.php\/urun\/intermezzo\/"},"modified":"2026-04-16T02:13:56","modified_gmt":"2026-04-15T23:13:56","slug":"intermezzo","status":"publish","type":"product","link":"https:\/\/roveyayinevi.com.tr\/index.php\/urun\/intermezzo\/","title":{"rendered":"Intermezzo"},"content":{"rendered":"<p>Sofralar, sohbetler, gazinolar, kumpanyalar, barlar, hususiler&#8230; Tiyatro, resim, \u015fiir, sergiler, a\u00e7\u0131l\u0131\u015flar ve davetlerle dolu g\u00fcndelik hayat. Fikret Adil bug\u00fcn art\u0131k \u00e7ok uzaklarda kalan bohem bir \u0130stanbul\u2019u Asmal\u0131mescit 74\u2019\u00fcn ard\u0131ndan n\u00fcktedanl\u0131\u011f\u0131 elden b\u0131rakmaks\u0131z\u0131n anlatmaya devam ediyor.Yahudi bir i\u015fadam\u0131n\u0131n k\u0131z\u0131 ile Yunan bir tiyatrocunun kavu\u015fmak i\u00e7in \u00e7areyi Atina&#8217;ya ka\u00e7makta bulmas\u0131 etraf\u0131nda \u015fekillenen anlat\u0131, hem \u0130stanbul tarihine hem de d\u00f6neme ili\u015fkin bir\u00e7ok ayr\u0131nt\u0131y\u0131 bar\u0131nd\u0131r\u0131yor. Glorya Sinemas\u0131&#8217;ndan Maksim&#8217;e, Casa d&#8217;Italia&#8217;dan B\u00fcy\u00fck Britanya Oteli&#8217;ne, Beyo\u011flu&#8217;ndan Atina&#8217;ya uzanan bu a\u015fk hikayesine Baudelaire \u015fiirleri kadar, Arif Dino gibi d\u00f6nemin \u00f6nemli isimleri de e\u015flik ediyor.<\/p>\n","protected":false},"excerpt":{"rendered":"<p>Sofralar, sohbetler, gazinolar, kumpanyalar, barlar, hususiler&#8230; Tiyatro, resim, \u015fiir, sergiler, a\u00e7\u0131l\u0131\u015flar ve davetlerle dolu g\u00fcndelik hayat. Fikret Adil bug\u00fcn art\u0131k \u00e7ok uzaklarda kalan bohem bir \u0130stanbul\u2019u<span class=\"excerpt-hellip\"> [\u2026]<\/span><\/p>\n","protected":false},"featured_media":0,"template":"","meta":{"_monsterinsights_skip_tracking":false,"_monsterinsights_sitenote_active":false,"_monsterinsights_sitenote_note":"","_monsterinsights_sitenote_category":0},"product_brand":[],"product_cat":[12777,12291],"product_tag":[],"class_list":{"0":"post-705031","1":"product","2":"type-product","3":"status-publish","5":"product_cat-deneme","6":"product_cat-edebiyat","7":"pa_cilt-ciltsiz","8":"pa_tur-kitap","9":"pa_yayinevi-sel-yayincilik","10":"pa_yazar-fikret-adil","12":"first","13":"instock","14":"sale","15":"shipping-taxable","16":"purchasable","17":"product-type-simple"},"_links":{"self":[{"href":"https:\/\/roveyayinevi.com.tr\/index.php\/wp-json\/wp\/v2\/product\/705031","targetHints":{"allow":["GET"]}}],"collection":[{"href":"https:\/\/roveyayinevi.com.tr\/index.php\/wp-json\/wp\/v2\/product"}],"about":[{"href":"https:\/\/roveyayinevi.com.tr\/index.php\/wp-json\/wp\/v2\/types\/product"}],"wp:attachment":[{"href":"https:\/\/roveyayinevi.com.tr\/index.php\/wp-json\/wp\/v2\/media?parent=705031"}],"wp:term":[{"taxonomy":"product_brand","embeddable":true,"href":"https:\/\/roveyayinevi.com.tr\/index.php\/wp-json\/wp\/v2\/product_brand?post=705031"},{"taxonomy":"product_cat","embeddable":true,"href":"https:\/\/roveyayinevi.com.tr\/index.php\/wp-json\/wp\/v2\/product_cat?post=705031"},{"taxonomy":"product_tag","embeddable":true,"href":"https:\/\/roveyayinevi.com.tr\/index.php\/wp-json\/wp\/v2\/product_tag?post=705031"}],"curies":[{"name":"wp","href":"https:\/\/api.w.org\/{rel}","templated":true}]}}