{"id":705029,"date":"2025-08-27T15:41:23","date_gmt":"2025-08-27T12:41:23","guid":{"rendered":"https:\/\/roveyayinevi.com.tr\/index.php\/urun\/internette-gosteri-ve-gozetim\/"},"modified":"2026-01-29T02:25:14","modified_gmt":"2026-01-28T23:25:14","slug":"internette-gosteri-ve-gozetim","status":"publish","type":"product","link":"https:\/\/roveyayinevi.com.tr\/index.php\/urun\/internette-gosteri-ve-gozetim\/","title":{"rendered":"\u0130nternette G\u00f6steri ve G\u00f6zetim"},"content":{"rendered":"<p>\u0130nternet ekran\u0131, yeni medya ve sosyal medya, h\u0131zla yay\u0131lan ve benimsenen yeni-sahne\u2019dir. Art\u0131k hayat\u0131n her alan\u0131, insan\u0131n t\u00fcm deneyimleri bu sahnede canland\u0131r\u0131lmaktad\u0131r. Kat\u0131l\u0131mc\u0131lar herkestir: K\u00fcresel \u015firketler, erkekler, kad\u0131nlar, \u00e7ocuklar, gen\u00e7ler ve h\u00fck\u00fcmetler. <\/p>\n","protected":false},"excerpt":{"rendered":"<p>\u0130nternet ekran\u0131, yeni medya ve sosyal medya, h\u0131zla yay\u0131lan ve benimsenen yeni-sahne\u2019dir. Art\u0131k hayat\u0131n her alan\u0131, insan\u0131n t\u00fcm deneyimleri bu sahnede canland\u0131r\u0131lmaktad\u0131r. Kat\u0131l\u0131mc\u0131lar herkestir: K\u00fcresel \u015firketler,<span class=\"excerpt-hellip\"> [\u2026]<\/span><\/p>\n","protected":false},"featured_media":0,"template":"","meta":{"_monsterinsights_skip_tracking":false,"_monsterinsights_sitenote_active":false,"_monsterinsights_sitenote_note":"","_monsterinsights_sitenote_category":0},"product_brand":[],"product_cat":[15983,13488],"product_tag":[],"class_list":{"0":"post-705029","1":"product","2":"type-product","3":"status-publish","5":"product_cat-iletisim-ve-medya","6":"product_cat-toplum-ve-insan","7":"pa_cilt-ciltsiz","8":"pa_tur-kitap","9":"pa_yayinevi-utopya-yayinevi","10":"pa_yazar-mukadder-cakir","12":"first","13":"instock","14":"sale","15":"shipping-taxable","16":"purchasable","17":"product-type-simple"},"_links":{"self":[{"href":"https:\/\/roveyayinevi.com.tr\/index.php\/wp-json\/wp\/v2\/product\/705029","targetHints":{"allow":["GET"]}}],"collection":[{"href":"https:\/\/roveyayinevi.com.tr\/index.php\/wp-json\/wp\/v2\/product"}],"about":[{"href":"https:\/\/roveyayinevi.com.tr\/index.php\/wp-json\/wp\/v2\/types\/product"}],"wp:attachment":[{"href":"https:\/\/roveyayinevi.com.tr\/index.php\/wp-json\/wp\/v2\/media?parent=705029"}],"wp:term":[{"taxonomy":"product_brand","embeddable":true,"href":"https:\/\/roveyayinevi.com.tr\/index.php\/wp-json\/wp\/v2\/product_brand?post=705029"},{"taxonomy":"product_cat","embeddable":true,"href":"https:\/\/roveyayinevi.com.tr\/index.php\/wp-json\/wp\/v2\/product_cat?post=705029"},{"taxonomy":"product_tag","embeddable":true,"href":"https:\/\/roveyayinevi.com.tr\/index.php\/wp-json\/wp\/v2\/product_tag?post=705029"}],"curies":[{"name":"wp","href":"https:\/\/api.w.org\/{rel}","templated":true}]}}