{"id":705028,"date":"2025-08-27T15:41:22","date_gmt":"2025-08-27T12:41:22","guid":{"rendered":"https:\/\/roveyayinevi.com.tr\/index.php\/urun\/garplilasmanin-neresindeyiz\/"},"modified":"2026-04-16T02:13:56","modified_gmt":"2026-04-15T23:13:56","slug":"garplilasmanin-neresindeyiz","status":"publish","type":"product","link":"https:\/\/roveyayinevi.com.tr\/index.php\/urun\/garplilasmanin-neresindeyiz\/","title":{"rendered":"Garpl\u0131la\u015fman\u0131n Neresindeyiz?"},"content":{"rendered":"<p>\u201cGarp medeniyetinin esas unsurlar\u0131 ilim, ameli hayata tatbikinden ibaret olan teknik, insan haklar\u0131n\u0131 teminat alt\u0131na alan hukuk ve h\u00fcrriyettir. Hakiki Garpl\u0131l\u0131k ise bunlar\u0131n prensiplerine ba\u011fl\u0131l\u0131kt\u0131r\u201d. <\/p>\n","protected":false},"excerpt":{"rendered":"<p>\u201cGarp medeniyetinin esas unsurlar\u0131 ilim, ameli hayata tatbikinden ibaret olan teknik, insan haklar\u0131n\u0131 teminat alt\u0131na alan hukuk ve h\u00fcrriyettir. Hakiki Garpl\u0131l\u0131k ise bunlar\u0131n prensiplerine ba\u011fl\u0131l\u0131kt\u0131r\u201d.<\/p>\n","protected":false},"featured_media":0,"template":"","meta":{"_monsterinsights_skip_tracking":false,"_monsterinsights_sitenote_active":false,"_monsterinsights_sitenote_note":"","_monsterinsights_sitenote_category":0},"product_brand":[],"product_cat":[12835,12324],"product_tag":[],"class_list":{"0":"post-705028","1":"product","2":"type-product","3":"status-publish","5":"product_cat-genel-sosyoloji","6":"product_cat-sosyoloji","7":"pa_tur-kitap","8":"pa_yayinevi-altinordu-yayinlari","9":"pa_yazar-mumtaz-turhan","11":"first","12":"instock","13":"sale","14":"shipping-taxable","15":"purchasable","16":"product-type-simple"},"_links":{"self":[{"href":"https:\/\/roveyayinevi.com.tr\/index.php\/wp-json\/wp\/v2\/product\/705028","targetHints":{"allow":["GET"]}}],"collection":[{"href":"https:\/\/roveyayinevi.com.tr\/index.php\/wp-json\/wp\/v2\/product"}],"about":[{"href":"https:\/\/roveyayinevi.com.tr\/index.php\/wp-json\/wp\/v2\/types\/product"}],"wp:attachment":[{"href":"https:\/\/roveyayinevi.com.tr\/index.php\/wp-json\/wp\/v2\/media?parent=705028"}],"wp:term":[{"taxonomy":"product_brand","embeddable":true,"href":"https:\/\/roveyayinevi.com.tr\/index.php\/wp-json\/wp\/v2\/product_brand?post=705028"},{"taxonomy":"product_cat","embeddable":true,"href":"https:\/\/roveyayinevi.com.tr\/index.php\/wp-json\/wp\/v2\/product_cat?post=705028"},{"taxonomy":"product_tag","embeddable":true,"href":"https:\/\/roveyayinevi.com.tr\/index.php\/wp-json\/wp\/v2\/product_tag?post=705028"}],"curies":[{"name":"wp","href":"https:\/\/api.w.org\/{rel}","templated":true}]}}