{"id":705027,"date":"2025-08-27T15:41:22","date_gmt":"2025-08-27T12:41:22","guid":{"rendered":"https:\/\/roveyayinevi.com.tr\/index.php\/urun\/abc-aklin-modernlesmesi\/"},"modified":"2026-04-16T02:13:56","modified_gmt":"2026-04-15T23:13:56","slug":"abc-aklin-modernlesmesi","status":"publish","type":"product","link":"https:\/\/roveyayinevi.com.tr\/index.php\/urun\/abc-aklin-modernlesmesi\/","title":{"rendered":"ABC &#8211; Akl\u0131n Modernle\u015fmesi"},"content":{"rendered":"<p>ABC Akl\u0131n Modernle\u015fmesi, metin \u00fczerine bir kitapt\u0131r. Metnin d\u00f6n\u00fc\u015f\u00fcm\u00fc, alfabenin ortaya \u00e7\u0131kmas\u0131yla, s\u00f6zl\u00fc k\u00fclt\u00fcrden yaz\u0131ya ge\u00e7i\u015fle, haf\u0131zan\u0131n yerini unutu\u015fun almas\u0131yla, yaz\u0131daki kelimelerin aras\u0131na bo\u015fluk konmaya ba\u015flamas\u0131yla, ard\u0131ndan yaz\u0131n\u0131n sessizce tefekk\u00fcr edilmesi ve nihayet yaz\u0131n\u0131n benli\u011fi kurgulamas\u0131yla ve kurgunun \/ yalan\u0131n edebiyat\u0131 de\u011fi\u015ftirmesiyle bug\u00fcn ya\u015fanan elektronik \u00e7a\u011fa d\u00f6n\u00fc\u015f\u00fcm\u00fcd\u00fcr. <\/p>\n","protected":false},"excerpt":{"rendered":"<p>ABC Akl\u0131n Modernle\u015fmesi, metin \u00fczerine bir kitapt\u0131r. Metnin d\u00f6n\u00fc\u015f\u00fcm\u00fc, alfabenin ortaya \u00e7\u0131kmas\u0131yla, s\u00f6zl\u00fc k\u00fclt\u00fcrden yaz\u0131ya ge\u00e7i\u015fle, haf\u0131zan\u0131n yerini unutu\u015fun almas\u0131yla, yaz\u0131daki kelimelerin aras\u0131na bo\u015fluk konmaya ba\u015flamas\u0131yla,<span class=\"excerpt-hellip\"> [\u2026]<\/span><\/p>\n","protected":false},"featured_media":0,"template":"","meta":{"_monsterinsights_skip_tracking":false,"_monsterinsights_sitenote_active":false,"_monsterinsights_sitenote_note":"","_monsterinsights_sitenote_category":0},"product_brand":[],"product_cat":[12325,12324],"product_tag":[],"class_list":{"0":"post-705027","1":"product","2":"type-product","3":"status-publish","5":"product_cat-diger-sosyoloji","6":"product_cat-sosyoloji","7":"pa_cilt-ciltsiz","8":"pa_tur-kitap","9":"pa_yayinevi-yeni-insan-yayinlari","10":"pa_yazar-barry-sanders","12":"first","13":"instock","14":"sale","15":"shipping-taxable","16":"purchasable","17":"product-type-simple"},"_links":{"self":[{"href":"https:\/\/roveyayinevi.com.tr\/index.php\/wp-json\/wp\/v2\/product\/705027","targetHints":{"allow":["GET"]}}],"collection":[{"href":"https:\/\/roveyayinevi.com.tr\/index.php\/wp-json\/wp\/v2\/product"}],"about":[{"href":"https:\/\/roveyayinevi.com.tr\/index.php\/wp-json\/wp\/v2\/types\/product"}],"wp:attachment":[{"href":"https:\/\/roveyayinevi.com.tr\/index.php\/wp-json\/wp\/v2\/media?parent=705027"}],"wp:term":[{"taxonomy":"product_brand","embeddable":true,"href":"https:\/\/roveyayinevi.com.tr\/index.php\/wp-json\/wp\/v2\/product_brand?post=705027"},{"taxonomy":"product_cat","embeddable":true,"href":"https:\/\/roveyayinevi.com.tr\/index.php\/wp-json\/wp\/v2\/product_cat?post=705027"},{"taxonomy":"product_tag","embeddable":true,"href":"https:\/\/roveyayinevi.com.tr\/index.php\/wp-json\/wp\/v2\/product_tag?post=705027"}],"curies":[{"name":"wp","href":"https:\/\/api.w.org\/{rel}","templated":true}]}}