{"id":705025,"date":"2025-08-27T15:41:21","date_gmt":"2025-08-27T12:41:21","guid":{"rendered":"https:\/\/roveyayinevi.com.tr\/index.php\/urun\/nirvanaya-donus\/"},"modified":"2025-10-30T10:38:49","modified_gmt":"2025-10-30T07:38:49","slug":"nirvanaya-donus","status":"publish","type":"product","link":"https:\/\/roveyayinevi.com.tr\/index.php\/urun\/nirvanaya-donus\/","title":{"rendered":"Nirvana&#8217;ya D\u00f6n\u00fc\u015f"},"content":{"rendered":"<p>\u0130\u015fte o vakit \u00e7\u0131\u011fl\u0131\u011f\u0131m kendimden bile uzun oluruzun durur son kez d\u00f6n\u00fcp bakt\u0131\u011f\u0131m d\u00fcnya! <\/p>\n","protected":false},"excerpt":{"rendered":"<p>\u0130\u015fte o vakit \u00e7\u0131\u011fl\u0131\u011f\u0131m kendimden bile uzun oluruzun durur son kez d\u00f6n\u00fcp bakt\u0131\u011f\u0131m d\u00fcnya!<\/p>\n","protected":false},"featured_media":0,"template":"","meta":{"_monsterinsights_skip_tracking":false,"_monsterinsights_sitenote_active":false,"_monsterinsights_sitenote_note":"","_monsterinsights_sitenote_category":0},"product_brand":[],"product_cat":[12291,12509],"product_tag":[],"class_list":{"0":"post-705025","1":"product","2":"type-product","3":"status-publish","5":"product_cat-edebiyat","6":"product_cat-siir","7":"pa_cilt-ciltsiz","8":"pa_tur-kitap","9":"pa_yayinevi-bencekitap","10":"pa_yazar-ersan-ercelik","12":"first","13":"instock","14":"sale","15":"shipping-taxable","16":"purchasable","17":"product-type-simple"},"_links":{"self":[{"href":"https:\/\/roveyayinevi.com.tr\/index.php\/wp-json\/wp\/v2\/product\/705025","targetHints":{"allow":["GET"]}}],"collection":[{"href":"https:\/\/roveyayinevi.com.tr\/index.php\/wp-json\/wp\/v2\/product"}],"about":[{"href":"https:\/\/roveyayinevi.com.tr\/index.php\/wp-json\/wp\/v2\/types\/product"}],"wp:attachment":[{"href":"https:\/\/roveyayinevi.com.tr\/index.php\/wp-json\/wp\/v2\/media?parent=705025"}],"wp:term":[{"taxonomy":"product_brand","embeddable":true,"href":"https:\/\/roveyayinevi.com.tr\/index.php\/wp-json\/wp\/v2\/product_brand?post=705025"},{"taxonomy":"product_cat","embeddable":true,"href":"https:\/\/roveyayinevi.com.tr\/index.php\/wp-json\/wp\/v2\/product_cat?post=705025"},{"taxonomy":"product_tag","embeddable":true,"href":"https:\/\/roveyayinevi.com.tr\/index.php\/wp-json\/wp\/v2\/product_tag?post=705025"}],"curies":[{"name":"wp","href":"https:\/\/api.w.org\/{rel}","templated":true}]}}