{"id":705021,"date":"2025-08-27T15:41:19","date_gmt":"2025-08-27T12:41:19","guid":{"rendered":"https:\/\/roveyayinevi.com.tr\/index.php\/urun\/son-yaprak\/"},"modified":"2026-04-16T02:13:56","modified_gmt":"2026-04-15T23:13:56","slug":"son-yaprak","status":"publish","type":"product","link":"https:\/\/roveyayinevi.com.tr\/index.php\/urun\/son-yaprak\/","title":{"rendered":"Son Yaprak"},"content":{"rendered":"<p>Y\u0131k\u0131lm\u0131\u015f bir heykel gibi bembeyaz, k\u0131m\u0131ldamadan yatan Johnsy, g\u00f6zlerini kapatarak, \u201cBitirir bitirmez bana haber ver,\u201d dedi. \u201c\u00c7\u00fcnk\u00fc son yapra\u011f\u0131n d\u00fc\u015f\u00fc\u015f\u00fcn\u00fc g\u00f6rmek istiyorum. Beklemekten usand\u0131m. D\u00fc\u015f\u00fcnmekten usand\u0131m. Beni hayata ba\u011flayan b\u00fct\u00fcn ba\u011flar\u0131 koparmak, t\u0131pk\u0131 o zavall\u0131 yorgun yapraklardan biri gibi a\u015fa\u011f\u0131lara do\u011fru s\u00fcz\u00fclmek, s\u00fcz\u00fclmek istiyorum.\u201d \ufffc<\/p>\n","protected":false},"excerpt":{"rendered":"<p>Y\u0131k\u0131lm\u0131\u015f bir heykel gibi bembeyaz, k\u0131m\u0131ldamadan yatan Johnsy, g\u00f6zlerini kapatarak, \u201cBitirir bitirmez bana haber ver,\u201d dedi. \u201c\u00c7\u00fcnk\u00fc son yapra\u011f\u0131n d\u00fc\u015f\u00fc\u015f\u00fcn\u00fc g\u00f6rmek istiyorum. Beklemekten usand\u0131m. D\u00fc\u015f\u00fcnmekten usand\u0131m.<span class=\"excerpt-hellip\"> [\u2026]<\/span><\/p>\n","protected":false},"featured_media":0,"template":"","meta":{"_monsterinsights_skip_tracking":false,"_monsterinsights_sitenote_active":false,"_monsterinsights_sitenote_note":"","_monsterinsights_sitenote_category":0},"product_brand":[],"product_cat":[12291,12866],"product_tag":[],"class_list":{"0":"post-705021","1":"product","2":"type-product","3":"status-publish","5":"product_cat-edebiyat","6":"product_cat-ingiliz-edebiyati","7":"pa_cilt-ciltsiz","8":"pa_tur-kitap","9":"pa_yayinevi-cem-yayinevi","10":"pa_yazar-o-henry","12":"first","13":"instock","14":"sale","15":"shipping-taxable","16":"purchasable","17":"product-type-simple"},"_links":{"self":[{"href":"https:\/\/roveyayinevi.com.tr\/index.php\/wp-json\/wp\/v2\/product\/705021","targetHints":{"allow":["GET"]}}],"collection":[{"href":"https:\/\/roveyayinevi.com.tr\/index.php\/wp-json\/wp\/v2\/product"}],"about":[{"href":"https:\/\/roveyayinevi.com.tr\/index.php\/wp-json\/wp\/v2\/types\/product"}],"wp:attachment":[{"href":"https:\/\/roveyayinevi.com.tr\/index.php\/wp-json\/wp\/v2\/media?parent=705021"}],"wp:term":[{"taxonomy":"product_brand","embeddable":true,"href":"https:\/\/roveyayinevi.com.tr\/index.php\/wp-json\/wp\/v2\/product_brand?post=705021"},{"taxonomy":"product_cat","embeddable":true,"href":"https:\/\/roveyayinevi.com.tr\/index.php\/wp-json\/wp\/v2\/product_cat?post=705021"},{"taxonomy":"product_tag","embeddable":true,"href":"https:\/\/roveyayinevi.com.tr\/index.php\/wp-json\/wp\/v2\/product_tag?post=705021"}],"curies":[{"name":"wp","href":"https:\/\/api.w.org\/{rel}","templated":true}]}}