{"id":705019,"date":"2025-08-27T15:41:19","date_gmt":"2025-08-27T12:41:19","guid":{"rendered":"https:\/\/roveyayinevi.com.tr\/index.php\/urun\/kucuk-zurafa-degerler-egitimi-serisi-1\/"},"modified":"2026-04-16T02:13:56","modified_gmt":"2026-04-15T23:13:56","slug":"kucuk-zurafa-degerler-egitimi-serisi-1","status":"publish","type":"product","link":"https:\/\/roveyayinevi.com.tr\/index.php\/urun\/kucuk-zurafa-degerler-egitimi-serisi-1\/","title":{"rendered":"K\u00fc\u00e7\u00fck Z\u00fcrafa &#8211; De\u011ferler E\u011fitimi Serisi 1"},"content":{"rendered":"<p>G\u00f6\u00e7men ku\u015flar\u0131n geli\u015fiyle ormanda b\u00fcy\u00fck bir hareketlilik ya\u015fan\u0131yormu\u015f. \u00c7\u00fcnk\u00fc hayvanlar\u0131n en sevdi\u011fi \u015feylerden biri, orman\u0131n \u00fcst\u00fcnden ge\u00e7en g\u00f6\u00e7men ku\u015flar\u0131 izlemekmi\u015f.Kimi hayvanlar a\u011fa\u00e7lara t\u0131rman\u0131rken kimi de en y\u00fcksekteki dallara konmu\u015f. Ama o da ne? K\u00fc\u00e7\u00fck z\u00fcrafa ne kadar u\u011fra\u015f\u0131rsa u\u011fra\u015fs\u0131n onlar\u0131 g\u00f6rememi\u015f. Peki ne yapmas\u0131 gerekiyormu\u015f?<\/p>\n","protected":false},"excerpt":{"rendered":"<p>G\u00f6\u00e7men ku\u015flar\u0131n geli\u015fiyle ormanda b\u00fcy\u00fck bir hareketlilik ya\u015fan\u0131yormu\u015f. \u00c7\u00fcnk\u00fc hayvanlar\u0131n en sevdi\u011fi \u015feylerden biri, orman\u0131n \u00fcst\u00fcnden ge\u00e7en g\u00f6\u00e7men ku\u015flar\u0131 izlemekmi\u015f.Kimi hayvanlar a\u011fa\u00e7lara t\u0131rman\u0131rken kimi de en<span class=\"excerpt-hellip\"> [\u2026]<\/span><\/p>\n","protected":false},"featured_media":0,"template":"","meta":{"_monsterinsights_skip_tracking":false,"_monsterinsights_sitenote_active":false,"_monsterinsights_sitenote_note":"","_monsterinsights_sitenote_category":0},"product_brand":[],"product_cat":[12274,12518],"product_tag":[],"class_list":{"0":"post-705019","1":"product","2":"type-product","3":"status-publish","5":"product_cat-cocuk-ve-genclik-kitaplari","6":"product_cat-okul-oncesi-kitaplar","7":"pa_cilt-ciltsiz","8":"pa_tur-kitap","9":"pa_yayinevi-kirmizi-kedi-yayinevi","10":"pa_yazar-koray-avci-cakman","12":"first","13":"instock","14":"sale","15":"shipping-taxable","16":"purchasable","17":"product-type-simple"},"_links":{"self":[{"href":"https:\/\/roveyayinevi.com.tr\/index.php\/wp-json\/wp\/v2\/product\/705019","targetHints":{"allow":["GET"]}}],"collection":[{"href":"https:\/\/roveyayinevi.com.tr\/index.php\/wp-json\/wp\/v2\/product"}],"about":[{"href":"https:\/\/roveyayinevi.com.tr\/index.php\/wp-json\/wp\/v2\/types\/product"}],"wp:attachment":[{"href":"https:\/\/roveyayinevi.com.tr\/index.php\/wp-json\/wp\/v2\/media?parent=705019"}],"wp:term":[{"taxonomy":"product_brand","embeddable":true,"href":"https:\/\/roveyayinevi.com.tr\/index.php\/wp-json\/wp\/v2\/product_brand?post=705019"},{"taxonomy":"product_cat","embeddable":true,"href":"https:\/\/roveyayinevi.com.tr\/index.php\/wp-json\/wp\/v2\/product_cat?post=705019"},{"taxonomy":"product_tag","embeddable":true,"href":"https:\/\/roveyayinevi.com.tr\/index.php\/wp-json\/wp\/v2\/product_tag?post=705019"}],"curies":[{"name":"wp","href":"https:\/\/api.w.org\/{rel}","templated":true}]}}