{"id":705018,"date":"2025-08-27T15:41:18","date_gmt":"2025-08-27T12:41:18","guid":{"rendered":"https:\/\/roveyayinevi.com.tr\/index.php\/urun\/portakal-miyavladi-degerler-egitimi-serisi-2\/"},"modified":"2026-04-16T02:13:56","modified_gmt":"2026-04-15T23:13:56","slug":"portakal-miyavladi-degerler-egitimi-serisi-2","status":"publish","type":"product","link":"https:\/\/roveyayinevi.com.tr\/index.php\/urun\/portakal-miyavladi-degerler-egitimi-serisi-2\/","title":{"rendered":"Portakal Miyavlad\u0131 De\u011ferler E\u011fitimi Serisi 2"},"content":{"rendered":"<p>Sevimli bir k\u0131z\u0131n, ad\u0131n\u0131 Portakal koydu\u011fu turuncu bir kedisi varm\u0131\u015f. G\u00fcnlerden bir g\u00fcn annesi bu sevimli k\u0131za bir de bal\u0131k alm\u0131\u015f. K\u0131z, bal\u0131\u011f\u0131n\u0131 da kedisi gibi \u00e7ok sevmi\u015f. Her g\u00fcn kedisinin mamas\u0131n\u0131, bal\u0131\u011f\u0131n\u0131n yemini kendisi verirmi\u015f. Okuldan geldi\u011fi bir g\u00fcn bal\u0131\u011f\u0131n\u0131 g\u00f6rememi\u015f tatl\u0131 k\u0131z! Bal\u0131\u011f\u0131 nereye gitmi\u015f? K\u00fc\u00e7\u00fck okurlar\u0131m\u0131z\u0131n yak\u0131ndan tan\u0131d\u0131\u011f\u0131 Koray Avc\u0131 \u00c7akman, De\u011ferler E\u011fitimi Serisi&#8217;nin ikinci kitab\u0131nda sorumluluk alma ve hayvan sevgisini \u00e7ok e\u011flenceli bir \u00f6yk\u00fcyle anlat\u0131yor. Mehmet Akif Kaynar&#8217;\u0131n son derece ne\u015feli \u00e7izimleriyle&#8230;<\/p>\n","protected":false},"excerpt":{"rendered":"<p>Sevimli bir k\u0131z\u0131n, ad\u0131n\u0131 Portakal koydu\u011fu turuncu bir kedisi varm\u0131\u015f. G\u00fcnlerden bir g\u00fcn annesi bu sevimli k\u0131za bir de bal\u0131k alm\u0131\u015f. K\u0131z, bal\u0131\u011f\u0131n\u0131 da kedisi gibi<span class=\"excerpt-hellip\"> [\u2026]<\/span><\/p>\n","protected":false},"featured_media":0,"template":"","meta":{"_monsterinsights_skip_tracking":false,"_monsterinsights_sitenote_active":false,"_monsterinsights_sitenote_note":"","_monsterinsights_sitenote_category":0},"product_brand":[],"product_cat":[12274,12518],"product_tag":[],"class_list":{"0":"post-705018","1":"product","2":"type-product","3":"status-publish","5":"product_cat-cocuk-ve-genclik-kitaplari","6":"product_cat-okul-oncesi-kitaplar","7":"pa_cilt-ciltsiz","8":"pa_tur-kitap","9":"pa_yayinevi-kirmizi-kedi-yayinevi","10":"pa_yazar-koray-avci-cakman","12":"first","13":"instock","14":"sale","15":"shipping-taxable","16":"purchasable","17":"product-type-simple"},"_links":{"self":[{"href":"https:\/\/roveyayinevi.com.tr\/index.php\/wp-json\/wp\/v2\/product\/705018","targetHints":{"allow":["GET"]}}],"collection":[{"href":"https:\/\/roveyayinevi.com.tr\/index.php\/wp-json\/wp\/v2\/product"}],"about":[{"href":"https:\/\/roveyayinevi.com.tr\/index.php\/wp-json\/wp\/v2\/types\/product"}],"wp:attachment":[{"href":"https:\/\/roveyayinevi.com.tr\/index.php\/wp-json\/wp\/v2\/media?parent=705018"}],"wp:term":[{"taxonomy":"product_brand","embeddable":true,"href":"https:\/\/roveyayinevi.com.tr\/index.php\/wp-json\/wp\/v2\/product_brand?post=705018"},{"taxonomy":"product_cat","embeddable":true,"href":"https:\/\/roveyayinevi.com.tr\/index.php\/wp-json\/wp\/v2\/product_cat?post=705018"},{"taxonomy":"product_tag","embeddable":true,"href":"https:\/\/roveyayinevi.com.tr\/index.php\/wp-json\/wp\/v2\/product_tag?post=705018"}],"curies":[{"name":"wp","href":"https:\/\/api.w.org\/{rel}","templated":true}]}}