{"id":705014,"date":"2025-08-27T15:41:17","date_gmt":"2025-08-27T12:41:17","guid":{"rendered":"https:\/\/roveyayinevi.com.tr\/index.php\/urun\/dedektif-sensin-4-kitap-takim\/"},"modified":"2026-04-16T02:13:56","modified_gmt":"2026-04-15T23:13:56","slug":"dedektif-sensin-4-kitap-takim","status":"publish","type":"product","link":"https:\/\/roveyayinevi.com.tr\/index.php\/urun\/dedektif-sensin-4-kitap-takim\/","title":{"rendered":"Dedektif Sensin (4 Kitap Tak\u0131m)"},"content":{"rendered":"<p>Heyecanla y\u00fcr\u00fctece\u011fin \u00fc\u00e7 b\u00fcy\u00fck soru\u015fturma. Dikkatle incele ve on bir \u015f\u00fcpheli aras\u0131ndan, pusuya yatan\u0131n kim oldu\u011funu bul. Oyunlar\u0131 oyna ve \u00e7\u00f6z\u00fcme ula\u015f. Her oyunun sonunda bir masumu temize \u00e7\u0131kar. Ve su\u00e7luyu bul. \ufffcTan\u0131t\u0131m Metni<\/p>\n","protected":false},"excerpt":{"rendered":"<p>Heyecanla y\u00fcr\u00fctece\u011fin \u00fc\u00e7 b\u00fcy\u00fck soru\u015fturma. Dikkatle incele ve on bir \u015f\u00fcpheli aras\u0131ndan, pusuya yatan\u0131n kim oldu\u011funu bul. Oyunlar\u0131 oyna ve \u00e7\u00f6z\u00fcme ula\u015f. Her oyunun sonunda bir<span class=\"excerpt-hellip\"> [\u2026]<\/span><\/p>\n","protected":false},"featured_media":0,"template":"","meta":{"_monsterinsights_skip_tracking":false,"_monsterinsights_sitenote_active":false,"_monsterinsights_sitenote_note":"","_monsterinsights_sitenote_category":0},"product_brand":[],"product_cat":[12275,12274],"product_tag":[],"class_list":{"0":"post-705014","1":"product","2":"type-product","3":"status-publish","5":"product_cat-6-12-yas-kitaplari","6":"product_cat-cocuk-ve-genclik-kitaplari","7":"pa_cilt-ciltsiz","8":"pa_tur-kitap","9":"pa_yayinevi-nesil-cocuk-yayinlari","10":"pa_yazar-pronto","12":"first","13":"instock","14":"sale","15":"shipping-taxable","16":"purchasable","17":"product-type-simple"},"_links":{"self":[{"href":"https:\/\/roveyayinevi.com.tr\/index.php\/wp-json\/wp\/v2\/product\/705014","targetHints":{"allow":["GET"]}}],"collection":[{"href":"https:\/\/roveyayinevi.com.tr\/index.php\/wp-json\/wp\/v2\/product"}],"about":[{"href":"https:\/\/roveyayinevi.com.tr\/index.php\/wp-json\/wp\/v2\/types\/product"}],"wp:attachment":[{"href":"https:\/\/roveyayinevi.com.tr\/index.php\/wp-json\/wp\/v2\/media?parent=705014"}],"wp:term":[{"taxonomy":"product_brand","embeddable":true,"href":"https:\/\/roveyayinevi.com.tr\/index.php\/wp-json\/wp\/v2\/product_brand?post=705014"},{"taxonomy":"product_cat","embeddable":true,"href":"https:\/\/roveyayinevi.com.tr\/index.php\/wp-json\/wp\/v2\/product_cat?post=705014"},{"taxonomy":"product_tag","embeddable":true,"href":"https:\/\/roveyayinevi.com.tr\/index.php\/wp-json\/wp\/v2\/product_tag?post=705014"}],"curies":[{"name":"wp","href":"https:\/\/api.w.org\/{rel}","templated":true}]}}