{"id":705013,"date":"2025-08-27T15:41:16","date_gmt":"2025-08-27T12:41:16","guid":{"rendered":"https:\/\/roveyayinevi.com.tr\/index.php\/urun\/duygusal-zeka-2\/"},"modified":"2026-04-16T02:13:56","modified_gmt":"2026-04-15T23:13:56","slug":"duygusal-zeka-2","status":"publish","type":"product","link":"https:\/\/roveyayinevi.com.tr\/index.php\/urun\/duygusal-zeka-2\/","title":{"rendered":"Duygusal Zeka"},"content":{"rendered":"<p>Kendinizi k\u0131\u015fk\u0131rtmaya haz\u0131r m\u0131s\u0131n\u0131z?Stres, korku ve endi\u015felere kar\u015f\u0131 duygusal zeka.\u0130li\u015fkiler, sa\u011fl\u0131k ve varolu\u015f konular\u0131nda sizler i\u00e7in yepyeni bir model.\u00c7evremizdeki bir\u00e7ok insan s\u0131k\u0131nt\u0131, stres, endi\u015fe ve kayg\u0131 ya\u015f\u0131yor. Bu ki\u015filerin b\u00fcy\u00fck bir \u00e7o\u011funlu\u011fu ak\u0131l hastas\u0131 de\u011fildir. Bu ki\u015filerin sorunlar\u0131 daha \u00e7ok g\u00fcnl\u00fck ya\u015fam\u0131n ve belirsizliklerin getirdi\u011fi sorunlard\u0131r. Ya\u015famda her sorunu \u00e7\u00f6z\u00fcmleyemeyiz ancak \u00e7\u00f6z\u00fcmleyemedi\u011fimiz bu sorunlarla ba\u015f etmeyi \u00f6\u011frenebiliriz.Ya\u015fam\u0131n zor s\u00fcre\u00e7lerinden ge\u00e7erken ayakta kalabilmemiz ancak ve ancak duygular\u0131m\u0131z\u0131 y\u00f6netebilmemizle m\u00fcmk\u00fcnd\u00fcr. Bu kitap bilin\u00e7alt\u0131 inan\u00e7lar\u0131n\u0131 yeniden yap\u0131land\u0131rma teknikleriyle kodlayabilece\u011fini, ya\u015fam\u0131n\u0131 bilin\u00e7 seviyesinde duygusal zek\u00e2n\u0131 geli\u015ftirerek yeniden nas\u0131l \u015fekillendirebilece\u011fini arma\u011fan olarak veriyor.Bu kitap, bu d\u00fcnyaya sadece yiyip i\u00e7mek, gezmek, e\u011flenmek, \u00fcremek ve t\u00fcketmek i\u00e7in gelmedi\u011fini hat\u0131rlat\u0131yor!Bu kitap d\u00fcnyaya bizden bir \u201c\u0130z\u201d b\u0131rakmam\u0131z gerekti\u011fini hayk\u0131r\u0131yor!Siz de de\u011fi\u015fime, geli\u015fime, \u00f6zg\u00fcrle\u015fmeye ve duygusal zek\u00e2n\u0131z\u0131 geli\u015ftirmeye haz\u0131r m\u0131s\u0131n\u0131z?<\/p>\n","protected":false},"excerpt":{"rendered":"<p>Kendinizi k\u0131\u015fk\u0131rtmaya haz\u0131r m\u0131s\u0131n\u0131z?Stres, korku ve endi\u015felere kar\u015f\u0131 duygusal zeka.\u0130li\u015fkiler, sa\u011fl\u0131k ve varolu\u015f konular\u0131nda sizler i\u00e7in yepyeni bir model.\u00c7evremizdeki bir\u00e7ok insan s\u0131k\u0131nt\u0131, stres, endi\u015fe ve kayg\u0131<span class=\"excerpt-hellip\"> [\u2026]<\/span><\/p>\n","protected":false},"featured_media":0,"template":"","meta":{"_monsterinsights_skip_tracking":false,"_monsterinsights_sitenote_active":false,"_monsterinsights_sitenote_note":"","_monsterinsights_sitenote_category":0},"product_brand":[],"product_cat":[12755,12357],"product_tag":[],"class_list":{"0":"post-705013","1":"product","2":"type-product","3":"status-publish","5":"product_cat-gelisim-psikolojisi","6":"product_cat-psikoloji","7":"pa_cilt-ciltsiz","8":"pa_tur-kitap","9":"pa_yayinevi-destek-yayinlari","10":"pa_yazar-bircan-yildirim","12":"first","13":"instock","14":"sale","15":"shipping-taxable","16":"purchasable","17":"product-type-simple"},"_links":{"self":[{"href":"https:\/\/roveyayinevi.com.tr\/index.php\/wp-json\/wp\/v2\/product\/705013","targetHints":{"allow":["GET"]}}],"collection":[{"href":"https:\/\/roveyayinevi.com.tr\/index.php\/wp-json\/wp\/v2\/product"}],"about":[{"href":"https:\/\/roveyayinevi.com.tr\/index.php\/wp-json\/wp\/v2\/types\/product"}],"wp:attachment":[{"href":"https:\/\/roveyayinevi.com.tr\/index.php\/wp-json\/wp\/v2\/media?parent=705013"}],"wp:term":[{"taxonomy":"product_brand","embeddable":true,"href":"https:\/\/roveyayinevi.com.tr\/index.php\/wp-json\/wp\/v2\/product_brand?post=705013"},{"taxonomy":"product_cat","embeddable":true,"href":"https:\/\/roveyayinevi.com.tr\/index.php\/wp-json\/wp\/v2\/product_cat?post=705013"},{"taxonomy":"product_tag","embeddable":true,"href":"https:\/\/roveyayinevi.com.tr\/index.php\/wp-json\/wp\/v2\/product_tag?post=705013"}],"curies":[{"name":"wp","href":"https:\/\/api.w.org\/{rel}","templated":true}]}}