{"id":705012,"date":"2025-08-27T15:41:16","date_gmt":"2025-08-27T12:41:16","guid":{"rendered":"https:\/\/roveyayinevi.com.tr\/index.php\/urun\/dunun-dunyasi\/"},"modified":"2026-04-16T02:13:56","modified_gmt":"2026-04-15T23:13:56","slug":"dunun-dunyasi","status":"publish","type":"product","link":"https:\/\/roveyayinevi.com.tr\/index.php\/urun\/dunun-dunyasi\/","title":{"rendered":"D\u00fcn\u00fcn D\u00fcnyas\u0131"},"content":{"rendered":"<p>D\u00fcn\u00fcn D\u00fcnyas\u0131, Viyanal\u0131 yazar Stefan Zweig\u2019\u0131n Avrupa\u2019ya vedas\u0131d\u0131r. B\u00fct\u00fcn de\u011ferleri ve idealleriyle Avrupa\u2019n\u0131n \u00e7\u00f6k\u00fc\u015f\u00fcne tan\u0131kl\u0131k eden bir Avrupal\u0131\u2019n\u0131n, Stefan Zweig\u2019\u0131n an\u0131lar\u0131 canlan\u0131r D\u00fcn\u00fcn D\u00fcnyas\u0131\u2019nda. Avrupa toplumlar\u0131n\u0131n g\u00fcvenli burjuva d\u00fcnyas\u0131ndan sava\u015fa, fa\u015fizme ve s\u00fcrg\u00fcn ya\u015famlara savrulan bir neslin yazg\u0131s\u0131 dile gelir bu an\u0131larda. Viyana\u2019dan Z\u00fcrih\u2019e, Z\u00fcrih\u2019ten Salzburg, Londra ve New York\u2019a uzan\u0131p Petropolis\u2019te noktalanan bir s\u00fcrg\u00fcn ya\u015famd\u0131r bu yazg\u0131. \u0130nsan\u0131, insanca varolu\u015fu hedef alan y\u0131k\u0131mlar\u0131yla 20. y\u00fczy\u0131l\u0131n b\u00fct\u00fcn bir d\u00fcnyay\u0131 son s\u0131\u011f\u0131nak yeri olarak avuntusuz s\u00fcrg\u00fcne savurdu\u011fu bir ya\u015fam. D\u00fcn\u00fcn D\u00fcnyas\u0131, bir yazar\u0131n ki\u015fisel an\u0131lar\u0131n\u0131n \u00e7ok \u00f6tesinde bir yap\u0131t: Anlatacaklar\u0131m sadece benim yazg\u0131m de\u011fil, b\u00fct\u00fcn bir neslin yazg\u0131s\u0131, diyen Zweig, 20. y\u00fczy\u0131l\u0131n ilk yar\u0131s\u0131nda, a\u015f\u0131r\u0131l\u0131klar\u0131n ve y\u0131k\u0131mlar\u0131n orta yerinde, d\u00fc\u015f\u00fcn d\u00fcnyas\u0131nda ya\u015fananlar\u0131 b\u00fct\u00fcn canl\u0131l\u0131\u011f\u0131yla g\u00f6zler \u00f6n\u00fcne seriyor. \ufffcTan\u0131t\u0131m Metni<\/p>\n","protected":false},"excerpt":{"rendered":"<p>D\u00fcn\u00fcn D\u00fcnyas\u0131, Viyanal\u0131 yazar Stefan Zweig\u2019\u0131n Avrupa\u2019ya vedas\u0131d\u0131r. B\u00fct\u00fcn de\u011ferleri ve idealleriyle Avrupa\u2019n\u0131n \u00e7\u00f6k\u00fc\u015f\u00fcne tan\u0131kl\u0131k eden bir Avrupal\u0131\u2019n\u0131n, Stefan Zweig\u2019\u0131n an\u0131lar\u0131 canlan\u0131r D\u00fcn\u00fcn D\u00fcnyas\u0131\u2019nda. Avrupa toplumlar\u0131n\u0131n<span class=\"excerpt-hellip\"> [\u2026]<\/span><\/p>\n","protected":false},"featured_media":0,"template":"","meta":{"_monsterinsights_skip_tracking":false,"_monsterinsights_sitenote_active":false,"_monsterinsights_sitenote_note":"","_monsterinsights_sitenote_category":0},"product_brand":[],"product_cat":[13701,12291],"product_tag":[],"class_list":{"0":"post-705012","1":"product","2":"type-product","3":"status-publish","5":"product_cat-ani-mektup-gunluk","6":"product_cat-edebiyat","7":"pa_cilt-ciltsiz","8":"pa_tur-kitap","9":"pa_yayinevi-can-yayinlari","10":"pa_yazar-stefan-zweig","12":"first","13":"instock","14":"sale","15":"shipping-taxable","16":"purchasable","17":"product-type-simple"},"_links":{"self":[{"href":"https:\/\/roveyayinevi.com.tr\/index.php\/wp-json\/wp\/v2\/product\/705012","targetHints":{"allow":["GET"]}}],"collection":[{"href":"https:\/\/roveyayinevi.com.tr\/index.php\/wp-json\/wp\/v2\/product"}],"about":[{"href":"https:\/\/roveyayinevi.com.tr\/index.php\/wp-json\/wp\/v2\/types\/product"}],"wp:attachment":[{"href":"https:\/\/roveyayinevi.com.tr\/index.php\/wp-json\/wp\/v2\/media?parent=705012"}],"wp:term":[{"taxonomy":"product_brand","embeddable":true,"href":"https:\/\/roveyayinevi.com.tr\/index.php\/wp-json\/wp\/v2\/product_brand?post=705012"},{"taxonomy":"product_cat","embeddable":true,"href":"https:\/\/roveyayinevi.com.tr\/index.php\/wp-json\/wp\/v2\/product_cat?post=705012"},{"taxonomy":"product_tag","embeddable":true,"href":"https:\/\/roveyayinevi.com.tr\/index.php\/wp-json\/wp\/v2\/product_tag?post=705012"}],"curies":[{"name":"wp","href":"https:\/\/api.w.org\/{rel}","templated":true}]}}