{"id":705010,"date":"2025-08-27T15:41:15","date_gmt":"2025-08-27T12:41:15","guid":{"rendered":"https:\/\/roveyayinevi.com.tr\/index.php\/urun\/death-note-bir-baska-defter-los-angeles-bb-cinayetleri\/"},"modified":"2026-04-07T02:20:31","modified_gmt":"2026-04-06T23:20:31","slug":"death-note-bir-baska-defter-los-angeles-bb-cinayetleri","status":"publish","type":"product","link":"https:\/\/roveyayinevi.com.tr\/index.php\/urun\/death-note-bir-baska-defter-los-angeles-bb-cinayetleri\/","title":{"rendered":"Death Note &#8211; Bir Ba\u015fka Defter &#8211; Los Angeles BB Cinayetleri"},"content":{"rendered":"<p>Los Angeles bir dizi seri cinayete sahne oluyor. \u00dcnl\u00fc dedektif L, BB Cinayetleri olarak an\u0131lan ve belli bir d\u00fczen do\u011frultusunda i\u015flenen bu karma\u015f\u0131k cinayet vakalar\u0131n\u0131 \u00e7\u00f6zmek i\u00e7in i\u015f ba\u015f\u0131nda ve Naomi isminde bir eski FBI ajan\u0131 da bu t\u00fcyler \u00fcrpertici cinayetlerin \u00e7\u00f6z\u00fclmesi i\u00e7in L\u2019ye yard\u0131m ediyor.Ve Death Note\u2019dan al\u0131\u015fk\u0131n oldu\u011funuz \u00fczere, ne hi\u00e7bir \u015fey g\u00f6r\u00fcnd\u00fc\u011f\u00fc gibi ne de i\u015fler giderek kolayla\u015f\u0131yor.Death Note Bir Ba\u015fka Defter, heyecan dolu bir polisiye.<\/p>\n","protected":false},"excerpt":{"rendered":"<p>Los Angeles bir dizi seri cinayete sahne oluyor. \u00dcnl\u00fc dedektif L, BB Cinayetleri olarak an\u0131lan ve belli bir d\u00fczen do\u011frultusunda i\u015flenen bu karma\u015f\u0131k cinayet vakalar\u0131n\u0131 \u00e7\u00f6zmek<span class=\"excerpt-hellip\"> [\u2026]<\/span><\/p>\n","protected":false},"featured_media":0,"template":"","meta":{"_monsterinsights_skip_tracking":false,"_monsterinsights_sitenote_active":false,"_monsterinsights_sitenote_note":"","_monsterinsights_sitenote_category":0},"product_brand":[],"product_cat":[12291,12711],"product_tag":[],"class_list":{"0":"post-705010","1":"product","2":"type-product","3":"status-publish","5":"product_cat-edebiyat","6":"product_cat-roman-oyku","7":"pa_cilt-ciltsiz","8":"pa_tur-kitap","9":"pa_yayinevi-akil-celen-kitaplar","10":"pa_yazar-akil-celen-kitaplar-kolektif","12":"first","13":"instock","14":"sale","15":"shipping-taxable","16":"purchasable","17":"product-type-simple"},"_links":{"self":[{"href":"https:\/\/roveyayinevi.com.tr\/index.php\/wp-json\/wp\/v2\/product\/705010","targetHints":{"allow":["GET"]}}],"collection":[{"href":"https:\/\/roveyayinevi.com.tr\/index.php\/wp-json\/wp\/v2\/product"}],"about":[{"href":"https:\/\/roveyayinevi.com.tr\/index.php\/wp-json\/wp\/v2\/types\/product"}],"wp:attachment":[{"href":"https:\/\/roveyayinevi.com.tr\/index.php\/wp-json\/wp\/v2\/media?parent=705010"}],"wp:term":[{"taxonomy":"product_brand","embeddable":true,"href":"https:\/\/roveyayinevi.com.tr\/index.php\/wp-json\/wp\/v2\/product_brand?post=705010"},{"taxonomy":"product_cat","embeddable":true,"href":"https:\/\/roveyayinevi.com.tr\/index.php\/wp-json\/wp\/v2\/product_cat?post=705010"},{"taxonomy":"product_tag","embeddable":true,"href":"https:\/\/roveyayinevi.com.tr\/index.php\/wp-json\/wp\/v2\/product_tag?post=705010"}],"curies":[{"name":"wp","href":"https:\/\/api.w.org\/{rel}","templated":true}]}}