{"id":705009,"date":"2025-08-27T15:41:14","date_gmt":"2025-08-27T12:41:14","guid":{"rendered":"https:\/\/roveyayinevi.com.tr\/index.php\/urun\/boncuk\/"},"modified":"2026-04-05T02:16:54","modified_gmt":"2026-04-04T23:16:54","slug":"boncuk","status":"publish","type":"product","link":"https:\/\/roveyayinevi.com.tr\/index.php\/urun\/boncuk\/","title":{"rendered":"Boncuk"},"content":{"rendered":"<p>Boncuk her g\u00fcn ayn\u0131 yemekleri yemekten s\u0131k\u0131l\u0131yor. Hep bal\u0131k, hep sosis, hep ci\u011fer ezmesi&#8230; Sonunda hayalindeki yeme\u011fi bulmak i\u00e7in yola d\u00fc\u015f\u00fcyor. <\/p>\n","protected":false},"excerpt":{"rendered":"<p>Boncuk her g\u00fcn ayn\u0131 yemekleri yemekten s\u0131k\u0131l\u0131yor. Hep bal\u0131k, hep sosis, hep ci\u011fer ezmesi&#8230; Sonunda hayalindeki yeme\u011fi bulmak i\u00e7in yola d\u00fc\u015f\u00fcyor.<\/p>\n","protected":false},"featured_media":0,"template":"","meta":{"_monsterinsights_skip_tracking":false,"_monsterinsights_sitenote_active":false,"_monsterinsights_sitenote_note":"","_monsterinsights_sitenote_category":0},"product_brand":[],"product_cat":[12274,12284],"product_tag":[],"class_list":{"0":"post-705009","1":"product","2":"type-product","3":"status-publish","5":"product_cat-cocuk-ve-genclik-kitaplari","6":"product_cat-hikayeler","7":"pa_cilt-ciltsiz","8":"pa_tur-kitap","9":"pa_yayinevi-iletisim-yayinlari","10":"pa_yazar-francesca-simon","12":"first","13":"instock","14":"sale","15":"shipping-taxable","16":"purchasable","17":"product-type-simple"},"_links":{"self":[{"href":"https:\/\/roveyayinevi.com.tr\/index.php\/wp-json\/wp\/v2\/product\/705009","targetHints":{"allow":["GET"]}}],"collection":[{"href":"https:\/\/roveyayinevi.com.tr\/index.php\/wp-json\/wp\/v2\/product"}],"about":[{"href":"https:\/\/roveyayinevi.com.tr\/index.php\/wp-json\/wp\/v2\/types\/product"}],"wp:attachment":[{"href":"https:\/\/roveyayinevi.com.tr\/index.php\/wp-json\/wp\/v2\/media?parent=705009"}],"wp:term":[{"taxonomy":"product_brand","embeddable":true,"href":"https:\/\/roveyayinevi.com.tr\/index.php\/wp-json\/wp\/v2\/product_brand?post=705009"},{"taxonomy":"product_cat","embeddable":true,"href":"https:\/\/roveyayinevi.com.tr\/index.php\/wp-json\/wp\/v2\/product_cat?post=705009"},{"taxonomy":"product_tag","embeddable":true,"href":"https:\/\/roveyayinevi.com.tr\/index.php\/wp-json\/wp\/v2\/product_tag?post=705009"}],"curies":[{"name":"wp","href":"https:\/\/api.w.org\/{rel}","templated":true}]}}