{"id":705008,"date":"2025-08-27T15:41:14","date_gmt":"2025-08-27T12:41:14","guid":{"rendered":"https:\/\/roveyayinevi.com.tr\/index.php\/urun\/ne-olursa-olsun-savasiyorlar\/"},"modified":"2026-04-16T02:13:56","modified_gmt":"2026-04-15T23:13:56","slug":"ne-olursa-olsun-savasiyorlar","status":"publish","type":"product","link":"https:\/\/roveyayinevi.com.tr\/index.php\/urun\/ne-olursa-olsun-savasiyorlar\/","title":{"rendered":"Ne Olursa Olsun Sava\u015f\u0131yorlar"},"content":{"rendered":"<p>Kad\u0131n Sorununun Neresindeyiz? Kad\u0131n sorunu, &#8220;cinsel&#8221; ayr\u0131mc\u0131l\u0131\u011fa dayan\u0131r ve d\u00fcnya \u00e7ap\u0131ndad\u0131r! Kad\u0131n devrimi ise, 19. yy.&#8217;dan beri ya\u015fanmaktad\u0131r. Cumhuriyetin kazan\u0131mlar\u0131yla T\u00fcrkiye de bu devrime kat\u0131lm\u0131\u015ft\u0131r. Server Tanilli bu kitab\u0131nda, kad\u0131n hareketlerinin d\u00fcnyadaki ve T\u00fcrkiye&#8217;deki tarihini anlat\u0131yor&#8230; (Arka Kapak)<\/p>\n","protected":false},"excerpt":{"rendered":"<p>Kad\u0131n Sorununun Neresindeyiz? Kad\u0131n sorunu, &#8220;cinsel&#8221; ayr\u0131mc\u0131l\u0131\u011fa dayan\u0131r ve d\u00fcnya \u00e7ap\u0131ndad\u0131r! Kad\u0131n devrimi ise, 19. yy.&#8217;dan beri ya\u015fanmaktad\u0131r. Cumhuriyetin kazan\u0131mlar\u0131yla T\u00fcrkiye de bu devrime kat\u0131lm\u0131\u015ft\u0131r. Server<span class=\"excerpt-hellip\"> [\u2026]<\/span><\/p>\n","protected":false},"featured_media":0,"template":"","meta":{"_monsterinsights_skip_tracking":false,"_monsterinsights_sitenote_active":false,"_monsterinsights_sitenote_note":"","_monsterinsights_sitenote_category":0},"product_brand":[],"product_cat":[13059,12337],"product_tag":[],"class_list":{"0":"post-705008","1":"product","2":"type-product","3":"status-publish","5":"product_cat-diger-politika-siyaset","6":"product_cat-politika-siyaset","7":"pa_cilt-ciltsiz","8":"pa_tur-kitap","9":"pa_yayinevi-cumhuriyet-kitaplari","10":"pa_yazar-server-tanilli","12":"first","13":"instock","14":"sale","15":"shipping-taxable","16":"purchasable","17":"product-type-simple"},"_links":{"self":[{"href":"https:\/\/roveyayinevi.com.tr\/index.php\/wp-json\/wp\/v2\/product\/705008","targetHints":{"allow":["GET"]}}],"collection":[{"href":"https:\/\/roveyayinevi.com.tr\/index.php\/wp-json\/wp\/v2\/product"}],"about":[{"href":"https:\/\/roveyayinevi.com.tr\/index.php\/wp-json\/wp\/v2\/types\/product"}],"wp:attachment":[{"href":"https:\/\/roveyayinevi.com.tr\/index.php\/wp-json\/wp\/v2\/media?parent=705008"}],"wp:term":[{"taxonomy":"product_brand","embeddable":true,"href":"https:\/\/roveyayinevi.com.tr\/index.php\/wp-json\/wp\/v2\/product_brand?post=705008"},{"taxonomy":"product_cat","embeddable":true,"href":"https:\/\/roveyayinevi.com.tr\/index.php\/wp-json\/wp\/v2\/product_cat?post=705008"},{"taxonomy":"product_tag","embeddable":true,"href":"https:\/\/roveyayinevi.com.tr\/index.php\/wp-json\/wp\/v2\/product_tag?post=705008"}],"curies":[{"name":"wp","href":"https:\/\/api.w.org\/{rel}","templated":true}]}}