{"id":705006,"date":"2025-08-27T15:41:13","date_gmt":"2025-08-27T12:41:13","guid":{"rendered":"https:\/\/roveyayinevi.com.tr\/index.php\/urun\/bayan-kaz-bale-yapiyor\/"},"modified":"2026-04-16T02:13:56","modified_gmt":"2026-04-15T23:13:56","slug":"bayan-kaz-bale-yapiyor","status":"publish","type":"product","link":"https:\/\/roveyayinevi.com.tr\/index.php\/urun\/bayan-kaz-bale-yapiyor\/","title":{"rendered":"Bayan Kaz Bale Yap\u0131yor"},"content":{"rendered":"<p>Bayan Kaz \u00e7ok heyecanl\u0131 \u00e7\u00fcnk\u00fc Kaz G\u00f6l\u00fc Balesi&#8217;nde sahneye \u00e7\u0131k\u0131yor. T\u00fct\u00fcs\u00fc ve pembe ayakkab\u0131lar\u0131yla tiyatroya gitti\u011finde kalabal\u0131k izleyici grubu heyecan\u0131n\u0131 daha da artt\u0131r\u0131yor. \u00dcstelik g\u00f6steriye kat\u0131lanlar\u0131n hepsi \u00e7ok ba\u015far\u0131l\u0131. S\u0131ra ona geldi\u011finde ise olanlar oluyor\u2026 \ufffcTan\u0131t\u0131m Metni<\/p>\n","protected":false},"excerpt":{"rendered":"<p>Bayan Kaz \u00e7ok heyecanl\u0131 \u00e7\u00fcnk\u00fc Kaz G\u00f6l\u00fc Balesi&#8217;nde sahneye \u00e7\u0131k\u0131yor. T\u00fct\u00fcs\u00fc ve pembe ayakkab\u0131lar\u0131yla tiyatroya gitti\u011finde kalabal\u0131k izleyici grubu heyecan\u0131n\u0131 daha da artt\u0131r\u0131yor. \u00dcstelik g\u00f6steriye kat\u0131lanlar\u0131n<span class=\"excerpt-hellip\"> [\u2026]<\/span><\/p>\n","protected":false},"featured_media":0,"template":"","meta":{"_monsterinsights_skip_tracking":false,"_monsterinsights_sitenote_active":false,"_monsterinsights_sitenote_note":"","_monsterinsights_sitenote_category":0},"product_brand":[],"product_cat":[12274,12284],"product_tag":[],"class_list":{"0":"post-705006","1":"product","2":"type-product","3":"status-publish","5":"product_cat-cocuk-ve-genclik-kitaplari","6":"product_cat-hikayeler","7":"pa_cilt-ciltsiz","8":"pa_tur-kitap","9":"pa_yayinevi-can-cocuk-yayinlari","10":"pa_yazar-lucia-salemi","12":"first","13":"instock","14":"sale","15":"shipping-taxable","16":"purchasable","17":"product-type-simple"},"_links":{"self":[{"href":"https:\/\/roveyayinevi.com.tr\/index.php\/wp-json\/wp\/v2\/product\/705006","targetHints":{"allow":["GET"]}}],"collection":[{"href":"https:\/\/roveyayinevi.com.tr\/index.php\/wp-json\/wp\/v2\/product"}],"about":[{"href":"https:\/\/roveyayinevi.com.tr\/index.php\/wp-json\/wp\/v2\/types\/product"}],"wp:attachment":[{"href":"https:\/\/roveyayinevi.com.tr\/index.php\/wp-json\/wp\/v2\/media?parent=705006"}],"wp:term":[{"taxonomy":"product_brand","embeddable":true,"href":"https:\/\/roveyayinevi.com.tr\/index.php\/wp-json\/wp\/v2\/product_brand?post=705006"},{"taxonomy":"product_cat","embeddable":true,"href":"https:\/\/roveyayinevi.com.tr\/index.php\/wp-json\/wp\/v2\/product_cat?post=705006"},{"taxonomy":"product_tag","embeddable":true,"href":"https:\/\/roveyayinevi.com.tr\/index.php\/wp-json\/wp\/v2\/product_tag?post=705006"}],"curies":[{"name":"wp","href":"https:\/\/api.w.org\/{rel}","templated":true}]}}