{"id":705005,"date":"2025-08-27T15:41:13","date_gmt":"2025-08-27T12:41:13","guid":{"rendered":"https:\/\/roveyayinevi.com.tr\/index.php\/urun\/daglara-bin-de-gel\/"},"modified":"2026-04-05T02:16:54","modified_gmt":"2026-04-04T23:16:54","slug":"daglara-bin-de-gel","status":"publish","type":"product","link":"https:\/\/roveyayinevi.com.tr\/index.php\/urun\/daglara-bin-de-gel\/","title":{"rendered":"Da\u011flara Bin De Gel"},"content":{"rendered":"<p>Murat Akyol Beyin bu kitapta bulunan hikayeleri (kitapta 36 hikaye bulunuyor) ba\u015far\u0131l\u0131 metinlerdir. \u00c7\u00fcnk\u00fc olaylar ve ki\u015fileri \u00f6ne \u00e7ekerek hikayelerini olu\u015fturmu\u015ftur. Hikayeler bilindi\u011fi gibi d\u00fczyaz\u0131lard\u0131r. Konular genellikle hayal \u00fcr\u00fcn\u00fcd\u00fcr. Ama ger\u00e7e\u011fe uygun d\u00fc\u015fmelidir. Murat Akyol&#8217;un hikayelerinde olaylar ger\u00e7e\u011fe dayand\u0131r\u0131lmakla birlikte, s\u00fcslenmi\u015f duygu ve hislerin izlerini ta\u015f\u0131r. Olaylar\u0131n ve olaylar\u0131n anlat\u0131l\u0131\u015f\u0131 ki\u015filerin (karakterlerin) d\u00fc\u015f\u00fcnce ve davran\u0131\u015flar\u0131yla ba\u011flant\u0131l\u0131 bir bi\u00e7imde ele al\u0131nmaktad\u0131r. Klasik bir hikayede olmas\u0131 gereken ba\u015flang\u0131\u00e7, geli\u015fme, sonu\u00e7 muhayyel b\u00f6l\u00fcmlerinin belirlenmi\u015f olmas\u0131 Murat Akyol&#8217;u ba\u015far\u0131l\u0131 k\u0131lm\u0131\u015ft\u0131r. Murat Akyol&#8217;da belli bir edebiyat g\u00f6r\u00fc\u015f\u00fcn\u00fc aramak gereksizdir. \u00c7\u00fcnk\u00fc o hikayelerinde; hem romantik, hem realist, hem de nat\u00fcralist \u00e7e\u015fitlilik g\u00f6stermi\u015ftir. Murat Akyol&#8217;un hikayelerinde biraz ironi mevcut, biraz ger\u00e7ek\u00fcst\u00fcl\u00fck. Dedim ya! Asl\u0131nda hikayeci olarak kendini bir g\u00f6r\u00fc\u015f\u00fcn mensubiyeti olmaya hapsetmemi\u015ftir. Ona sadece realist hikayeci, sadece nat\u00fcralist hikayeci diyemeyiz. O b\u00fct\u00fcn g\u00f6r\u00fc\u015flerin hikayecisidir. -Prof. Dr. Hayrettin \u0130vgin- <\/p>\n","protected":false},"excerpt":{"rendered":"<p>Murat Akyol Beyin bu kitapta bulunan hikayeleri (kitapta 36 hikaye bulunuyor) ba\u015far\u0131l\u0131 metinlerdir. \u00c7\u00fcnk\u00fc olaylar ve ki\u015fileri \u00f6ne \u00e7ekerek hikayelerini olu\u015fturmu\u015ftur. Hikayeler bilindi\u011fi gibi d\u00fczyaz\u0131lard\u0131r. Konular<span class=\"excerpt-hellip\"> [\u2026]<\/span><\/p>\n","protected":false},"featured_media":0,"template":"","meta":{"_monsterinsights_skip_tracking":false,"_monsterinsights_sitenote_active":false,"_monsterinsights_sitenote_note":"","_monsterinsights_sitenote_category":0},"product_brand":[],"product_cat":[12291,12711],"product_tag":[],"class_list":{"0":"post-705005","1":"product","2":"type-product","3":"status-publish","5":"product_cat-edebiyat","6":"product_cat-roman-oyku","7":"pa_cilt-ciltsiz","8":"pa_tur-kitap","9":"pa_yayinevi-kultur-ajans-yayinlari","10":"pa_yazar-murat-akyol","12":"first","13":"instock","14":"sale","15":"shipping-taxable","16":"purchasable","17":"product-type-simple"},"_links":{"self":[{"href":"https:\/\/roveyayinevi.com.tr\/index.php\/wp-json\/wp\/v2\/product\/705005","targetHints":{"allow":["GET"]}}],"collection":[{"href":"https:\/\/roveyayinevi.com.tr\/index.php\/wp-json\/wp\/v2\/product"}],"about":[{"href":"https:\/\/roveyayinevi.com.tr\/index.php\/wp-json\/wp\/v2\/types\/product"}],"wp:attachment":[{"href":"https:\/\/roveyayinevi.com.tr\/index.php\/wp-json\/wp\/v2\/media?parent=705005"}],"wp:term":[{"taxonomy":"product_brand","embeddable":true,"href":"https:\/\/roveyayinevi.com.tr\/index.php\/wp-json\/wp\/v2\/product_brand?post=705005"},{"taxonomy":"product_cat","embeddable":true,"href":"https:\/\/roveyayinevi.com.tr\/index.php\/wp-json\/wp\/v2\/product_cat?post=705005"},{"taxonomy":"product_tag","embeddable":true,"href":"https:\/\/roveyayinevi.com.tr\/index.php\/wp-json\/wp\/v2\/product_tag?post=705005"}],"curies":[{"name":"wp","href":"https:\/\/api.w.org\/{rel}","templated":true}]}}