{"id":705003,"date":"2025-08-27T15:41:12","date_gmt":"2025-08-27T12:41:12","guid":{"rendered":"https:\/\/roveyayinevi.com.tr\/index.php\/urun\/kultur-degismeleri\/"},"modified":"2025-10-23T03:47:24","modified_gmt":"2025-10-23T00:47:24","slug":"kultur-degismeleri","status":"publish","type":"product","link":"https:\/\/roveyayinevi.com.tr\/index.php\/urun\/kultur-degismeleri\/","title":{"rendered":"K\u00fclt\u00fcr De\u011fi\u015fmeleri"},"content":{"rendered":"<p>Garp medeniyeti bariz bir teknik, iktisadi siyasi \u00fcst\u00fcnl\u00fck g\u00f6sterinceye kadar Osmanl\u0131 T\u00fcrkleri taraf\u0131ndan lakaydiyle kar\u015f\u0131land\u0131\u011f\u0131, hatta hakir g\u00f6r\u00fcld\u00fc\u011f\u00fc muhakkakt\u0131r. Daha bir as\u0131r \u00f6nceye kadar halk aras\u0131nda bunu m\u00fc\u015fahede etmek m\u00fcmk\u00fcnd\u00fcr. Olduk\u00e7a y\u00fcksek bir tekni\u011fe, askeri ve maddi kuvvete dayanan derin, yayg\u0131n bir \u00fcst\u00fcnl\u00fck hissi her vesile ile kendisini g\u00f6stermektedir. Bundan takriben bir as\u0131r evvel T\u00fcrkiyeyi ziyaret eden bir \u0130ngiliz muharririn yazd\u0131\u011f\u0131na g\u00f6re bir m\u00fcsl\u00fcman T\u00fcrk s\u00fcr\u00fcc\u00fcs\u00fc bile y\u00fck\u00fcn\u00fc ta\u015f\u0131d\u0131\u011f\u0131 Avrupal\u0131 h\u0131ristiyan\u0131n arkas\u0131ndan y\u00fcr\u00fcmek istemezdi; buna zorland\u0131\u011f\u0131 takdirde ya hayvan\u0131n\u0131 durdurur veya iki \u00fc\u00e7 y\u00fcz metreden ancak onu takip eder; yahut ayn\u0131 hedefe g\u00f6t\u00fcren ba\u015fka bir yolu tutard\u0131. Bir Avrupal\u0131ya hizmet etmek kendisine bu derece a\u011f\u0131r gelirdi. \ufffcTan\u0131t\u0131m MetniGarp medeniyeti bariz bir teknik, iktisadi siyasi \u00fcst\u00fcnl\u00fck g\u00f6sterinceye kadar Osmanl\u0131 T\u00fcrkleri taraf\u0131ndan lakaydiyle kar\u015f\u0131land\u0131\u011f\u0131, hatta hakir g\u00f6r\u00fcld\u00fc\u011f\u00fc muhakkakt\u0131r. Daha bir as\u0131r \u00f6nceye kadar halk aras\u0131nda bunu m\u00fc\u015fahede etmek m\u00fcmk\u00fcnd\u00fcr. Olduk\u00e7a y\u00fcksek bir tekni\u011fe, askeri ve maddi kuvvete dayanan derin, yayg\u0131n bir \u00fcst\u00fcnl\u00fck hissi her vesile ile kendisini g\u00f6stermektedir. Bundan takriben bir as\u0131r evvel T\u00fcrkiyeyi ziyaret eden bir \u0130ngiliz muharririn yazd\u0131\u011f\u0131na g\u00f6re bir m\u00fcsl\u00fcman T\u00fcrk s\u00fcr\u00fcc\u00fcs\u00fc bile y\u00fck\u00fcn\u00fc ta\u015f\u0131d\u0131\u011f\u0131 Avrupal\u0131 h\u0131ristiyan\u0131n arkas\u0131ndan y\u00fcr\u00fcmek istemezdi; buna zorland\u0131\u011f\u0131 takdirde ya hayvan\u0131n\u0131 durdurur veya iki \u00fc\u00e7 y\u00fcz metreden ancak onu takip eder; yahut ayn\u0131 hedefe g\u00f6t\u00fcren ba\u015fka bir yolu tutard\u0131. Bir Avrupal\u0131ya hizmet etmek kendisine bu derece a\u011f\u0131r gelirdi.\u0130\u015fte bu nevi ma\u011frur, m\u00fcstakil ve daima \u00fcst\u00fcnl\u00fck telkin eden bir ruhi hava i\u00e7inde yeti\u015fip sonra as\u0131rlarca hakir g\u00f6r\u00fclen bir medeniyet mensuplar\u0131na devaml\u0131 bir \u015fekilde yenilmek, psikoloji bak\u0131m\u0131ndan bir cezrilikten \u00f6tekisine s\u0131\u00e7ramak gibi gayet \u015fiddetli bir aks\u00fclamele sebep olmu\u015ftur.Ruhi atit\u00fcdde vukua gelen bu m\u00fcthi\u015f tahavv\u00fcl, hayran olunan medeniyetten iktibas esnas\u0131nda hi\u00e7bir fark g\u00f6zetilmemesinde, bilhassa iki cemiyet mensuplar\u0131n\u0131 g\u00f6r\u00fcn\u00fc\u015fte birbirinden en \u00e7ok ay\u0131ran k\u00fclt\u00fcr unsurlar\u0131n\u0131n kabul edilip T\u00fcrk k\u00fclt\u00fcr\u00fcn\u00fcn bunlara tekab\u00fcl eden k\u0131s\u0131mlar\u0131n\u0131n terk veya tahrip edilmesinde birinci derecede amil olan tesirlerin her halde ba\u015f\u0131nda gelmektedir. Bu terk veya tahrip edilen unsurlar\u0131n, bir k\u00fclt\u00fcr\u00fcn en l\u00fczumlu ve en kuvvetli k\u0131s\u0131mlar\u0131 olduklar\u0131n\u0131 idda etmek g\u00fc\u00e7 olsa bile bunlar\u0131n en zay\u0131f noktalar olmad\u0131\u011f\u0131 muhakkakt\u0131r.<\/p>\n","protected":false},"excerpt":{"rendered":"<p>Garp medeniyeti bariz bir teknik, iktisadi siyasi \u00fcst\u00fcnl\u00fck g\u00f6sterinceye kadar Osmanl\u0131 T\u00fcrkleri taraf\u0131ndan lakaydiyle kar\u015f\u0131land\u0131\u011f\u0131, hatta hakir g\u00f6r\u00fcld\u00fc\u011f\u00fc muhakkakt\u0131r. Daha bir as\u0131r \u00f6nceye kadar halk aras\u0131nda<span class=\"excerpt-hellip\"> [\u2026]<\/span><\/p>\n","protected":false},"featured_media":0,"template":"","meta":{"_monsterinsights_skip_tracking":false,"_monsterinsights_sitenote_active":false,"_monsterinsights_sitenote_note":"","_monsterinsights_sitenote_category":0},"product_brand":[],"product_cat":[12370,12304],"product_tag":[],"class_list":{"0":"post-705003","1":"product","2":"type-product","3":"status-publish","5":"product_cat-arastirma-inceleme","6":"product_cat-tarih","7":"pa_cilt-ciltsiz","8":"pa_tur-kitap","9":"pa_yayinevi-altinordu-yayinlari","10":"pa_yazar-mumtaz-turhan","12":"first","13":"instock","14":"sale","15":"shipping-taxable","16":"purchasable","17":"product-type-simple"},"_links":{"self":[{"href":"https:\/\/roveyayinevi.com.tr\/index.php\/wp-json\/wp\/v2\/product\/705003","targetHints":{"allow":["GET"]}}],"collection":[{"href":"https:\/\/roveyayinevi.com.tr\/index.php\/wp-json\/wp\/v2\/product"}],"about":[{"href":"https:\/\/roveyayinevi.com.tr\/index.php\/wp-json\/wp\/v2\/types\/product"}],"wp:attachment":[{"href":"https:\/\/roveyayinevi.com.tr\/index.php\/wp-json\/wp\/v2\/media?parent=705003"}],"wp:term":[{"taxonomy":"product_brand","embeddable":true,"href":"https:\/\/roveyayinevi.com.tr\/index.php\/wp-json\/wp\/v2\/product_brand?post=705003"},{"taxonomy":"product_cat","embeddable":true,"href":"https:\/\/roveyayinevi.com.tr\/index.php\/wp-json\/wp\/v2\/product_cat?post=705003"},{"taxonomy":"product_tag","embeddable":true,"href":"https:\/\/roveyayinevi.com.tr\/index.php\/wp-json\/wp\/v2\/product_tag?post=705003"}],"curies":[{"name":"wp","href":"https:\/\/api.w.org\/{rel}","templated":true}]}}