{"id":705002,"date":"2025-08-27T15:41:11","date_gmt":"2025-08-27T12:41:11","guid":{"rendered":"https:\/\/roveyayinevi.com.tr\/index.php\/urun\/anonim-osmanli-kronigi\/"},"modified":"2026-04-08T02:18:32","modified_gmt":"2026-04-07T23:18:32","slug":"anonim-osmanli-kronigi","status":"publish","type":"product","link":"https:\/\/roveyayinevi.com.tr\/index.php\/urun\/anonim-osmanli-kronigi\/","title":{"rendered":"Anonim Osmanl\u0131 Kroni\u011fi"},"content":{"rendered":"<p>Anonim Osmanl\u0131 kronikleri, Sultan 2. Bayezid devrinde (1481-1512) ortaya \u00e7\u0131kan kaynaklard\u0131r. Olaylar\u0131n anlat\u0131m\u0131, Osmanl\u0131 Devleti\u2019nin kurulu\u015fu ile ba\u015flar, de\u011fi\u015fik tarihlerde son bulur. O devrin sade T\u00fcrk\u00e7esi ile yaz\u0131lan bu eserlerin, 15. y\u00fczy\u0131l Osmanl\u0131 toplumunda geni\u015f bir okur kitlesine hitap etti\u011fi anla\u015f\u0131lmaktad\u0131r. <\/p>\n","protected":false},"excerpt":{"rendered":"<p>Anonim Osmanl\u0131 kronikleri, Sultan 2. Bayezid devrinde (1481-1512) ortaya \u00e7\u0131kan kaynaklard\u0131r. Olaylar\u0131n anlat\u0131m\u0131, Osmanl\u0131 Devleti\u2019nin kurulu\u015fu ile ba\u015flar, de\u011fi\u015fik tarihlerde son bulur. O devrin sade T\u00fcrk\u00e7esi<span class=\"excerpt-hellip\"> [\u2026]<\/span><\/p>\n","protected":false},"featured_media":0,"template":"","meta":{"_monsterinsights_skip_tracking":false,"_monsterinsights_sitenote_active":false,"_monsterinsights_sitenote_note":"","_monsterinsights_sitenote_category":0},"product_brand":[],"product_cat":[12370,12304],"product_tag":[],"class_list":{"0":"post-705002","1":"product","2":"type-product","3":"status-publish","5":"product_cat-arastirma-inceleme","6":"product_cat-tarih","7":"pa_tur-kitap","8":"pa_yayinevi-bilge-kultur-sanat","9":"pa_yazar-necdet-ozturk","11":"first","12":"instock","13":"sale","14":"shipping-taxable","15":"purchasable","16":"product-type-simple"},"_links":{"self":[{"href":"https:\/\/roveyayinevi.com.tr\/index.php\/wp-json\/wp\/v2\/product\/705002","targetHints":{"allow":["GET"]}}],"collection":[{"href":"https:\/\/roveyayinevi.com.tr\/index.php\/wp-json\/wp\/v2\/product"}],"about":[{"href":"https:\/\/roveyayinevi.com.tr\/index.php\/wp-json\/wp\/v2\/types\/product"}],"wp:attachment":[{"href":"https:\/\/roveyayinevi.com.tr\/index.php\/wp-json\/wp\/v2\/media?parent=705002"}],"wp:term":[{"taxonomy":"product_brand","embeddable":true,"href":"https:\/\/roveyayinevi.com.tr\/index.php\/wp-json\/wp\/v2\/product_brand?post=705002"},{"taxonomy":"product_cat","embeddable":true,"href":"https:\/\/roveyayinevi.com.tr\/index.php\/wp-json\/wp\/v2\/product_cat?post=705002"},{"taxonomy":"product_tag","embeddable":true,"href":"https:\/\/roveyayinevi.com.tr\/index.php\/wp-json\/wp\/v2\/product_tag?post=705002"}],"curies":[{"name":"wp","href":"https:\/\/api.w.org\/{rel}","templated":true}]}}