{"id":704999,"date":"2025-08-27T15:41:10","date_gmt":"2025-08-27T12:41:10","guid":{"rendered":"https:\/\/roveyayinevi.com.tr\/index.php\/urun\/kan-gunleri-ve-nar-agrisi\/"},"modified":"2026-04-16T02:13:56","modified_gmt":"2026-04-15T23:13:56","slug":"kan-gunleri-ve-nar-agrisi","status":"publish","type":"product","link":"https:\/\/roveyayinevi.com.tr\/index.php\/urun\/kan-gunleri-ve-nar-agrisi\/","title":{"rendered":"Kan G\u00fcnleri ve Nar A\u011fr\u0131s\u0131"},"content":{"rendered":"<p>\u201cYolculuklar\u0131m insana duydu\u011fum sevgiyi merhametle kar\u0131\u015f\u0131k bir bor\u00e7lulu\u011fa d\u00f6n\u00fc\u015ft\u00fcrd\u00fc. Tekerlek seslerine e\u015flik eden bebek a\u011flamalar\u0131, camlardaki TCDD damgalar\u0131 aidiyet duygumu peki\u015ftirdi. Bu \u00fclkede do\u011fmu\u015f olmaktan \u00e7aresiz bir kederle birlikte co\u015fkulu bir sevin\u00e7 de duydum. Mara\u015f\u2019\u0131n pamuk tarlalar\u0131ndaki i\u015f\u00e7i \u00e7ad\u0131rlar\u0131. Kar alt\u0131ndaki Konya Ovas\u0131. Dolunayda \u0131\u015f\u0131ldayan k\u0131ra\u00e7 tepeler. \u00c7ar\u015famba\u2019n\u0131n ortas\u0131ndan ak\u0131p giden Ye\u015fil\u0131rmak. Harran Ovas\u0131\u2019n\u0131n o g\u00f6rkemli, havadan g\u00f6r\u00fcn\u00fcm\u00fc. Mersin\u2019in portakal bah\u00e7eleri, Bolu\u2019nun sonbahar ormanlar\u0131&#8230; B\u00fct\u00fcn g\u00fcndo\u011fumlar\u0131.Limanlar. R\u00fczg\u00e2rda bal\u0131k a\u011flar\u0131. <\/p>\n","protected":false},"excerpt":{"rendered":"<p>\u201cYolculuklar\u0131m insana duydu\u011fum sevgiyi merhametle kar\u0131\u015f\u0131k bir bor\u00e7lulu\u011fa d\u00f6n\u00fc\u015ft\u00fcrd\u00fc. Tekerlek seslerine e\u015flik eden bebek a\u011flamalar\u0131, camlardaki TCDD damgalar\u0131 aidiyet duygumu peki\u015ftirdi. Bu \u00fclkede do\u011fmu\u015f olmaktan \u00e7aresiz<span class=\"excerpt-hellip\"> [\u2026]<\/span><\/p>\n","protected":false},"featured_media":0,"template":"","meta":{"_monsterinsights_skip_tracking":false,"_monsterinsights_sitenote_active":false,"_monsterinsights_sitenote_note":"","_monsterinsights_sitenote_category":0},"product_brand":[],"product_cat":[12777,12291],"product_tag":[],"class_list":{"0":"post-704999","1":"product","2":"type-product","3":"status-publish","5":"product_cat-deneme","6":"product_cat-edebiyat","7":"pa_tur-kitap","8":"pa_yayinevi-kirmizi-kedi-yayinevi","9":"pa_yazar-inci-aral","11":"first","12":"instock","13":"sale","14":"shipping-taxable","15":"purchasable","16":"product-type-simple"},"_links":{"self":[{"href":"https:\/\/roveyayinevi.com.tr\/index.php\/wp-json\/wp\/v2\/product\/704999","targetHints":{"allow":["GET"]}}],"collection":[{"href":"https:\/\/roveyayinevi.com.tr\/index.php\/wp-json\/wp\/v2\/product"}],"about":[{"href":"https:\/\/roveyayinevi.com.tr\/index.php\/wp-json\/wp\/v2\/types\/product"}],"wp:attachment":[{"href":"https:\/\/roveyayinevi.com.tr\/index.php\/wp-json\/wp\/v2\/media?parent=704999"}],"wp:term":[{"taxonomy":"product_brand","embeddable":true,"href":"https:\/\/roveyayinevi.com.tr\/index.php\/wp-json\/wp\/v2\/product_brand?post=704999"},{"taxonomy":"product_cat","embeddable":true,"href":"https:\/\/roveyayinevi.com.tr\/index.php\/wp-json\/wp\/v2\/product_cat?post=704999"},{"taxonomy":"product_tag","embeddable":true,"href":"https:\/\/roveyayinevi.com.tr\/index.php\/wp-json\/wp\/v2\/product_tag?post=704999"}],"curies":[{"name":"wp","href":"https:\/\/api.w.org\/{rel}","templated":true}]}}