{"id":704998,"date":"2025-08-27T15:41:10","date_gmt":"2025-08-27T12:41:10","guid":{"rendered":"https:\/\/roveyayinevi.com.tr\/index.php\/urun\/modernizmin-seruveni\/"},"modified":"2026-04-16T02:13:56","modified_gmt":"2026-04-15T23:13:56","slug":"modernizmin-seruveni","status":"publish","type":"product","link":"https:\/\/roveyayinevi.com.tr\/index.php\/urun\/modernizmin-seruveni\/","title":{"rendered":"Modernizmin Ser\u00fcveni"},"content":{"rendered":"<p>Rimbaud&#8217;nun &#8220;mutlaka modern olunmal\u0131&#8221; slogan\u0131yla, Meschonnic&#8217;in &#8220;modernizm iyile\u015filmesi gereken bir hastal\u0131kt\u0131r&#8221; saptamas\u0131 aras\u0131na giren 150 y\u0131l i\u00e7inde yery\u00fcz\u00fc k\u00fclt\u00fcr\u00fc, Bat\u0131dan Do\u011fuya, Kuzeyden G\u00fcneye modernist bak\u0131\u015f\u0131n egemenli\u011fi alt\u0131nda ya\u015fad\u0131.Enis Batur, temel bir ba\u015fvuru se\u00e7kisi, bir e\u011fitim arac\u0131 olarak tasarlad\u0131\u011f\u0131 Modernizmin Ser\u00fcveni&#8217;nde, konunun farkl\u0131 teorik cephelerine \u0131\u015f\u0131k tutan ana metinleri bir araya getirdi. Yaln\u0131zca sanat ve edebiyat\u0131n s\u0131n\u0131rlad\u0131\u011f\u0131 bir toplam de\u011fil buradaki: Felsefeden mimariye, geni\u015f bir yelpazede bir \u00e7a\u011f\u0131n de\u011ferlerini, ta\u015fk\u0131nl\u0131klar\u0131n\u0131, \u00fctopyalar\u0131n\u0131 g\u00f6steren bir kaynak-kitap.<\/p>\n","protected":false},"excerpt":{"rendered":"<p>Rimbaud&#8217;nun &#8220;mutlaka modern olunmal\u0131&#8221; slogan\u0131yla, Meschonnic&#8217;in &#8220;modernizm iyile\u015filmesi gereken bir hastal\u0131kt\u0131r&#8221; saptamas\u0131 aras\u0131na giren 150 y\u0131l i\u00e7inde yery\u00fcz\u00fc k\u00fclt\u00fcr\u00fc, Bat\u0131dan Do\u011fuya, Kuzeyden G\u00fcneye modernist bak\u0131\u015f\u0131n egemenli\u011fi<span class=\"excerpt-hellip\"> [\u2026]<\/span><\/p>\n","protected":false},"featured_media":0,"template":"","meta":{"_monsterinsights_skip_tracking":false,"_monsterinsights_sitenote_active":false,"_monsterinsights_sitenote_note":"","_monsterinsights_sitenote_category":0},"product_brand":[],"product_cat":[12408],"product_tag":[],"class_list":{"0":"post-704998","1":"product","2":"type-product","3":"status-publish","5":"product_cat-sanat","6":"pa_cilt-ciltsiz","7":"pa_tur-kitap","8":"pa_yayinevi-sel-yayincilik","9":"pa_yazar-kolektif","11":"first","12":"instock","13":"sale","14":"shipping-taxable","15":"purchasable","16":"product-type-simple"},"_links":{"self":[{"href":"https:\/\/roveyayinevi.com.tr\/index.php\/wp-json\/wp\/v2\/product\/704998","targetHints":{"allow":["GET"]}}],"collection":[{"href":"https:\/\/roveyayinevi.com.tr\/index.php\/wp-json\/wp\/v2\/product"}],"about":[{"href":"https:\/\/roveyayinevi.com.tr\/index.php\/wp-json\/wp\/v2\/types\/product"}],"wp:attachment":[{"href":"https:\/\/roveyayinevi.com.tr\/index.php\/wp-json\/wp\/v2\/media?parent=704998"}],"wp:term":[{"taxonomy":"product_brand","embeddable":true,"href":"https:\/\/roveyayinevi.com.tr\/index.php\/wp-json\/wp\/v2\/product_brand?post=704998"},{"taxonomy":"product_cat","embeddable":true,"href":"https:\/\/roveyayinevi.com.tr\/index.php\/wp-json\/wp\/v2\/product_cat?post=704998"},{"taxonomy":"product_tag","embeddable":true,"href":"https:\/\/roveyayinevi.com.tr\/index.php\/wp-json\/wp\/v2\/product_tag?post=704998"}],"curies":[{"name":"wp","href":"https:\/\/api.w.org\/{rel}","templated":true}]}}