{"id":704996,"date":"2025-08-27T15:41:09","date_gmt":"2025-08-27T12:41:09","guid":{"rendered":"https:\/\/roveyayinevi.com.tr\/index.php\/urun\/gok-aradik-tuglara\/"},"modified":"2026-04-16T02:13:56","modified_gmt":"2026-04-15T23:13:56","slug":"gok-aradik-tuglara","status":"publish","type":"product","link":"https:\/\/roveyayinevi.com.tr\/index.php\/urun\/gok-aradik-tuglara\/","title":{"rendered":"G\u00f6k Arad\u0131k Tu\u011flara"},"content":{"rendered":"<p>G\u00f6k arad\u0131k tu\u011flara, \/T\u00fcrk&#8217;\u00fc yazd\u0131k \u00e7a\u011flara, A\u015fk at\u0131n\u0131 da\u011flara, \/Y\u0131ld\u0131r\u0131m&#8217;ca s\u00fcrd\u00fck ya! \u00dc\u00e7 ettik ay\u0131m\u0131z\u0131, \/\u00c7ok ettik say\u0131m\u0131z\u0131, Asya&#8217;dan yay\u0131m\u0131z\u0131, \/Bismillah\u2019la gerdik ya! G\u00fcne\u015f ard\u0131nca gittik, \/T\u00fcrk ad\u0131n\u0131 dirilttik, G\u00fcn oldu da\u011f erittik, \/Demire can verdik ya! *** \u201cBu g\u00fcne kadar, bir tak\u0131m \u015fiirleri -farkl\u0131 zamanlarda- k\u0131rk defa okudu\u011fum \u00e7ok olmu\u015ftur. Ama bir \u015fiir kitab\u0131n\u0131n b\u00fct\u00fcn \u015fiirlerini, (hem de eksilmeyen, aksine \u00e7o\u011falan bir zevkle) arka arkaya \u00fc\u00e7 defa okudu\u011fumu bilmelisiniz. Mehmet Ali Kalkan\u2019\u0131n G\u00f6k Arad\u0131k Tu\u011flara isimli yeni \u015fiir kitab\u0131ndan bahsediyorum.\u201d Yavuz B\u00fclent Bakiler *** \u201cE\u015fyan\u0131n maddi de\u011ferleri milletin metafizi\u011fini art\u0131r\u0131r; milletin metafizi\u011fi de maddi de\u011ferlerini ayn\u0131 y\u00f6nde fi\u015fekler; yani birbirlerini tetikleyerek ikisi at ba\u015f\u0131 gider. Mehmet Ali Kalkan\u2019\u0131n \u015fiirinde bunlar\u0131n hepsi var. Yazd\u0131klar\u0131, sanatkarca, son derece \u00f6zenilmi\u015f, emek verilmi\u015f, derin bir k\u00fclt\u00fcr\u00fcn \u00fcr\u00fcn\u00fc.\u201d Mehmed Niyazi *** \u201cMehmet Ali Kalkan, bug\u00fcn say\u0131lar\u0131 bir elin parmaklar\u0131 kadar kalm\u0131\u015f ger\u00e7ek \u015fairlerimizden biridir. O Yesi&#8217;de, Rey&#8217;de, Viyana ve Yemen&#8217;de ve illa Anadolu&#8217;da ya\u015far, ya\u015fad\u0131klar\u0131n\u0131 bize seslendirir.\u201d Emine I\u015f\u0131nsu *** \u201cMehmet Ali Kalkan, \u015fiirleri g\u00f6zlerime ya\u015f getiren kalemlerden biri. Arif Nihat Asya ile Yetik Ozan aras\u0131nda bir yerlerden kopup gelmi\u015f bir Horasan ereni.\u201d \u0130skender \u00d6ks\u00fcz <\/p>\n","protected":false},"excerpt":{"rendered":"<p>G\u00f6k arad\u0131k tu\u011flara, \/T\u00fcrk&#8217;\u00fc yazd\u0131k \u00e7a\u011flara, A\u015fk at\u0131n\u0131 da\u011flara, \/Y\u0131ld\u0131r\u0131m&#8217;ca s\u00fcrd\u00fck ya! \u00dc\u00e7 ettik ay\u0131m\u0131z\u0131, \/\u00c7ok ettik say\u0131m\u0131z\u0131, Asya&#8217;dan yay\u0131m\u0131z\u0131, \/Bismillah\u2019la gerdik ya! G\u00fcne\u015f ard\u0131nca gittik,<span class=\"excerpt-hellip\"> [\u2026]<\/span><\/p>\n","protected":false},"featured_media":0,"template":"","meta":{"_monsterinsights_skip_tracking":false,"_monsterinsights_sitenote_active":false,"_monsterinsights_sitenote_note":"","_monsterinsights_sitenote_category":0},"product_brand":[],"product_cat":[12364],"product_tag":[],"class_list":{"0":"post-704996","1":"product","2":"type-product","3":"status-publish","5":"product_cat-genel-konular","6":"pa_tur-kitap","7":"pa_yayinevi-otuken-nesriyat","8":"pa_yazar-mehmet-ali-kalkan","10":"first","11":"instock","12":"sale","13":"shipping-taxable","14":"purchasable","15":"product-type-simple"},"_links":{"self":[{"href":"https:\/\/roveyayinevi.com.tr\/index.php\/wp-json\/wp\/v2\/product\/704996","targetHints":{"allow":["GET"]}}],"collection":[{"href":"https:\/\/roveyayinevi.com.tr\/index.php\/wp-json\/wp\/v2\/product"}],"about":[{"href":"https:\/\/roveyayinevi.com.tr\/index.php\/wp-json\/wp\/v2\/types\/product"}],"wp:attachment":[{"href":"https:\/\/roveyayinevi.com.tr\/index.php\/wp-json\/wp\/v2\/media?parent=704996"}],"wp:term":[{"taxonomy":"product_brand","embeddable":true,"href":"https:\/\/roveyayinevi.com.tr\/index.php\/wp-json\/wp\/v2\/product_brand?post=704996"},{"taxonomy":"product_cat","embeddable":true,"href":"https:\/\/roveyayinevi.com.tr\/index.php\/wp-json\/wp\/v2\/product_cat?post=704996"},{"taxonomy":"product_tag","embeddable":true,"href":"https:\/\/roveyayinevi.com.tr\/index.php\/wp-json\/wp\/v2\/product_tag?post=704996"}],"curies":[{"name":"wp","href":"https:\/\/api.w.org\/{rel}","templated":true}]}}